{"id":8286,"date":"2025-01-27T16:30:20","date_gmt":"2025-01-27T15:30:20","guid":{"rendered":"https:\/\/www.pickchickbymec.com\/?post_type=product&#038;p=8286"},"modified":"2026-03-03T22:57:38","modified_gmt":"2026-03-03T21:57:38","slug":"fanzine-que-es-ese-pollo-guia-de-aves-rapaces-espanolas-copia","status":"publish","type":"product","link":"https:\/\/www.pickchickbymec.com\/en\/product\/fanzine-que-es-ese-pollo-guia-de-aves-rapaces-espanolas-copia\/","title":{"rendered":"Fanzine \u00bfQu\u00e9 es ese pollo? Gu\u00eda de aves rapaces espa\u00f1olas"},"content":{"rendered":"<p>Este fanzine es una gu\u00eda de aves rapaces comunes de zonas monta\u00f1osas de la pen\u00ednsula ib\u00e9rica. Este es el tercer tomo de la colecci\u00f3n<em> \u00bfQu\u00e9 es ese pollo?<\/em> (n\u00fameros previos: urbanas y acu\u00e1ticas). Este fanzine est\u00e1 dedicado a \u00e1guilas. b\u00fahos, halcones, buitres y otros p\u00e1jaros depredadores de nuestro territorio. En el mismo formato que los anteriores, e igualmente lleno de pajaritos bonitos, esta gu\u00eda nos ayudar\u00e1 a identificar algunas de las especies m\u00e1s comunes que habitan en nuestro territorio. Contiene 18 p\u00e1jaros distintas con su nombre com\u00fan en castellano, ingl\u00e9s y cient\u00edfico. Las\u00a0 ilustraciones son de aspecto adorable y redondito, se inspiran en el estilo kawaii pero sin dejar de ser reconocibles. Tanto si ya eres un amante de la ornitolog\u00eda como si quieres iniciarte en ella y conocer mejor la fauna que te rodea, este librito es perfecto para ti.<\/p>\n<p>Su peque\u00f1o tama\u00f1o hace que sea f\u00e1cil de llevar encima a cualquier lado, por lo que como gu\u00eda port\u00e1til funciona genial.<\/p>\n<p><strong>Fanzine \u00bfQu\u00e9 es ese pollo? Gu\u00eda de aves rapaces espa\u00f1olas. Especificaciones:<\/strong><\/p>\n<ul>\n<li>Papel 100 gr.<\/li>\n<li>Medidas 10,5 x 7 cm<\/li>\n<li>Impreso a todo color<\/li>\n<li>22 p\u00e1ginas<\/li>\n<li>Encuadernado en grapa<\/li>\n<\/ul>\n<p><span style=\"font-weight: 400;\">Este producto se env\u00eda por correo certificado con n\u00famero de seguimiento.<\/span><\/p>\n<p><span style=\"font-weight: 400;\">Echa un vistazo al resto de <a href=\"https:\/\/www.pickchickbymec.com\/en\/product-tag\/pajaros\/\">productos de pajaritos<\/a> que hay en mi tienda y combina varias cositas en tu compra para ahorrar en los gastos de env\u00edo.<\/span><\/p>\n<p><span style=\"font-weight: 400;\">\u00a0Si quieres enterarte de todas las novedades y ver fotos del proceso de los nuevos productos s\u00edgueme en <a href=\"https:\/\/twitter.com\/pickchickbymec\">Twitter<\/a> e <a href=\"https:\/\/www.instagram.com\/pickchickbymec\/\">Instagram<\/a>.<\/span><\/p>","protected":false},"excerpt":{"rendered":"<p>\u00bfQu\u00e9 es ese pollo? Fanzine gu\u00eda de aves rapaces de la pen\u00ednsula ib\u00e9rica.<\/p>","protected":false},"featured_media":9031,"comment_status":"open","ping_status":"closed","template":"","meta":{"_monsterinsights_skip_tracking":false,"_monsterinsights_sitenote_active":false,"_monsterinsights_sitenote_note":"","_monsterinsights_sitenote_category":0},"product_brand":[],"product_cat":[302],"product_tag":[374,356,397],"class_list":{"0":"post-8286","1":"product","2":"type-product","3":"status-publish","4":"has-post-thumbnail","6":"product_cat-fanzine","7":"product_tag-fanzine","8":"product_tag-ilustracion","9":"product_tag-pajaros","10":"product_shipping_class-b-certificado-ligero","12":"first","13":"instock","14":"taxable","15":"shipping-taxable","16":"purchasable","17":"product-type-simple"},"yoast_head":"<!-- This site is optimized with the Yoast SEO plugin v27.4 - https:\/\/yoast.com\/product\/yoast-seo-wordpress\/ -->\n<title>\u00bfQu\u00e9 es ese pollo? Gu\u00eda de aves rapaces | Pick\u00b7Chick by Mec<\/title>\n<meta name=\"description\" content=\"Este peque\u00f1o fanzine es una gu\u00eda para reconocer algunas de las aves rapaces y carro\u00f1eras m\u00e1s comunes de la pen\u00ednsula ib\u00e9rica, incluye 18 especies.\" \/>\n<meta name=\"robots\" content=\"index, follow, max-snippet:-1, max-image-preview:large, max-video-preview:-1\" \/>\n<link rel=\"canonical\" href=\"https:\/\/www.pickchickbymec.com\/en\/product\/fanzine-que-es-ese-pollo-guia-de-aves-rapaces-espanolas-copia\/\" \/>\n<meta property=\"og:locale\" content=\"en_GB\" \/>\n<meta property=\"og:type\" content=\"article\" \/>\n<meta property=\"og:title\" content=\"\u00bfQu\u00e9 es ese pollo? Gu\u00eda de aves rapaces | Pick\u00b7Chick by Mec\" \/>\n<meta property=\"og:description\" content=\"Este peque\u00f1o fanzine es una gu\u00eda para reconocer algunas de las aves rapaces y carro\u00f1eras m\u00e1s comunes de la pen\u00ednsula ib\u00e9rica, incluye 18 especies.\" \/>\n<meta property=\"og:url\" content=\"https:\/\/www.pickchickbymec.com\/en\/product\/fanzine-que-es-ese-pollo-guia-de-aves-rapaces-espanolas-copia\/\" \/>\n<meta property=\"og:site_name\" content=\"Pick\u00b7Chick by Mec\" \/>\n<meta property=\"article:modified_time\" content=\"2026-03-03T21:57:38+00:00\" \/>\n<meta property=\"og:image\" content=\"https:\/\/www.pickchickbymec.com\/wp-content\/uploads\/2025\/01\/qeep-rapaces-2.jpg\" \/>\n\t<meta property=\"og:image:width\" content=\"1000\" \/>\n\t<meta property=\"og:image:height\" content=\"667\" \/>\n\t<meta property=\"og:image:type\" content=\"image\/jpeg\" \/>\n<meta name=\"twitter:card\" content=\"summary_large_image\" \/>\n<meta name=\"twitter:label1\" content=\"Estimated reading time\" \/>\n\t<meta name=\"twitter:data1\" content=\"2 minutes\" \/>\n<script type=\"application\/ld+json\" class=\"yoast-schema-graph\">{\"@context\":\"https:\\\/\\\/schema.org\",\"@graph\":[{\"@type\":\"WebPage\",\"@id\":\"https:\\\/\\\/www.pickchickbymec.com\\\/producto\\\/fanzine-que-es-ese-pollo-guia-de-aves-rapaces-espanolas-copia\\\/\",\"url\":\"https:\\\/\\\/www.pickchickbymec.com\\\/producto\\\/fanzine-que-es-ese-pollo-guia-de-aves-rapaces-espanolas-copia\\\/\",\"name\":\"\u00bfQu\u00e9 es ese pollo? Gu\u00eda de aves rapaces | Pick\u00b7Chick by Mec\",\"isPartOf\":{\"@id\":\"https:\\\/\\\/www.pickchickbymec.com\\\/#website\"},\"primaryImageOfPage\":{\"@id\":\"https:\\\/\\\/www.pickchickbymec.com\\\/producto\\\/fanzine-que-es-ese-pollo-guia-de-aves-rapaces-espanolas-copia\\\/#primaryimage\"},\"image\":{\"@id\":\"https:\\\/\\\/www.pickchickbymec.com\\\/producto\\\/fanzine-que-es-ese-pollo-guia-de-aves-rapaces-espanolas-copia\\\/#primaryimage\"},\"thumbnailUrl\":\"https:\\\/\\\/www.pickchickbymec.com\\\/wp-content\\\/uploads\\\/2025\\\/01\\\/qeep-rapaces-2.jpg\",\"datePublished\":\"2025-01-27T15:30:20+00:00\",\"dateModified\":\"2026-03-03T21:57:38+00:00\",\"description\":\"Este peque\u00f1o fanzine es una gu\u00eda para reconocer algunas de las aves rapaces y carro\u00f1eras m\u00e1s comunes de la pen\u00ednsula ib\u00e9rica, incluye 18 especies.\",\"breadcrumb\":{\"@id\":\"https:\\\/\\\/www.pickchickbymec.com\\\/producto\\\/fanzine-que-es-ese-pollo-guia-de-aves-rapaces-espanolas-copia\\\/#breadcrumb\"},\"inLanguage\":\"en-GB\",\"potentialAction\":[{\"@type\":\"ReadAction\",\"target\":[\"https:\\\/\\\/www.pickchickbymec.com\\\/producto\\\/fanzine-que-es-ese-pollo-guia-de-aves-rapaces-espanolas-copia\\\/\"]}]},{\"@type\":\"ImageObject\",\"inLanguage\":\"en-GB\",\"@id\":\"https:\\\/\\\/www.pickchickbymec.com\\\/producto\\\/fanzine-que-es-ese-pollo-guia-de-aves-rapaces-espanolas-copia\\\/#primaryimage\",\"url\":\"https:\\\/\\\/www.pickchickbymec.com\\\/wp-content\\\/uploads\\\/2025\\\/01\\\/qeep-rapaces-2.jpg\",\"contentUrl\":\"https:\\\/\\\/www.pickchickbymec.com\\\/wp-content\\\/uploads\\\/2025\\\/01\\\/qeep-rapaces-2.jpg\",\"width\":1000,\"height\":667,\"caption\":\"guia de aves rapaces de espa\u00f1a\"},{\"@type\":\"BreadcrumbList\",\"@id\":\"https:\\\/\\\/www.pickchickbymec.com\\\/producto\\\/fanzine-que-es-ese-pollo-guia-de-aves-rapaces-espanolas-copia\\\/#breadcrumb\",\"itemListElement\":[{\"@type\":\"ListItem\",\"position\":1,\"name\":\"Portada\",\"item\":\"https:\\\/\\\/www.pickchickbymec.com\\\/\"},{\"@type\":\"ListItem\",\"position\":2,\"name\":\"Tienda\",\"item\":\"https:\\\/\\\/www.pickchickbymec.com\\\/tienda\\\/\"},{\"@type\":\"ListItem\",\"position\":3,\"name\":\"Fanzine \u00bfQu\u00e9 es ese pollo? Gu\u00eda de aves rapaces espa\u00f1olas\"}]},{\"@type\":\"WebSite\",\"@id\":\"https:\\\/\\\/www.pickchickbymec.com\\\/#website\",\"url\":\"https:\\\/\\\/www.pickchickbymec.com\\\/\",\"name\":\"Pick\u00b7Chick by Mec\",\"description\":\"kawaii illustrator and artisan\",\"publisher\":{\"@id\":\"https:\\\/\\\/www.pickchickbymec.com\\\/#\\\/schema\\\/person\\\/189a1cea9c7f6704595062aabbbb38fe\"},\"potentialAction\":[{\"@type\":\"SearchAction\",\"target\":{\"@type\":\"EntryPoint\",\"urlTemplate\":\"https:\\\/\\\/www.pickchickbymec.com\\\/?s={search_term_string}\"},\"query-input\":{\"@type\":\"PropertyValueSpecification\",\"valueRequired\":true,\"valueName\":\"search_term_string\"}}],\"inLanguage\":\"en-GB\"},{\"@type\":[\"Person\",\"Organization\"],\"@id\":\"https:\\\/\\\/www.pickchickbymec.com\\\/#\\\/schema\\\/person\\\/189a1cea9c7f6704595062aabbbb38fe\",\"name\":\"pickchickbymec\",\"image\":{\"@type\":\"ImageObject\",\"inLanguage\":\"en-GB\",\"@id\":\"https:\\\/\\\/secure.gravatar.com\\\/avatar\\\/0c13b11690ce1ad38e031b40cac436947d766b2585e3e81250e6cf60b0a3b61f?s=96&d=mm&r=g\",\"url\":\"https:\\\/\\\/secure.gravatar.com\\\/avatar\\\/0c13b11690ce1ad38e031b40cac436947d766b2585e3e81250e6cf60b0a3b61f?s=96&d=mm&r=g\",\"contentUrl\":\"https:\\\/\\\/secure.gravatar.com\\\/avatar\\\/0c13b11690ce1ad38e031b40cac436947d766b2585e3e81250e6cf60b0a3b61f?s=96&d=mm&r=g\",\"caption\":\"pickchickbymec\"},\"logo\":{\"@id\":\"https:\\\/\\\/secure.gravatar.com\\\/avatar\\\/0c13b11690ce1ad38e031b40cac436947d766b2585e3e81250e6cf60b0a3b61f?s=96&d=mm&r=g\"}}]}<\/script>\n<!-- \/ Yoast SEO plugin. -->","yoast_head_json":{"title":"\u00bfQu\u00e9 es ese pollo? Gu\u00eda de aves rapaces | Pick\u00b7Chick by Mec","description":"Este peque\u00f1o fanzine es una gu\u00eda para reconocer algunas de las aves rapaces y carro\u00f1eras m\u00e1s comunes de la pen\u00ednsula ib\u00e9rica, incluye 18 especies.","robots":{"index":"index","follow":"follow","max-snippet":"max-snippet:-1","max-image-preview":"max-image-preview:large","max-video-preview":"max-video-preview:-1"},"canonical":"https:\/\/www.pickchickbymec.com\/en\/product\/fanzine-que-es-ese-pollo-guia-de-aves-rapaces-espanolas-copia\/","og_locale":"en_GB","og_type":"article","og_title":"\u00bfQu\u00e9 es ese pollo? Gu\u00eda de aves rapaces | Pick\u00b7Chick by Mec","og_description":"Este peque\u00f1o fanzine es una gu\u00eda para reconocer algunas de las aves rapaces y carro\u00f1eras m\u00e1s comunes de la pen\u00ednsula ib\u00e9rica, incluye 18 especies.","og_url":"https:\/\/www.pickchickbymec.com\/en\/product\/fanzine-que-es-ese-pollo-guia-de-aves-rapaces-espanolas-copia\/","og_site_name":"Pick\u00b7Chick by Mec","article_modified_time":"2026-03-03T21:57:38+00:00","og_image":[{"width":1000,"height":667,"url":"https:\/\/www.pickchickbymec.com\/wp-content\/uploads\/2025\/01\/qeep-rapaces-2.jpg","type":"image\/jpeg"}],"twitter_card":"summary_large_image","twitter_misc":{"Estimated reading time":"2 minutes"},"schema":{"@context":"https:\/\/schema.org","@graph":[{"@type":"WebPage","@id":"https:\/\/www.pickchickbymec.com\/producto\/fanzine-que-es-ese-pollo-guia-de-aves-rapaces-espanolas-copia\/","url":"https:\/\/www.pickchickbymec.com\/producto\/fanzine-que-es-ese-pollo-guia-de-aves-rapaces-espanolas-copia\/","name":"\u00bfQu\u00e9 es ese pollo? Gu\u00eda de aves rapaces | Pick\u00b7Chick by Mec","isPartOf":{"@id":"https:\/\/www.pickchickbymec.com\/#website"},"primaryImageOfPage":{"@id":"https:\/\/www.pickchickbymec.com\/producto\/fanzine-que-es-ese-pollo-guia-de-aves-rapaces-espanolas-copia\/#primaryimage"},"image":{"@id":"https:\/\/www.pickchickbymec.com\/producto\/fanzine-que-es-ese-pollo-guia-de-aves-rapaces-espanolas-copia\/#primaryimage"},"thumbnailUrl":"https:\/\/www.pickchickbymec.com\/wp-content\/uploads\/2025\/01\/qeep-rapaces-2.jpg","datePublished":"2025-01-27T15:30:20+00:00","dateModified":"2026-03-03T21:57:38+00:00","description":"Este peque\u00f1o fanzine es una gu\u00eda para reconocer algunas de las aves rapaces y carro\u00f1eras m\u00e1s comunes de la pen\u00ednsula ib\u00e9rica, incluye 18 especies.","breadcrumb":{"@id":"https:\/\/www.pickchickbymec.com\/producto\/fanzine-que-es-ese-pollo-guia-de-aves-rapaces-espanolas-copia\/#breadcrumb"},"inLanguage":"en-GB","potentialAction":[{"@type":"ReadAction","target":["https:\/\/www.pickchickbymec.com\/producto\/fanzine-que-es-ese-pollo-guia-de-aves-rapaces-espanolas-copia\/"]}]},{"@type":"ImageObject","inLanguage":"en-GB","@id":"https:\/\/www.pickchickbymec.com\/producto\/fanzine-que-es-ese-pollo-guia-de-aves-rapaces-espanolas-copia\/#primaryimage","url":"https:\/\/www.pickchickbymec.com\/wp-content\/uploads\/2025\/01\/qeep-rapaces-2.jpg","contentUrl":"https:\/\/www.pickchickbymec.com\/wp-content\/uploads\/2025\/01\/qeep-rapaces-2.jpg","width":1000,"height":667,"caption":"guia de aves rapaces de espa\u00f1a"},{"@type":"BreadcrumbList","@id":"https:\/\/www.pickchickbymec.com\/producto\/fanzine-que-es-ese-pollo-guia-de-aves-rapaces-espanolas-copia\/#breadcrumb","itemListElement":[{"@type":"ListItem","position":1,"name":"Portada","item":"https:\/\/www.pickchickbymec.com\/"},{"@type":"ListItem","position":2,"name":"Tienda","item":"https:\/\/www.pickchickbymec.com\/tienda\/"},{"@type":"ListItem","position":3,"name":"Fanzine \u00bfQu\u00e9 es ese pollo? Gu\u00eda de aves rapaces espa\u00f1olas"}]},{"@type":"WebSite","@id":"https:\/\/www.pickchickbymec.com\/#website","url":"https:\/\/www.pickchickbymec.com\/","name":"Pick-Chick by Mec","description":"kawaii illustrator and artisan","publisher":{"@id":"https:\/\/www.pickchickbymec.com\/#\/schema\/person\/189a1cea9c7f6704595062aabbbb38fe"},"potentialAction":[{"@type":"SearchAction","target":{"@type":"EntryPoint","urlTemplate":"https:\/\/www.pickchickbymec.com\/?s={search_term_string}"},"query-input":{"@type":"PropertyValueSpecification","valueRequired":true,"valueName":"search_term_string"}}],"inLanguage":"en-GB"},{"@type":["Person","Organization"],"@id":"https:\/\/www.pickchickbymec.com\/#\/schema\/person\/189a1cea9c7f6704595062aabbbb38fe","name":"pickchickbymec","image":{"@type":"ImageObject","inLanguage":"en-GB","@id":"https:\/\/secure.gravatar.com\/avatar\/0c13b11690ce1ad38e031b40cac436947d766b2585e3e81250e6cf60b0a3b61f?s=96&d=mm&r=g","url":"https:\/\/secure.gravatar.com\/avatar\/0c13b11690ce1ad38e031b40cac436947d766b2585e3e81250e6cf60b0a3b61f?s=96&d=mm&r=g","contentUrl":"https:\/\/secure.gravatar.com\/avatar\/0c13b11690ce1ad38e031b40cac436947d766b2585e3e81250e6cf60b0a3b61f?s=96&d=mm&r=g","caption":"pickchickbymec"},"logo":{"@id":"https:\/\/secure.gravatar.com\/avatar\/0c13b11690ce1ad38e031b40cac436947d766b2585e3e81250e6cf60b0a3b61f?s=96&d=mm&r=g"}}]}},"jetpack-related-posts":[],"jetpack_sharing_enabled":true,"_links":{"self":[{"href":"https:\/\/www.pickchickbymec.com\/en\/wp-json\/wp\/v2\/product\/8286","targetHints":{"allow":["GET"]}}],"collection":[{"href":"https:\/\/www.pickchickbymec.com\/en\/wp-json\/wp\/v2\/product"}],"about":[{"href":"https:\/\/www.pickchickbymec.com\/en\/wp-json\/wp\/v2\/types\/product"}],"replies":[{"embeddable":true,"href":"https:\/\/www.pickchickbymec.com\/en\/wp-json\/wp\/v2\/comments?post=8286"}],"wp:featuredmedia":[{"embeddable":true,"href":"https:\/\/www.pickchickbymec.com\/en\/wp-json\/wp\/v2\/media\/9031"}],"wp:attachment":[{"href":"https:\/\/www.pickchickbymec.com\/en\/wp-json\/wp\/v2\/media?parent=8286"}],"wp:term":[{"taxonomy":"product_brand","embeddable":true,"href":"https:\/\/www.pickchickbymec.com\/en\/wp-json\/wp\/v2\/product_brand?post=8286"},{"taxonomy":"product_cat","embeddable":true,"href":"https:\/\/www.pickchickbymec.com\/en\/wp-json\/wp\/v2\/product_cat?post=8286"},{"taxonomy":"product_tag","embeddable":true,"href":"https:\/\/www.pickchickbymec.com\/en\/wp-json\/wp\/v2\/product_tag?post=8286"}],"curies":[{"name":"wp","href":"https:\/\/api.w.org\/{rel}","templated":true}]}}