{"id":8432,"date":"2025-04-09T11:13:50","date_gmt":"2025-04-09T09:13:50","guid":{"rendered":"https:\/\/www.pickchickbymec.com\/?post_type=product&#038;p=8432"},"modified":"2025-09-05T13:28:37","modified_gmt":"2025-09-05T11:28:37","slug":"llavero-acrilico-kvothe","status":"publish","type":"product","link":"https:\/\/www.pickchickbymec.com\/en\/product\/llavero-acrilico-kvothe\/","title":{"rendered":"Llavero acr\u00edlico Kvothe, de El nombre del Viento (Cr\u00f3nica del asesino de reyes)."},"content":{"rendered":"<p><span style=\"font-weight: 400;\">Llavero acr\u00edlico inspirado en Kvothe, el protagonista de la novela El nombre del Viento, perteneciente a la saga Cr\u00f3nica del asesino de reyes (creada por Patrick Rothfuss). El accesorio consta de dos partes. Por un lado la pieza principal acr\u00edlica, con una ilustracion de Kvothe en estilo adorable tocando su la\u00fad en un ambiente oto\u00f1al. De ella cuelga la segunda, una peque\u00f1a nota musical met\u00e1lica con el mismo efecto envejecido que la argolla. Es un llavero ideal para cualquier fan de la saga, ya sea para llevarlo colgado de la mochila o el bolso como para dejarlo en la estanter\u00eda cerca de los libros para decorar.<\/span><\/p>\n<p><strong>Llavero acr\u00edlico Kvothe de El nombre del Viento (Cr\u00f3nica del asesino de reyes). Especificaciones:<\/strong><\/p>\n<ul>\n<li><span style=\"font-weight: 400;\">Cierre de argolla cl\u00e1sica con efecto envejecido.<\/span><\/li>\n<li>Impreso a doble cara con zonas semitransparentes.<\/li>\n<li>Mismo dise\u00f1o a cada lado.<\/li>\n<li>Medidas parte acr\u00edlica superior 6 cm<\/li>\n<li>Medidas nota musical: 1,5 cm aprox<\/li>\n<li>Grosor del acr\u00edlico: 3 mm<\/li>\n<\/ul>\n<p><span style=\"font-weight: 400;\">Este producto se env\u00eda por correo certificado con n\u00famero de seguimiento.<\/span><\/p>\n<p><span style=\"font-weight: 400;\">Echa un vistazo al resto de <a href=\"https:\/\/www.pickchickbymec.com\/en\/product-tag\/literatura-fantastica\/\">productos de mi tienda inspirados en literatura fant\u00e1stica<\/a> y ahorra al combinar los env\u00edos pidiendo m\u00e1s de un producto. <\/span><\/p>\n<p><span style=\"font-weight: 400;\">Si quieres enterarte de todas las novedades y ver fotos del proceso de los nuevos productos s\u00edgueme en <a href=\"https:\/\/twitter.com\/pickchickbymec\">Twitter<\/a> e <a href=\"https:\/\/www.instagram.com\/pickchickbymec\/\">Instagram<\/a>.<\/span><\/p>","protected":false},"excerpt":{"rendered":"<p>Llavero acr\u00edlico Kvothe, de El nombre del Viento.<\/p>","protected":false},"featured_media":8436,"comment_status":"open","ping_status":"closed","template":"","meta":{"_monsterinsights_skip_tracking":false,"_monsterinsights_sitenote_active":false,"_monsterinsights_sitenote_note":"","_monsterinsights_sitenote_category":0},"product_brand":[],"product_cat":[288],"product_tag":[359,546,541,500,547],"class_list":{"0":"post-8432","1":"product","2":"type-product","3":"status-publish","4":"has-post-thumbnail","6":"product_cat-accesorios","7":"product_tag-fanart","8":"product_tag-kvothe","9":"product_tag-literatura-fantastica","10":"product_tag-llavero-acrilico","11":"product_tag-nombre-del-viento","12":"product_shipping_class-b-certificado-ligero","14":"first","15":"instock","16":"taxable","17":"shipping-taxable","18":"purchasable","19":"product-type-simple"},"yoast_head":"<!-- This site is optimized with the Yoast SEO plugin v27.4 - https:\/\/yoast.com\/product\/yoast-seo-wordpress\/ -->\n<title>Llavero acr\u00edlico Kvothe (El nombre del Viento) | Pick\u00b7Chick by Mec<\/title>\n<meta name=\"description\" content=\"Llavero acr\u00edlico inspirado en Kvothe, el protagonista del libro El Nombre del Viento (Patrick Rothfuss). Lleva una peque\u00f1a nota musical colgando.\" \/>\n<meta name=\"robots\" content=\"index, follow, max-snippet:-1, max-image-preview:large, max-video-preview:-1\" \/>\n<link rel=\"canonical\" href=\"https:\/\/www.pickchickbymec.com\/en\/product\/llavero-acrilico-kvothe\/\" \/>\n<meta property=\"og:locale\" content=\"en_GB\" \/>\n<meta property=\"og:type\" content=\"article\" \/>\n<meta property=\"og:title\" content=\"Llavero acr\u00edlico Kvothe (El nombre del Viento) | Pick\u00b7Chick by Mec\" \/>\n<meta property=\"og:description\" content=\"Llavero acr\u00edlico inspirado en Kvothe, el protagonista del libro El Nombre del Viento (Patrick Rothfuss). Lleva una peque\u00f1a nota musical colgando.\" \/>\n<meta property=\"og:url\" content=\"https:\/\/www.pickchickbymec.com\/en\/product\/llavero-acrilico-kvothe\/\" \/>\n<meta property=\"og:site_name\" content=\"Pick\u00b7Chick by Mec\" \/>\n<meta property=\"article:modified_time\" content=\"2025-09-05T11:28:37+00:00\" \/>\n<meta property=\"og:image\" content=\"https:\/\/www.pickchickbymec.com\/wp-content\/uploads\/2025\/04\/kvothe4.jpg\" \/>\n\t<meta property=\"og:image:width\" content=\"800\" \/>\n\t<meta property=\"og:image:height\" content=\"1200\" \/>\n\t<meta property=\"og:image:type\" content=\"image\/jpeg\" \/>\n<meta name=\"twitter:card\" content=\"summary_large_image\" \/>\n<meta name=\"twitter:label1\" content=\"Estimated reading time\" \/>\n\t<meta name=\"twitter:data1\" content=\"2 minutes\" \/>\n<script type=\"application\/ld+json\" class=\"yoast-schema-graph\">{\"@context\":\"https:\\\/\\\/schema.org\",\"@graph\":[{\"@type\":\"WebPage\",\"@id\":\"https:\\\/\\\/www.pickchickbymec.com\\\/producto\\\/llavero-acrilico-kvothe\\\/\",\"url\":\"https:\\\/\\\/www.pickchickbymec.com\\\/producto\\\/llavero-acrilico-kvothe\\\/\",\"name\":\"Llavero acr\u00edlico Kvothe (El nombre del Viento) | Pick\u00b7Chick by Mec\",\"isPartOf\":{\"@id\":\"https:\\\/\\\/www.pickchickbymec.com\\\/#website\"},\"primaryImageOfPage\":{\"@id\":\"https:\\\/\\\/www.pickchickbymec.com\\\/producto\\\/llavero-acrilico-kvothe\\\/#primaryimage\"},\"image\":{\"@id\":\"https:\\\/\\\/www.pickchickbymec.com\\\/producto\\\/llavero-acrilico-kvothe\\\/#primaryimage\"},\"thumbnailUrl\":\"https:\\\/\\\/www.pickchickbymec.com\\\/wp-content\\\/uploads\\\/2025\\\/04\\\/kvothe4.jpg\",\"datePublished\":\"2025-04-09T09:13:50+00:00\",\"dateModified\":\"2025-09-05T11:28:37+00:00\",\"description\":\"Llavero acr\u00edlico inspirado en Kvothe, el protagonista del libro El Nombre del Viento (Patrick Rothfuss). Lleva una peque\u00f1a nota musical colgando.\",\"breadcrumb\":{\"@id\":\"https:\\\/\\\/www.pickchickbymec.com\\\/producto\\\/llavero-acrilico-kvothe\\\/#breadcrumb\"},\"inLanguage\":\"en-GB\",\"potentialAction\":[{\"@type\":\"ReadAction\",\"target\":[\"https:\\\/\\\/www.pickchickbymec.com\\\/producto\\\/llavero-acrilico-kvothe\\\/\"]}]},{\"@type\":\"ImageObject\",\"inLanguage\":\"en-GB\",\"@id\":\"https:\\\/\\\/www.pickchickbymec.com\\\/producto\\\/llavero-acrilico-kvothe\\\/#primaryimage\",\"url\":\"https:\\\/\\\/www.pickchickbymec.com\\\/wp-content\\\/uploads\\\/2025\\\/04\\\/kvothe4.jpg\",\"contentUrl\":\"https:\\\/\\\/www.pickchickbymec.com\\\/wp-content\\\/uploads\\\/2025\\\/04\\\/kvothe4.jpg\",\"width\":800,\"height\":1200,\"caption\":\"llavero kvothe\"},{\"@type\":\"BreadcrumbList\",\"@id\":\"https:\\\/\\\/www.pickchickbymec.com\\\/producto\\\/llavero-acrilico-kvothe\\\/#breadcrumb\",\"itemListElement\":[{\"@type\":\"ListItem\",\"position\":1,\"name\":\"Portada\",\"item\":\"https:\\\/\\\/www.pickchickbymec.com\\\/\"},{\"@type\":\"ListItem\",\"position\":2,\"name\":\"Tienda\",\"item\":\"https:\\\/\\\/www.pickchickbymec.com\\\/tienda\\\/\"},{\"@type\":\"ListItem\",\"position\":3,\"name\":\"Llavero acr\u00edlico Kvothe, de El nombre del Viento (Cr\u00f3nica del asesino de reyes).\"}]},{\"@type\":\"WebSite\",\"@id\":\"https:\\\/\\\/www.pickchickbymec.com\\\/#website\",\"url\":\"https:\\\/\\\/www.pickchickbymec.com\\\/\",\"name\":\"Pick\u00b7Chick by Mec\",\"description\":\"kawaii illustrator and artisan\",\"publisher\":{\"@id\":\"https:\\\/\\\/www.pickchickbymec.com\\\/#\\\/schema\\\/person\\\/189a1cea9c7f6704595062aabbbb38fe\"},\"potentialAction\":[{\"@type\":\"SearchAction\",\"target\":{\"@type\":\"EntryPoint\",\"urlTemplate\":\"https:\\\/\\\/www.pickchickbymec.com\\\/?s={search_term_string}\"},\"query-input\":{\"@type\":\"PropertyValueSpecification\",\"valueRequired\":true,\"valueName\":\"search_term_string\"}}],\"inLanguage\":\"en-GB\"},{\"@type\":[\"Person\",\"Organization\"],\"@id\":\"https:\\\/\\\/www.pickchickbymec.com\\\/#\\\/schema\\\/person\\\/189a1cea9c7f6704595062aabbbb38fe\",\"name\":\"pickchickbymec\",\"image\":{\"@type\":\"ImageObject\",\"inLanguage\":\"en-GB\",\"@id\":\"https:\\\/\\\/secure.gravatar.com\\\/avatar\\\/0c13b11690ce1ad38e031b40cac436947d766b2585e3e81250e6cf60b0a3b61f?s=96&d=mm&r=g\",\"url\":\"https:\\\/\\\/secure.gravatar.com\\\/avatar\\\/0c13b11690ce1ad38e031b40cac436947d766b2585e3e81250e6cf60b0a3b61f?s=96&d=mm&r=g\",\"contentUrl\":\"https:\\\/\\\/secure.gravatar.com\\\/avatar\\\/0c13b11690ce1ad38e031b40cac436947d766b2585e3e81250e6cf60b0a3b61f?s=96&d=mm&r=g\",\"caption\":\"pickchickbymec\"},\"logo\":{\"@id\":\"https:\\\/\\\/secure.gravatar.com\\\/avatar\\\/0c13b11690ce1ad38e031b40cac436947d766b2585e3e81250e6cf60b0a3b61f?s=96&d=mm&r=g\"}}]}<\/script>\n<!-- \/ Yoast SEO plugin. -->","yoast_head_json":{"title":"Llavero acr\u00edlico Kvothe (El nombre del Viento) | Pick\u00b7Chick by Mec","description":"Llavero acr\u00edlico inspirado en Kvothe, el protagonista del libro El Nombre del Viento (Patrick Rothfuss). Lleva una peque\u00f1a nota musical colgando.","robots":{"index":"index","follow":"follow","max-snippet":"max-snippet:-1","max-image-preview":"max-image-preview:large","max-video-preview":"max-video-preview:-1"},"canonical":"https:\/\/www.pickchickbymec.com\/en\/product\/llavero-acrilico-kvothe\/","og_locale":"en_GB","og_type":"article","og_title":"Llavero acr\u00edlico Kvothe (El nombre del Viento) | Pick\u00b7Chick by Mec","og_description":"Llavero acr\u00edlico inspirado en Kvothe, el protagonista del libro El Nombre del Viento (Patrick Rothfuss). Lleva una peque\u00f1a nota musical colgando.","og_url":"https:\/\/www.pickchickbymec.com\/en\/product\/llavero-acrilico-kvothe\/","og_site_name":"Pick\u00b7Chick by Mec","article_modified_time":"2025-09-05T11:28:37+00:00","og_image":[{"width":800,"height":1200,"url":"https:\/\/www.pickchickbymec.com\/wp-content\/uploads\/2025\/04\/kvothe4.jpg","type":"image\/jpeg"}],"twitter_card":"summary_large_image","twitter_misc":{"Estimated reading time":"2 minutes"},"schema":{"@context":"https:\/\/schema.org","@graph":[{"@type":"WebPage","@id":"https:\/\/www.pickchickbymec.com\/producto\/llavero-acrilico-kvothe\/","url":"https:\/\/www.pickchickbymec.com\/producto\/llavero-acrilico-kvothe\/","name":"Llavero acr\u00edlico Kvothe (El nombre del Viento) | Pick\u00b7Chick by Mec","isPartOf":{"@id":"https:\/\/www.pickchickbymec.com\/#website"},"primaryImageOfPage":{"@id":"https:\/\/www.pickchickbymec.com\/producto\/llavero-acrilico-kvothe\/#primaryimage"},"image":{"@id":"https:\/\/www.pickchickbymec.com\/producto\/llavero-acrilico-kvothe\/#primaryimage"},"thumbnailUrl":"https:\/\/www.pickchickbymec.com\/wp-content\/uploads\/2025\/04\/kvothe4.jpg","datePublished":"2025-04-09T09:13:50+00:00","dateModified":"2025-09-05T11:28:37+00:00","description":"Llavero acr\u00edlico inspirado en Kvothe, el protagonista del libro El Nombre del Viento (Patrick Rothfuss). Lleva una peque\u00f1a nota musical colgando.","breadcrumb":{"@id":"https:\/\/www.pickchickbymec.com\/producto\/llavero-acrilico-kvothe\/#breadcrumb"},"inLanguage":"en-GB","potentialAction":[{"@type":"ReadAction","target":["https:\/\/www.pickchickbymec.com\/producto\/llavero-acrilico-kvothe\/"]}]},{"@type":"ImageObject","inLanguage":"en-GB","@id":"https:\/\/www.pickchickbymec.com\/producto\/llavero-acrilico-kvothe\/#primaryimage","url":"https:\/\/www.pickchickbymec.com\/wp-content\/uploads\/2025\/04\/kvothe4.jpg","contentUrl":"https:\/\/www.pickchickbymec.com\/wp-content\/uploads\/2025\/04\/kvothe4.jpg","width":800,"height":1200,"caption":"llavero kvothe"},{"@type":"BreadcrumbList","@id":"https:\/\/www.pickchickbymec.com\/producto\/llavero-acrilico-kvothe\/#breadcrumb","itemListElement":[{"@type":"ListItem","position":1,"name":"Portada","item":"https:\/\/www.pickchickbymec.com\/"},{"@type":"ListItem","position":2,"name":"Tienda","item":"https:\/\/www.pickchickbymec.com\/tienda\/"},{"@type":"ListItem","position":3,"name":"Llavero acr\u00edlico Kvothe, de El nombre del Viento (Cr\u00f3nica del asesino de reyes)."}]},{"@type":"WebSite","@id":"https:\/\/www.pickchickbymec.com\/#website","url":"https:\/\/www.pickchickbymec.com\/","name":"Pick-Chick by Mec","description":"kawaii illustrator and artisan","publisher":{"@id":"https:\/\/www.pickchickbymec.com\/#\/schema\/person\/189a1cea9c7f6704595062aabbbb38fe"},"potentialAction":[{"@type":"SearchAction","target":{"@type":"EntryPoint","urlTemplate":"https:\/\/www.pickchickbymec.com\/?s={search_term_string}"},"query-input":{"@type":"PropertyValueSpecification","valueRequired":true,"valueName":"search_term_string"}}],"inLanguage":"en-GB"},{"@type":["Person","Organization"],"@id":"https:\/\/www.pickchickbymec.com\/#\/schema\/person\/189a1cea9c7f6704595062aabbbb38fe","name":"pickchickbymec","image":{"@type":"ImageObject","inLanguage":"en-GB","@id":"https:\/\/secure.gravatar.com\/avatar\/0c13b11690ce1ad38e031b40cac436947d766b2585e3e81250e6cf60b0a3b61f?s=96&d=mm&r=g","url":"https:\/\/secure.gravatar.com\/avatar\/0c13b11690ce1ad38e031b40cac436947d766b2585e3e81250e6cf60b0a3b61f?s=96&d=mm&r=g","contentUrl":"https:\/\/secure.gravatar.com\/avatar\/0c13b11690ce1ad38e031b40cac436947d766b2585e3e81250e6cf60b0a3b61f?s=96&d=mm&r=g","caption":"pickchickbymec"},"logo":{"@id":"https:\/\/secure.gravatar.com\/avatar\/0c13b11690ce1ad38e031b40cac436947d766b2585e3e81250e6cf60b0a3b61f?s=96&d=mm&r=g"}}]}},"jetpack-related-posts":[],"jetpack_sharing_enabled":true,"_links":{"self":[{"href":"https:\/\/www.pickchickbymec.com\/en\/wp-json\/wp\/v2\/product\/8432","targetHints":{"allow":["GET"]}}],"collection":[{"href":"https:\/\/www.pickchickbymec.com\/en\/wp-json\/wp\/v2\/product"}],"about":[{"href":"https:\/\/www.pickchickbymec.com\/en\/wp-json\/wp\/v2\/types\/product"}],"replies":[{"embeddable":true,"href":"https:\/\/www.pickchickbymec.com\/en\/wp-json\/wp\/v2\/comments?post=8432"}],"wp:featuredmedia":[{"embeddable":true,"href":"https:\/\/www.pickchickbymec.com\/en\/wp-json\/wp\/v2\/media\/8436"}],"wp:attachment":[{"href":"https:\/\/www.pickchickbymec.com\/en\/wp-json\/wp\/v2\/media?parent=8432"}],"wp:term":[{"taxonomy":"product_brand","embeddable":true,"href":"https:\/\/www.pickchickbymec.com\/en\/wp-json\/wp\/v2\/product_brand?post=8432"},{"taxonomy":"product_cat","embeddable":true,"href":"https:\/\/www.pickchickbymec.com\/en\/wp-json\/wp\/v2\/product_cat?post=8432"},{"taxonomy":"product_tag","embeddable":true,"href":"https:\/\/www.pickchickbymec.com\/en\/wp-json\/wp\/v2\/product_tag?post=8432"}],"curies":[{"name":"wp","href":"https:\/\/api.w.org\/{rel}","templated":true}]}}