{"id":8438,"date":"2025-04-09T11:32:25","date_gmt":"2025-04-09T09:32:25","guid":{"rendered":"https:\/\/www.pickchickbymec.com\/?post_type=product&#038;p=8438"},"modified":"2025-04-09T11:32:25","modified_gmt":"2025-04-09T09:32:25","slug":"standee-de-madera-kaladin-de-el-archivo-de-las-tormentas","status":"publish","type":"product","link":"https:\/\/www.pickchickbymec.com\/en\/product\/standee-de-madera-kaladin-de-el-archivo-de-las-tormentas\/","title":{"rendered":"Standee de madera Kaladin, de El Archivo de las Tormentas"},"content":{"rendered":"<p><span style=\"font-weight: 400;\">Standee de madera inspirado en Kaladin, uno de los personajes m\u00e1s queridos del Cosmere, perteneciente a la saga El Archivo de las Tormentas (creada por Brandon Sanderson). Esta figura 2D se compone de dos partes de madera impresa en UV y es muy sencillo de montar. Al no llevar capa de tinta blanca conserva la textura de la madera original, d\u00e1ndole un toque a\u00fan m\u00e1s bonito y rural que encaja perfecto con las novelas de fantas\u00eda. Tenemos por un lado la ilustraci\u00f3n principal, representando a Kaladin y parodiando la parada de ayuda psiqui\u00e1trica de Lucy, de Peanuts, y por otro la base. Este peque\u00f1o standee es perfecto para decorar tu estanter\u00eda del Cosmere, y se convertir\u00e1 en necesidad una vez termines con Viento y Verdad.<\/span><\/p>\n<p><strong>Standee Kaladin, de El Archivo de las Tormentas, Cosmere. Especificaciones:<\/strong><\/p>\n<ul>\n<li><span style=\"font-weight: 400;\">Madera de 4 mm de grosor cortada a l\u00e1ser.<\/span><\/li>\n<li>Impreso a una sola cara.<\/li>\n<li>Impresi\u00f3n tanto en la base como en la ilustraci\u00f3n.<\/li>\n<li>Medida del standee: 10 cm alto<\/li>\n<li>Medidas base: 8, cm x 4,6 cm<\/li>\n<\/ul>\n<p><span style=\"font-weight: 400;\">Este producto se env\u00eda por correo certificado con n\u00famero de seguimiento.<\/span><\/p>\n<p><span style=\"font-weight: 400;\">Echa un vistazo al resto de <a href=\"https:\/\/www.pickchickbymec.com\/en\/product-tag\/cosmere\/\">productos de mi tienda inspirados en el Cosmere<\/a> y ahorra al combinar los env\u00edos pidiendo m\u00e1s de un producto. <\/span><\/p>\n<p><span style=\"font-weight: 400;\">Si quieres enterarte de todas las novedades y ver fotos del proceso de los nuevos productos s\u00edgueme en <a href=\"https:\/\/twitter.com\/pickchickbymec\">Twitter<\/a> e <a href=\"https:\/\/www.instagram.com\/pickchickbymec\/\">Instagram<\/a>.<\/span><\/p>","protected":false},"excerpt":{"rendered":"<p>Standee Kaladin, de El Archivo de las Tormentas (Cosmere).<\/p>","protected":false},"featured_media":8442,"comment_status":"open","ping_status":"closed","template":"","meta":{"_monsterinsights_skip_tracking":false,"_monsterinsights_sitenote_active":false,"_monsterinsights_sitenote_note":"","_monsterinsights_sitenote_category":0},"product_brand":[],"product_cat":[288],"product_tag":[542,419,359,447,541,549],"class_list":{"0":"post-8438","1":"product","2":"type-product","3":"status-publish","4":"has-post-thumbnail","6":"product_cat-accesorios","7":"product_tag-archivo-de-las-tormentas","8":"product_tag-cosmere","9":"product_tag-fanart","10":"product_tag-kaladin","11":"product_tag-literatura-fantastica","12":"product_tag-standee","13":"product_shipping_class-b-certificado-ligero","15":"first","16":"instock","17":"taxable","18":"shipping-taxable","19":"purchasable","20":"product-type-simple"},"yoast_head":"<!-- This site is optimized with the Yoast SEO plugin v27.4 - https:\/\/yoast.com\/product\/yoast-seo-wordpress\/ -->\n<title>Standee de madera Kaladin, de El Archivo de las Tormentas - Pick\u00b7Chick by Mec<\/title>\n<meta name=\"description\" content=\"Standee de madera con ilustraci\u00f3n de Kaladin, de El Archivo de las Tormentas parodiando el puesto de terapia de Lucy (Peanuts). Figura 2D de 10 cm de alto.\" \/>\n<meta name=\"robots\" content=\"index, follow, max-snippet:-1, max-image-preview:large, max-video-preview:-1\" \/>\n<link rel=\"canonical\" href=\"https:\/\/www.pickchickbymec.com\/en\/product\/standee-de-madera-kaladin-de-el-archivo-de-las-tormentas\/\" \/>\n<meta property=\"og:locale\" content=\"en_GB\" \/>\n<meta property=\"og:type\" content=\"article\" \/>\n<meta property=\"og:title\" content=\"Standee de madera Kaladin, de El Archivo de las Tormentas - Pick\u00b7Chick by Mec\" \/>\n<meta property=\"og:description\" content=\"Standee de madera con ilustraci\u00f3n de Kaladin, de El Archivo de las Tormentas parodiando el puesto de terapia de Lucy (Peanuts). Figura 2D de 10 cm de alto.\" \/>\n<meta property=\"og:url\" content=\"https:\/\/www.pickchickbymec.com\/en\/product\/standee-de-madera-kaladin-de-el-archivo-de-las-tormentas\/\" \/>\n<meta property=\"og:site_name\" content=\"Pick\u00b7Chick by Mec\" \/>\n<meta property=\"og:image\" content=\"https:\/\/www.pickchickbymec.com\/wp-content\/uploads\/2025\/04\/kaladin4.jpg\" \/>\n\t<meta property=\"og:image:width\" content=\"1500\" \/>\n\t<meta property=\"og:image:height\" content=\"1231\" \/>\n\t<meta property=\"og:image:type\" content=\"image\/jpeg\" \/>\n<meta name=\"twitter:card\" content=\"summary_large_image\" \/>\n<meta name=\"twitter:label1\" content=\"Estimated reading time\" \/>\n\t<meta name=\"twitter:data1\" content=\"2 minutes\" \/>\n<script type=\"application\/ld+json\" class=\"yoast-schema-graph\">{\"@context\":\"https:\\\/\\\/schema.org\",\"@graph\":[{\"@type\":\"WebPage\",\"@id\":\"https:\\\/\\\/www.pickchickbymec.com\\\/producto\\\/standee-de-madera-kaladin-de-el-archivo-de-las-tormentas\\\/\",\"url\":\"https:\\\/\\\/www.pickchickbymec.com\\\/producto\\\/standee-de-madera-kaladin-de-el-archivo-de-las-tormentas\\\/\",\"name\":\"Standee de madera Kaladin, de El Archivo de las Tormentas - Pick\u00b7Chick by Mec\",\"isPartOf\":{\"@id\":\"https:\\\/\\\/www.pickchickbymec.com\\\/#website\"},\"primaryImageOfPage\":{\"@id\":\"https:\\\/\\\/www.pickchickbymec.com\\\/producto\\\/standee-de-madera-kaladin-de-el-archivo-de-las-tormentas\\\/#primaryimage\"},\"image\":{\"@id\":\"https:\\\/\\\/www.pickchickbymec.com\\\/producto\\\/standee-de-madera-kaladin-de-el-archivo-de-las-tormentas\\\/#primaryimage\"},\"thumbnailUrl\":\"https:\\\/\\\/www.pickchickbymec.com\\\/wp-content\\\/uploads\\\/2025\\\/04\\\/kaladin4.jpg\",\"datePublished\":\"2025-04-09T09:32:25+00:00\",\"description\":\"Standee de madera con ilustraci\u00f3n de Kaladin, de El Archivo de las Tormentas parodiando el puesto de terapia de Lucy (Peanuts). Figura 2D de 10 cm de alto.\",\"breadcrumb\":{\"@id\":\"https:\\\/\\\/www.pickchickbymec.com\\\/producto\\\/standee-de-madera-kaladin-de-el-archivo-de-las-tormentas\\\/#breadcrumb\"},\"inLanguage\":\"en-GB\",\"potentialAction\":[{\"@type\":\"ReadAction\",\"target\":[\"https:\\\/\\\/www.pickchickbymec.com\\\/producto\\\/standee-de-madera-kaladin-de-el-archivo-de-las-tormentas\\\/\"]}]},{\"@type\":\"ImageObject\",\"inLanguage\":\"en-GB\",\"@id\":\"https:\\\/\\\/www.pickchickbymec.com\\\/producto\\\/standee-de-madera-kaladin-de-el-archivo-de-las-tormentas\\\/#primaryimage\",\"url\":\"https:\\\/\\\/www.pickchickbymec.com\\\/wp-content\\\/uploads\\\/2025\\\/04\\\/kaladin4.jpg\",\"contentUrl\":\"https:\\\/\\\/www.pickchickbymec.com\\\/wp-content\\\/uploads\\\/2025\\\/04\\\/kaladin4.jpg\",\"width\":1500,\"height\":1231,\"caption\":\"standee kaladin stormblessed\"},{\"@type\":\"BreadcrumbList\",\"@id\":\"https:\\\/\\\/www.pickchickbymec.com\\\/producto\\\/standee-de-madera-kaladin-de-el-archivo-de-las-tormentas\\\/#breadcrumb\",\"itemListElement\":[{\"@type\":\"ListItem\",\"position\":1,\"name\":\"Portada\",\"item\":\"https:\\\/\\\/www.pickchickbymec.com\\\/\"},{\"@type\":\"ListItem\",\"position\":2,\"name\":\"Tienda\",\"item\":\"https:\\\/\\\/www.pickchickbymec.com\\\/tienda\\\/\"},{\"@type\":\"ListItem\",\"position\":3,\"name\":\"Standee de madera Kaladin, de El Archivo de las Tormentas\"}]},{\"@type\":\"WebSite\",\"@id\":\"https:\\\/\\\/www.pickchickbymec.com\\\/#website\",\"url\":\"https:\\\/\\\/www.pickchickbymec.com\\\/\",\"name\":\"Pick\u00b7Chick by Mec\",\"description\":\"kawaii illustrator and artisan\",\"publisher\":{\"@id\":\"https:\\\/\\\/www.pickchickbymec.com\\\/#\\\/schema\\\/person\\\/189a1cea9c7f6704595062aabbbb38fe\"},\"potentialAction\":[{\"@type\":\"SearchAction\",\"target\":{\"@type\":\"EntryPoint\",\"urlTemplate\":\"https:\\\/\\\/www.pickchickbymec.com\\\/?s={search_term_string}\"},\"query-input\":{\"@type\":\"PropertyValueSpecification\",\"valueRequired\":true,\"valueName\":\"search_term_string\"}}],\"inLanguage\":\"en-GB\"},{\"@type\":[\"Person\",\"Organization\"],\"@id\":\"https:\\\/\\\/www.pickchickbymec.com\\\/#\\\/schema\\\/person\\\/189a1cea9c7f6704595062aabbbb38fe\",\"name\":\"pickchickbymec\",\"image\":{\"@type\":\"ImageObject\",\"inLanguage\":\"en-GB\",\"@id\":\"https:\\\/\\\/secure.gravatar.com\\\/avatar\\\/0c13b11690ce1ad38e031b40cac436947d766b2585e3e81250e6cf60b0a3b61f?s=96&d=mm&r=g\",\"url\":\"https:\\\/\\\/secure.gravatar.com\\\/avatar\\\/0c13b11690ce1ad38e031b40cac436947d766b2585e3e81250e6cf60b0a3b61f?s=96&d=mm&r=g\",\"contentUrl\":\"https:\\\/\\\/secure.gravatar.com\\\/avatar\\\/0c13b11690ce1ad38e031b40cac436947d766b2585e3e81250e6cf60b0a3b61f?s=96&d=mm&r=g\",\"caption\":\"pickchickbymec\"},\"logo\":{\"@id\":\"https:\\\/\\\/secure.gravatar.com\\\/avatar\\\/0c13b11690ce1ad38e031b40cac436947d766b2585e3e81250e6cf60b0a3b61f?s=96&d=mm&r=g\"}}]}<\/script>\n<!-- \/ Yoast SEO plugin. -->","yoast_head_json":{"title":"Standee de madera Kaladin, de El Archivo de las Tormentas - Pick\u00b7Chick by Mec","description":"Standee de madera con ilustraci\u00f3n de Kaladin, de El Archivo de las Tormentas parodiando el puesto de terapia de Lucy (Peanuts). Figura 2D de 10 cm de alto.","robots":{"index":"index","follow":"follow","max-snippet":"max-snippet:-1","max-image-preview":"max-image-preview:large","max-video-preview":"max-video-preview:-1"},"canonical":"https:\/\/www.pickchickbymec.com\/en\/product\/standee-de-madera-kaladin-de-el-archivo-de-las-tormentas\/","og_locale":"en_GB","og_type":"article","og_title":"Standee de madera Kaladin, de El Archivo de las Tormentas - Pick\u00b7Chick by Mec","og_description":"Standee de madera con ilustraci\u00f3n de Kaladin, de El Archivo de las Tormentas parodiando el puesto de terapia de Lucy (Peanuts). Figura 2D de 10 cm de alto.","og_url":"https:\/\/www.pickchickbymec.com\/en\/product\/standee-de-madera-kaladin-de-el-archivo-de-las-tormentas\/","og_site_name":"Pick\u00b7Chick by Mec","og_image":[{"width":1500,"height":1231,"url":"https:\/\/www.pickchickbymec.com\/wp-content\/uploads\/2025\/04\/kaladin4.jpg","type":"image\/jpeg"}],"twitter_card":"summary_large_image","twitter_misc":{"Estimated reading time":"2 minutes"},"schema":{"@context":"https:\/\/schema.org","@graph":[{"@type":"WebPage","@id":"https:\/\/www.pickchickbymec.com\/producto\/standee-de-madera-kaladin-de-el-archivo-de-las-tormentas\/","url":"https:\/\/www.pickchickbymec.com\/producto\/standee-de-madera-kaladin-de-el-archivo-de-las-tormentas\/","name":"Standee de madera Kaladin, de El Archivo de las Tormentas - Pick\u00b7Chick by Mec","isPartOf":{"@id":"https:\/\/www.pickchickbymec.com\/#website"},"primaryImageOfPage":{"@id":"https:\/\/www.pickchickbymec.com\/producto\/standee-de-madera-kaladin-de-el-archivo-de-las-tormentas\/#primaryimage"},"image":{"@id":"https:\/\/www.pickchickbymec.com\/producto\/standee-de-madera-kaladin-de-el-archivo-de-las-tormentas\/#primaryimage"},"thumbnailUrl":"https:\/\/www.pickchickbymec.com\/wp-content\/uploads\/2025\/04\/kaladin4.jpg","datePublished":"2025-04-09T09:32:25+00:00","description":"Standee de madera con ilustraci\u00f3n de Kaladin, de El Archivo de las Tormentas parodiando el puesto de terapia de Lucy (Peanuts). Figura 2D de 10 cm de alto.","breadcrumb":{"@id":"https:\/\/www.pickchickbymec.com\/producto\/standee-de-madera-kaladin-de-el-archivo-de-las-tormentas\/#breadcrumb"},"inLanguage":"en-GB","potentialAction":[{"@type":"ReadAction","target":["https:\/\/www.pickchickbymec.com\/producto\/standee-de-madera-kaladin-de-el-archivo-de-las-tormentas\/"]}]},{"@type":"ImageObject","inLanguage":"en-GB","@id":"https:\/\/www.pickchickbymec.com\/producto\/standee-de-madera-kaladin-de-el-archivo-de-las-tormentas\/#primaryimage","url":"https:\/\/www.pickchickbymec.com\/wp-content\/uploads\/2025\/04\/kaladin4.jpg","contentUrl":"https:\/\/www.pickchickbymec.com\/wp-content\/uploads\/2025\/04\/kaladin4.jpg","width":1500,"height":1231,"caption":"standee kaladin stormblessed"},{"@type":"BreadcrumbList","@id":"https:\/\/www.pickchickbymec.com\/producto\/standee-de-madera-kaladin-de-el-archivo-de-las-tormentas\/#breadcrumb","itemListElement":[{"@type":"ListItem","position":1,"name":"Portada","item":"https:\/\/www.pickchickbymec.com\/"},{"@type":"ListItem","position":2,"name":"Tienda","item":"https:\/\/www.pickchickbymec.com\/tienda\/"},{"@type":"ListItem","position":3,"name":"Standee de madera Kaladin, de El Archivo de las Tormentas"}]},{"@type":"WebSite","@id":"https:\/\/www.pickchickbymec.com\/#website","url":"https:\/\/www.pickchickbymec.com\/","name":"Pick-Chick by Mec","description":"kawaii illustrator and artisan","publisher":{"@id":"https:\/\/www.pickchickbymec.com\/#\/schema\/person\/189a1cea9c7f6704595062aabbbb38fe"},"potentialAction":[{"@type":"SearchAction","target":{"@type":"EntryPoint","urlTemplate":"https:\/\/www.pickchickbymec.com\/?s={search_term_string}"},"query-input":{"@type":"PropertyValueSpecification","valueRequired":true,"valueName":"search_term_string"}}],"inLanguage":"en-GB"},{"@type":["Person","Organization"],"@id":"https:\/\/www.pickchickbymec.com\/#\/schema\/person\/189a1cea9c7f6704595062aabbbb38fe","name":"pickchickbymec","image":{"@type":"ImageObject","inLanguage":"en-GB","@id":"https:\/\/secure.gravatar.com\/avatar\/0c13b11690ce1ad38e031b40cac436947d766b2585e3e81250e6cf60b0a3b61f?s=96&d=mm&r=g","url":"https:\/\/secure.gravatar.com\/avatar\/0c13b11690ce1ad38e031b40cac436947d766b2585e3e81250e6cf60b0a3b61f?s=96&d=mm&r=g","contentUrl":"https:\/\/secure.gravatar.com\/avatar\/0c13b11690ce1ad38e031b40cac436947d766b2585e3e81250e6cf60b0a3b61f?s=96&d=mm&r=g","caption":"pickchickbymec"},"logo":{"@id":"https:\/\/secure.gravatar.com\/avatar\/0c13b11690ce1ad38e031b40cac436947d766b2585e3e81250e6cf60b0a3b61f?s=96&d=mm&r=g"}}]}},"jetpack-related-posts":[],"jetpack_sharing_enabled":true,"_links":{"self":[{"href":"https:\/\/www.pickchickbymec.com\/en\/wp-json\/wp\/v2\/product\/8438","targetHints":{"allow":["GET"]}}],"collection":[{"href":"https:\/\/www.pickchickbymec.com\/en\/wp-json\/wp\/v2\/product"}],"about":[{"href":"https:\/\/www.pickchickbymec.com\/en\/wp-json\/wp\/v2\/types\/product"}],"replies":[{"embeddable":true,"href":"https:\/\/www.pickchickbymec.com\/en\/wp-json\/wp\/v2\/comments?post=8438"}],"wp:featuredmedia":[{"embeddable":true,"href":"https:\/\/www.pickchickbymec.com\/en\/wp-json\/wp\/v2\/media\/8442"}],"wp:attachment":[{"href":"https:\/\/www.pickchickbymec.com\/en\/wp-json\/wp\/v2\/media?parent=8438"}],"wp:term":[{"taxonomy":"product_brand","embeddable":true,"href":"https:\/\/www.pickchickbymec.com\/en\/wp-json\/wp\/v2\/product_brand?post=8438"},{"taxonomy":"product_cat","embeddable":true,"href":"https:\/\/www.pickchickbymec.com\/en\/wp-json\/wp\/v2\/product_cat?post=8438"},{"taxonomy":"product_tag","embeddable":true,"href":"https:\/\/www.pickchickbymec.com\/en\/wp-json\/wp\/v2\/product_tag?post=8438"}],"curies":[{"name":"wp","href":"https:\/\/api.w.org\/{rel}","templated":true}]}}