{"id":8444,"date":"2025-04-09T11:35:16","date_gmt":"2025-04-09T09:35:16","guid":{"rendered":"https:\/\/www.pickchickbymec.com\/?post_type=product&#038;p=8444"},"modified":"2026-01-05T17:38:17","modified_gmt":"2026-01-05T16:38:17","slug":"comic-roomtour-fanzine","status":"publish","type":"product","link":"https:\/\/www.pickchickbymec.com\/en\/product\/comic-roomtour-fanzine\/","title":{"rendered":"C\u00f3mic Roomtour (Fanzine)"},"content":{"rendered":"<p><em>Roomtour<\/em> es un c\u00f3mic autoeditado (fanzine) de tem\u00e1tica costumbrista y muy ligero de \u00ableer\u00bb (no tiene textos, es todo visual). Narra la adolescencia del protagonista a trav\u00e9s de escenas que suceden en su cuarto. Si buscas una historia sencilla, slice of life, cozy y con un poquito de todo como la vida misma Roomtour te encantar\u00e1. RECOMENDADO PARA MAYORES DE 16.<\/p>\n<p>Es el primer c\u00f3mic \u00abserio\u00bb escrito por mi adem\u00e1s de dibujado (y no son tiras c\u00f3micas sobre mis dramas), as\u00ed que me hace much\u00edsima ilusi\u00f3n que pueda llegar a tus manos en f\u00edsico.<\/p>\n<p>\u00abLos lugares son los testigos silenciosos de nuestras historias. En uno tan com\u00fan como un dormitorio pueden pasar muchas cosas, y quiz\u00e1s para el mundo no sean importantes, o ni siquiera interesantes&#8230; Pero son la vida de quien los habita.\u00bb<\/p>\n<p><strong>C\u00f3mic Roomtour. Caracter\u00edsticas:<\/strong><\/p>\n<ul>\n<li>Encuaderaci\u00f3n con lomo.<\/li>\n<li>Fomato din A5 (15 x 21 cm aprox.)<\/li>\n<li>Impreso a color<\/li>\n<li>Interior de 52 p\u00e1ginas.<\/li>\n<li>Puedes pedir que te lo dedique indic\u00e1ndolo con una nota al hacer el pedido.<\/li>\n<\/ul>\n<p>Este producto se env\u00eda por correo certificado con n\u00famero de seguimiento.<\/p>\n<p>Echa un vistazo a mis otros<a href=\"https:\/\/www.pickchickbymec.com\/en\/product-category\/ilustracion-1\/fanzine\/\"> c\u00f3mics y libros autoeditados<\/a>\u00a0y ahorra en los gastos de env\u00edo al pedir varios art\u00edculos a la vez.<\/p>\n<p>Puedes seguirme por <a href=\"https:\/\/twitter.com\/pickchickbymec\">Twitter<\/a>,<a href=\"https:\/\/bsky.app\/profile\/pickchickbymec.bsky.social\"> Bluesky<\/a> e <a href=\"https:\/\/www.instagram.com\/pickchickbymec\">Instagram<\/a> para enterarte de todas las novedades.<\/p>\n<p>&nbsp;<\/p>","protected":false},"excerpt":{"rendered":"<p>C\u00f3mic Roomtour.<\/p>","protected":false},"featured_media":8445,"comment_status":"open","ping_status":"closed","template":"","meta":{"_monsterinsights_skip_tracking":false,"_monsterinsights_sitenote_active":false,"_monsterinsights_sitenote_note":"","_monsterinsights_sitenote_category":0},"product_brand":[],"product_cat":[302],"product_tag":[375,374,356,482],"class_list":{"0":"post-8444","1":"product","2":"type-product","3":"status-publish","4":"has-post-thumbnail","6":"product_cat-fanzine","7":"product_tag-comic","8":"product_tag-fanzine","9":"product_tag-ilustracion","10":"product_tag-oc","11":"product_shipping_class-b-certificado-ligero","13":"first","14":"instock","15":"taxable","16":"shipping-taxable","17":"purchasable","18":"product-type-simple"},"yoast_head":"<!-- This site is optimized with the Yoast SEO plugin v27.4 - https:\/\/yoast.com\/product\/yoast-seo-wordpress\/ -->\n<title>C | P\u00f3mic Roomtour, fanzine | Pick\u00b7Chick by Mec<\/title>\n<meta name=\"description\" content=\"Roomtour es un c\u00f3mic autoeditado (fanzine) que narra la adolescencia del protagonista a trav\u00e9s de escenas que suceden en su habitaci\u00f3n.\" \/>\n<meta name=\"robots\" content=\"index, follow, max-snippet:-1, max-image-preview:large, max-video-preview:-1\" \/>\n<link rel=\"canonical\" href=\"https:\/\/www.pickchickbymec.com\/en\/product\/comic-roomtour-fanzine\/\" \/>\n<meta property=\"og:locale\" content=\"en_GB\" \/>\n<meta property=\"og:type\" content=\"article\" \/>\n<meta property=\"og:title\" content=\"C | P\u00f3mic Roomtour, fanzine | Pick\u00b7Chick by Mec\" \/>\n<meta property=\"og:description\" content=\"Roomtour es un c\u00f3mic autoeditado (fanzine) que narra la adolescencia del protagonista a trav\u00e9s de escenas que suceden en su habitaci\u00f3n.\" \/>\n<meta property=\"og:url\" content=\"https:\/\/www.pickchickbymec.com\/en\/product\/comic-roomtour-fanzine\/\" \/>\n<meta property=\"og:site_name\" content=\"Pick\u00b7Chick by Mec\" \/>\n<meta property=\"article:modified_time\" content=\"2026-01-05T16:38:17+00:00\" \/>\n<meta property=\"og:image\" content=\"https:\/\/www.pickchickbymec.com\/wp-content\/uploads\/2025\/04\/roomtour1.jpg\" \/>\n\t<meta property=\"og:image:width\" content=\"1080\" \/>\n\t<meta property=\"og:image:height\" content=\"1350\" \/>\n\t<meta property=\"og:image:type\" content=\"image\/jpeg\" \/>\n<meta name=\"twitter:card\" content=\"summary_large_image\" \/>\n<meta name=\"twitter:label1\" content=\"Estimated reading time\" \/>\n\t<meta name=\"twitter:data1\" content=\"2 minutes\" \/>\n<script type=\"application\/ld+json\" class=\"yoast-schema-graph\">{\"@context\":\"https:\\\/\\\/schema.org\",\"@graph\":[{\"@type\":\"WebPage\",\"@id\":\"https:\\\/\\\/www.pickchickbymec.com\\\/producto\\\/comic-roomtour-fanzine\\\/\",\"url\":\"https:\\\/\\\/www.pickchickbymec.com\\\/producto\\\/comic-roomtour-fanzine\\\/\",\"name\":\"C | P\u00f3mic Roomtour, fanzine | Pick\u00b7Chick by Mec\",\"isPartOf\":{\"@id\":\"https:\\\/\\\/www.pickchickbymec.com\\\/#website\"},\"primaryImageOfPage\":{\"@id\":\"https:\\\/\\\/www.pickchickbymec.com\\\/producto\\\/comic-roomtour-fanzine\\\/#primaryimage\"},\"image\":{\"@id\":\"https:\\\/\\\/www.pickchickbymec.com\\\/producto\\\/comic-roomtour-fanzine\\\/#primaryimage\"},\"thumbnailUrl\":\"https:\\\/\\\/www.pickchickbymec.com\\\/wp-content\\\/uploads\\\/2025\\\/04\\\/roomtour1.jpg\",\"datePublished\":\"2025-04-09T09:35:16+00:00\",\"dateModified\":\"2026-01-05T16:38:17+00:00\",\"description\":\"Roomtour es un c\u00f3mic autoeditado (fanzine) que narra la adolescencia del protagonista a trav\u00e9s de escenas que suceden en su habitaci\u00f3n.\",\"breadcrumb\":{\"@id\":\"https:\\\/\\\/www.pickchickbymec.com\\\/producto\\\/comic-roomtour-fanzine\\\/#breadcrumb\"},\"inLanguage\":\"en-GB\",\"potentialAction\":[{\"@type\":\"ReadAction\",\"target\":[\"https:\\\/\\\/www.pickchickbymec.com\\\/producto\\\/comic-roomtour-fanzine\\\/\"]}]},{\"@type\":\"ImageObject\",\"inLanguage\":\"en-GB\",\"@id\":\"https:\\\/\\\/www.pickchickbymec.com\\\/producto\\\/comic-roomtour-fanzine\\\/#primaryimage\",\"url\":\"https:\\\/\\\/www.pickchickbymec.com\\\/wp-content\\\/uploads\\\/2025\\\/04\\\/roomtour1.jpg\",\"contentUrl\":\"https:\\\/\\\/www.pickchickbymec.com\\\/wp-content\\\/uploads\\\/2025\\\/04\\\/roomtour1.jpg\",\"width\":1080,\"height\":1350,\"caption\":\"comic roomtour\"},{\"@type\":\"BreadcrumbList\",\"@id\":\"https:\\\/\\\/www.pickchickbymec.com\\\/producto\\\/comic-roomtour-fanzine\\\/#breadcrumb\",\"itemListElement\":[{\"@type\":\"ListItem\",\"position\":1,\"name\":\"Portada\",\"item\":\"https:\\\/\\\/www.pickchickbymec.com\\\/\"},{\"@type\":\"ListItem\",\"position\":2,\"name\":\"Tienda\",\"item\":\"https:\\\/\\\/www.pickchickbymec.com\\\/tienda\\\/\"},{\"@type\":\"ListItem\",\"position\":3,\"name\":\"C\u00f3mic Roomtour (Fanzine)\"}]},{\"@type\":\"WebSite\",\"@id\":\"https:\\\/\\\/www.pickchickbymec.com\\\/#website\",\"url\":\"https:\\\/\\\/www.pickchickbymec.com\\\/\",\"name\":\"Pick\u00b7Chick by Mec\",\"description\":\"kawaii illustrator and artisan\",\"publisher\":{\"@id\":\"https:\\\/\\\/www.pickchickbymec.com\\\/#\\\/schema\\\/person\\\/189a1cea9c7f6704595062aabbbb38fe\"},\"potentialAction\":[{\"@type\":\"SearchAction\",\"target\":{\"@type\":\"EntryPoint\",\"urlTemplate\":\"https:\\\/\\\/www.pickchickbymec.com\\\/?s={search_term_string}\"},\"query-input\":{\"@type\":\"PropertyValueSpecification\",\"valueRequired\":true,\"valueName\":\"search_term_string\"}}],\"inLanguage\":\"en-GB\"},{\"@type\":[\"Person\",\"Organization\"],\"@id\":\"https:\\\/\\\/www.pickchickbymec.com\\\/#\\\/schema\\\/person\\\/189a1cea9c7f6704595062aabbbb38fe\",\"name\":\"pickchickbymec\",\"image\":{\"@type\":\"ImageObject\",\"inLanguage\":\"en-GB\",\"@id\":\"https:\\\/\\\/secure.gravatar.com\\\/avatar\\\/0c13b11690ce1ad38e031b40cac436947d766b2585e3e81250e6cf60b0a3b61f?s=96&d=mm&r=g\",\"url\":\"https:\\\/\\\/secure.gravatar.com\\\/avatar\\\/0c13b11690ce1ad38e031b40cac436947d766b2585e3e81250e6cf60b0a3b61f?s=96&d=mm&r=g\",\"contentUrl\":\"https:\\\/\\\/secure.gravatar.com\\\/avatar\\\/0c13b11690ce1ad38e031b40cac436947d766b2585e3e81250e6cf60b0a3b61f?s=96&d=mm&r=g\",\"caption\":\"pickchickbymec\"},\"logo\":{\"@id\":\"https:\\\/\\\/secure.gravatar.com\\\/avatar\\\/0c13b11690ce1ad38e031b40cac436947d766b2585e3e81250e6cf60b0a3b61f?s=96&d=mm&r=g\"}}]}<\/script>\n<!-- \/ Yoast SEO plugin. -->","yoast_head_json":{"title":"C | P\u00f3mic Roomtour, fanzine | Pick\u00b7Chick by Mec","description":"Roomtour es un c\u00f3mic autoeditado (fanzine) que narra la adolescencia del protagonista a trav\u00e9s de escenas que suceden en su habitaci\u00f3n.","robots":{"index":"index","follow":"follow","max-snippet":"max-snippet:-1","max-image-preview":"max-image-preview:large","max-video-preview":"max-video-preview:-1"},"canonical":"https:\/\/www.pickchickbymec.com\/en\/product\/comic-roomtour-fanzine\/","og_locale":"en_GB","og_type":"article","og_title":"C | P\u00f3mic Roomtour, fanzine | Pick\u00b7Chick by Mec","og_description":"Roomtour es un c\u00f3mic autoeditado (fanzine) que narra la adolescencia del protagonista a trav\u00e9s de escenas que suceden en su habitaci\u00f3n.","og_url":"https:\/\/www.pickchickbymec.com\/en\/product\/comic-roomtour-fanzine\/","og_site_name":"Pick\u00b7Chick by Mec","article_modified_time":"2026-01-05T16:38:17+00:00","og_image":[{"width":1080,"height":1350,"url":"https:\/\/www.pickchickbymec.com\/wp-content\/uploads\/2025\/04\/roomtour1.jpg","type":"image\/jpeg"}],"twitter_card":"summary_large_image","twitter_misc":{"Estimated reading time":"2 minutes"},"schema":{"@context":"https:\/\/schema.org","@graph":[{"@type":"WebPage","@id":"https:\/\/www.pickchickbymec.com\/producto\/comic-roomtour-fanzine\/","url":"https:\/\/www.pickchickbymec.com\/producto\/comic-roomtour-fanzine\/","name":"C | P\u00f3mic Roomtour, fanzine | Pick\u00b7Chick by Mec","isPartOf":{"@id":"https:\/\/www.pickchickbymec.com\/#website"},"primaryImageOfPage":{"@id":"https:\/\/www.pickchickbymec.com\/producto\/comic-roomtour-fanzine\/#primaryimage"},"image":{"@id":"https:\/\/www.pickchickbymec.com\/producto\/comic-roomtour-fanzine\/#primaryimage"},"thumbnailUrl":"https:\/\/www.pickchickbymec.com\/wp-content\/uploads\/2025\/04\/roomtour1.jpg","datePublished":"2025-04-09T09:35:16+00:00","dateModified":"2026-01-05T16:38:17+00:00","description":"Roomtour es un c\u00f3mic autoeditado (fanzine) que narra la adolescencia del protagonista a trav\u00e9s de escenas que suceden en su habitaci\u00f3n.","breadcrumb":{"@id":"https:\/\/www.pickchickbymec.com\/producto\/comic-roomtour-fanzine\/#breadcrumb"},"inLanguage":"en-GB","potentialAction":[{"@type":"ReadAction","target":["https:\/\/www.pickchickbymec.com\/producto\/comic-roomtour-fanzine\/"]}]},{"@type":"ImageObject","inLanguage":"en-GB","@id":"https:\/\/www.pickchickbymec.com\/producto\/comic-roomtour-fanzine\/#primaryimage","url":"https:\/\/www.pickchickbymec.com\/wp-content\/uploads\/2025\/04\/roomtour1.jpg","contentUrl":"https:\/\/www.pickchickbymec.com\/wp-content\/uploads\/2025\/04\/roomtour1.jpg","width":1080,"height":1350,"caption":"comic roomtour"},{"@type":"BreadcrumbList","@id":"https:\/\/www.pickchickbymec.com\/producto\/comic-roomtour-fanzine\/#breadcrumb","itemListElement":[{"@type":"ListItem","position":1,"name":"Portada","item":"https:\/\/www.pickchickbymec.com\/"},{"@type":"ListItem","position":2,"name":"Tienda","item":"https:\/\/www.pickchickbymec.com\/tienda\/"},{"@type":"ListItem","position":3,"name":"C\u00f3mic Roomtour (Fanzine)"}]},{"@type":"WebSite","@id":"https:\/\/www.pickchickbymec.com\/#website","url":"https:\/\/www.pickchickbymec.com\/","name":"Pick-Chick by Mec","description":"kawaii illustrator and artisan","publisher":{"@id":"https:\/\/www.pickchickbymec.com\/#\/schema\/person\/189a1cea9c7f6704595062aabbbb38fe"},"potentialAction":[{"@type":"SearchAction","target":{"@type":"EntryPoint","urlTemplate":"https:\/\/www.pickchickbymec.com\/?s={search_term_string}"},"query-input":{"@type":"PropertyValueSpecification","valueRequired":true,"valueName":"search_term_string"}}],"inLanguage":"en-GB"},{"@type":["Person","Organization"],"@id":"https:\/\/www.pickchickbymec.com\/#\/schema\/person\/189a1cea9c7f6704595062aabbbb38fe","name":"pickchickbymec","image":{"@type":"ImageObject","inLanguage":"en-GB","@id":"https:\/\/secure.gravatar.com\/avatar\/0c13b11690ce1ad38e031b40cac436947d766b2585e3e81250e6cf60b0a3b61f?s=96&d=mm&r=g","url":"https:\/\/secure.gravatar.com\/avatar\/0c13b11690ce1ad38e031b40cac436947d766b2585e3e81250e6cf60b0a3b61f?s=96&d=mm&r=g","contentUrl":"https:\/\/secure.gravatar.com\/avatar\/0c13b11690ce1ad38e031b40cac436947d766b2585e3e81250e6cf60b0a3b61f?s=96&d=mm&r=g","caption":"pickchickbymec"},"logo":{"@id":"https:\/\/secure.gravatar.com\/avatar\/0c13b11690ce1ad38e031b40cac436947d766b2585e3e81250e6cf60b0a3b61f?s=96&d=mm&r=g"}}]}},"jetpack-related-posts":[],"jetpack_sharing_enabled":true,"_links":{"self":[{"href":"https:\/\/www.pickchickbymec.com\/en\/wp-json\/wp\/v2\/product\/8444","targetHints":{"allow":["GET"]}}],"collection":[{"href":"https:\/\/www.pickchickbymec.com\/en\/wp-json\/wp\/v2\/product"}],"about":[{"href":"https:\/\/www.pickchickbymec.com\/en\/wp-json\/wp\/v2\/types\/product"}],"replies":[{"embeddable":true,"href":"https:\/\/www.pickchickbymec.com\/en\/wp-json\/wp\/v2\/comments?post=8444"}],"wp:featuredmedia":[{"embeddable":true,"href":"https:\/\/www.pickchickbymec.com\/en\/wp-json\/wp\/v2\/media\/8445"}],"wp:attachment":[{"href":"https:\/\/www.pickchickbymec.com\/en\/wp-json\/wp\/v2\/media?parent=8444"}],"wp:term":[{"taxonomy":"product_brand","embeddable":true,"href":"https:\/\/www.pickchickbymec.com\/en\/wp-json\/wp\/v2\/product_brand?post=8444"},{"taxonomy":"product_cat","embeddable":true,"href":"https:\/\/www.pickchickbymec.com\/en\/wp-json\/wp\/v2\/product_cat?post=8444"},{"taxonomy":"product_tag","embeddable":true,"href":"https:\/\/www.pickchickbymec.com\/en\/wp-json\/wp\/v2\/product_tag?post=8444"}],"curies":[{"name":"wp","href":"https:\/\/api.w.org\/{rel}","templated":true}]}}