{"id":8653,"date":"2025-08-01T18:12:25","date_gmt":"2025-08-01T16:12:25","guid":{"rendered":"https:\/\/www.pickchickbymec.com\/?post_type=product&#038;p=8653"},"modified":"2025-12-29T17:22:13","modified_gmt":"2025-12-29T16:22:13","slug":"llavero-de-tela-untitled-goose-game","status":"publish","type":"product","link":"https:\/\/www.pickchickbymec.com\/en\/product\/llavero-de-tela-untitled-goose-game\/","title":{"rendered":"Untitled goose game fabric keyring, handmade"},"content":{"rendered":"<p>Llavero de tela adorable y suave hecho a mano inspirado en el ganso protagonista del videojuego Untitled goose game. Tanto si eres fan del juego como si crees que un pajarraco haciendo el mal por un pueblito ingl\u00e9s te representa no dudes que este llavero es para ti. La parte trasera es de tela peludita de color crema, y lleva un cierre de mosquet\u00f3n amarillo. Es un llavero grandote, que te puede servir para encontrar mucho m\u00e1s f\u00e1cilmente las llaves en tu bolso. Se pone y quita con facilidad, as\u00ed que puedes usarlo tambi\u00e9n para decorar cualquier bolso o mochila seg\u00fan la ocasi\u00f3n.<\/p>\n<p><strong>Llavero de tela de Untitled goose game. Especificaciones:<\/strong><\/p>\n<ul>\n<li><span style=\"font-weight: 400;\">Parte frontal de tela de loneta<\/span><\/li>\n<li><span style=\"font-weight: 400;\">Parte trasera de tela de peluche<\/span><\/li>\n<li><span style=\"font-weight: 400;\">Cierre de mosquet\u00f3n grande de pl\u00e1stico<\/span><\/li>\n<li>Decorado con cinta de organza<\/li>\n<li>Relleno de fibra<\/li>\n<li>Medidas 10 cm aprox<\/li>\n<li>HECHO A MANO<\/li>\n<\/ul>\n<p><span style=\"font-weight: 400;\">Este producto se env\u00eda por correo certificado con n\u00famero de seguimiento.<\/span><\/p>\n<p><span style=\"font-weight: 400;\">Echa un vistazo al resto de <a href=\"https:\/\/www.pickchickbymec.com\/en\/nekoi\/\">productos de Nekoi <\/a>que hay en mi tienda y combina varias cositas en tu compra para ahorrar en los gastos de env\u00edo.<\/span><\/p>\n<p><span style=\"font-weight: 400;\">\u00a0Si quieres enterarte de todas las novedades y ver fotos del proceso de los nuevos productos s\u00edgueme en <a href=\"https:\/\/twitter.com\/pickchickbymec\">Twitter<\/a>, <a href=\"https:\/\/web-cdn.bsky.app\/profile\/did:plc:hfdrwrnm3qtvzuodnls4aexn\">Bluesky<\/a>, <a href=\"https:\/\/www.tiktok.com\/@mecsart?lang=es\">Tiktok<\/a> e <a href=\"https:\/\/www.instagram.com\/pickchickbymec\/\">Instagram<\/a>.<\/span><\/p>","protected":false},"excerpt":{"rendered":"<p>Llavero de tela inspirado en el ganso del videojuego Untitled goose game.<\/p>\n<p>Hecho a mano.<\/p>","protected":false},"featured_media":8654,"comment_status":"open","ping_status":"closed","template":"","meta":{"_monsterinsights_skip_tracking":false,"_monsterinsights_sitenote_active":false,"_monsterinsights_sitenote_note":"","_monsterinsights_sitenote_category":0},"product_brand":[],"product_cat":[429],"product_tag":[359,370,397,416],"class_list":{"0":"post-8653","1":"product","2":"type-product","3":"status-publish","4":"has-post-thumbnail","6":"product_cat-textil","7":"product_tag-fanart","8":"product_tag-llavero","9":"product_tag-pajaros","10":"product_tag-videojuegos","11":"product_shipping_class-b-certificado-ligero","13":"first","14":"instock","15":"taxable","16":"shipping-taxable","17":"purchasable","18":"product-type-simple"},"yoast_head":"<!-- This site is optimized with the Yoast SEO plugin v27.4 - https:\/\/yoast.com\/product\/yoast-seo-wordpress\/ -->\n<title>Llavero de tela Untitled goose game, hecho a mano | Pick\u00b7Chick by Mec<\/title>\n<meta name=\"description\" content=\"Llavero textil relleno inspirado en el ganso protagonista del videojuego Untitled goose game. Hecho a mano, con tela peludita por detr\u00e1s.\" \/>\n<meta name=\"robots\" content=\"index, follow, max-snippet:-1, max-image-preview:large, max-video-preview:-1\" \/>\n<link rel=\"canonical\" href=\"https:\/\/www.pickchickbymec.com\/en\/product\/llavero-de-tela-untitled-goose-game\/\" \/>\n<meta property=\"og:locale\" content=\"en_GB\" \/>\n<meta property=\"og:type\" content=\"article\" \/>\n<meta property=\"og:title\" content=\"Llavero de tela Untitled goose game, hecho a mano | Pick\u00b7Chick by Mec\" \/>\n<meta property=\"og:description\" content=\"Llavero textil relleno inspirado en el ganso protagonista del videojuego Untitled goose game. Hecho a mano, con tela peludita por detr\u00e1s.\" \/>\n<meta property=\"og:url\" content=\"https:\/\/www.pickchickbymec.com\/en\/product\/llavero-de-tela-untitled-goose-game\/\" \/>\n<meta property=\"og:site_name\" content=\"Pick\u00b7Chick by Mec\" \/>\n<meta property=\"article:modified_time\" content=\"2025-12-29T16:22:13+00:00\" \/>\n<meta property=\"og:image\" content=\"https:\/\/www.pickchickbymec.com\/wp-content\/uploads\/2025\/08\/honk1.jpg\" \/>\n\t<meta property=\"og:image:width\" content=\"1000\" \/>\n\t<meta property=\"og:image:height\" content=\"709\" \/>\n\t<meta property=\"og:image:type\" content=\"image\/jpeg\" \/>\n<meta name=\"twitter:card\" content=\"summary_large_image\" \/>\n<meta name=\"twitter:label1\" content=\"Estimated reading time\" \/>\n\t<meta name=\"twitter:data1\" content=\"2 minutes\" \/>\n<script type=\"application\/ld+json\" class=\"yoast-schema-graph\">{\"@context\":\"https:\\\/\\\/schema.org\",\"@graph\":[{\"@type\":\"WebPage\",\"@id\":\"https:\\\/\\\/www.pickchickbymec.com\\\/producto\\\/llavero-de-tela-untitled-goose-game\\\/\",\"url\":\"https:\\\/\\\/www.pickchickbymec.com\\\/producto\\\/llavero-de-tela-untitled-goose-game\\\/\",\"name\":\"Llavero de tela Untitled goose game, hecho a mano | Pick\u00b7Chick by Mec\",\"isPartOf\":{\"@id\":\"https:\\\/\\\/www.pickchickbymec.com\\\/#website\"},\"primaryImageOfPage\":{\"@id\":\"https:\\\/\\\/www.pickchickbymec.com\\\/producto\\\/llavero-de-tela-untitled-goose-game\\\/#primaryimage\"},\"image\":{\"@id\":\"https:\\\/\\\/www.pickchickbymec.com\\\/producto\\\/llavero-de-tela-untitled-goose-game\\\/#primaryimage\"},\"thumbnailUrl\":\"https:\\\/\\\/www.pickchickbymec.com\\\/wp-content\\\/uploads\\\/2025\\\/08\\\/honk1.jpg\",\"datePublished\":\"2025-08-01T16:12:25+00:00\",\"dateModified\":\"2025-12-29T16:22:13+00:00\",\"description\":\"Llavero textil relleno inspirado en el ganso protagonista del videojuego Untitled goose game. Hecho a mano, con tela peludita por detr\u00e1s.\",\"breadcrumb\":{\"@id\":\"https:\\\/\\\/www.pickchickbymec.com\\\/producto\\\/llavero-de-tela-untitled-goose-game\\\/#breadcrumb\"},\"inLanguage\":\"en-GB\",\"potentialAction\":[{\"@type\":\"ReadAction\",\"target\":[\"https:\\\/\\\/www.pickchickbymec.com\\\/producto\\\/llavero-de-tela-untitled-goose-game\\\/\"]}]},{\"@type\":\"ImageObject\",\"inLanguage\":\"en-GB\",\"@id\":\"https:\\\/\\\/www.pickchickbymec.com\\\/producto\\\/llavero-de-tela-untitled-goose-game\\\/#primaryimage\",\"url\":\"https:\\\/\\\/www.pickchickbymec.com\\\/wp-content\\\/uploads\\\/2025\\\/08\\\/honk1.jpg\",\"contentUrl\":\"https:\\\/\\\/www.pickchickbymec.com\\\/wp-content\\\/uploads\\\/2025\\\/08\\\/honk1.jpg\",\"width\":1000,\"height\":709},{\"@type\":\"BreadcrumbList\",\"@id\":\"https:\\\/\\\/www.pickchickbymec.com\\\/producto\\\/llavero-de-tela-untitled-goose-game\\\/#breadcrumb\",\"itemListElement\":[{\"@type\":\"ListItem\",\"position\":1,\"name\":\"Portada\",\"item\":\"https:\\\/\\\/www.pickchickbymec.com\\\/\"},{\"@type\":\"ListItem\",\"position\":2,\"name\":\"Tienda\",\"item\":\"https:\\\/\\\/www.pickchickbymec.com\\\/tienda\\\/\"},{\"@type\":\"ListItem\",\"position\":3,\"name\":\"Llavero de tela Untitled goose game, hecho a mano\"}]},{\"@type\":\"WebSite\",\"@id\":\"https:\\\/\\\/www.pickchickbymec.com\\\/#website\",\"url\":\"https:\\\/\\\/www.pickchickbymec.com\\\/\",\"name\":\"Pick\u00b7Chick by Mec\",\"description\":\"kawaii illustrator and artisan\",\"publisher\":{\"@id\":\"https:\\\/\\\/www.pickchickbymec.com\\\/#\\\/schema\\\/person\\\/189a1cea9c7f6704595062aabbbb38fe\"},\"potentialAction\":[{\"@type\":\"SearchAction\",\"target\":{\"@type\":\"EntryPoint\",\"urlTemplate\":\"https:\\\/\\\/www.pickchickbymec.com\\\/?s={search_term_string}\"},\"query-input\":{\"@type\":\"PropertyValueSpecification\",\"valueRequired\":true,\"valueName\":\"search_term_string\"}}],\"inLanguage\":\"en-GB\"},{\"@type\":[\"Person\",\"Organization\"],\"@id\":\"https:\\\/\\\/www.pickchickbymec.com\\\/#\\\/schema\\\/person\\\/189a1cea9c7f6704595062aabbbb38fe\",\"name\":\"pickchickbymec\",\"image\":{\"@type\":\"ImageObject\",\"inLanguage\":\"en-GB\",\"@id\":\"https:\\\/\\\/secure.gravatar.com\\\/avatar\\\/0c13b11690ce1ad38e031b40cac436947d766b2585e3e81250e6cf60b0a3b61f?s=96&d=mm&r=g\",\"url\":\"https:\\\/\\\/secure.gravatar.com\\\/avatar\\\/0c13b11690ce1ad38e031b40cac436947d766b2585e3e81250e6cf60b0a3b61f?s=96&d=mm&r=g\",\"contentUrl\":\"https:\\\/\\\/secure.gravatar.com\\\/avatar\\\/0c13b11690ce1ad38e031b40cac436947d766b2585e3e81250e6cf60b0a3b61f?s=96&d=mm&r=g\",\"caption\":\"pickchickbymec\"},\"logo\":{\"@id\":\"https:\\\/\\\/secure.gravatar.com\\\/avatar\\\/0c13b11690ce1ad38e031b40cac436947d766b2585e3e81250e6cf60b0a3b61f?s=96&d=mm&r=g\"}}]}<\/script>\n<!-- \/ Yoast SEO plugin. -->","yoast_head_json":{"title":"Llavero de tela Untitled goose game, hecho a mano | Pick\u00b7Chick by Mec","description":"Llavero textil relleno inspirado en el ganso protagonista del videojuego Untitled goose game. Hecho a mano, con tela peludita por detr\u00e1s.","robots":{"index":"index","follow":"follow","max-snippet":"max-snippet:-1","max-image-preview":"max-image-preview:large","max-video-preview":"max-video-preview:-1"},"canonical":"https:\/\/www.pickchickbymec.com\/en\/product\/llavero-de-tela-untitled-goose-game\/","og_locale":"en_GB","og_type":"article","og_title":"Llavero de tela Untitled goose game, hecho a mano | Pick\u00b7Chick by Mec","og_description":"Llavero textil relleno inspirado en el ganso protagonista del videojuego Untitled goose game. Hecho a mano, con tela peludita por detr\u00e1s.","og_url":"https:\/\/www.pickchickbymec.com\/en\/product\/llavero-de-tela-untitled-goose-game\/","og_site_name":"Pick\u00b7Chick by Mec","article_modified_time":"2025-12-29T16:22:13+00:00","og_image":[{"width":1000,"height":709,"url":"https:\/\/www.pickchickbymec.com\/wp-content\/uploads\/2025\/08\/honk1.jpg","type":"image\/jpeg"}],"twitter_card":"summary_large_image","twitter_misc":{"Estimated reading time":"2 minutes"},"schema":{"@context":"https:\/\/schema.org","@graph":[{"@type":"WebPage","@id":"https:\/\/www.pickchickbymec.com\/producto\/llavero-de-tela-untitled-goose-game\/","url":"https:\/\/www.pickchickbymec.com\/producto\/llavero-de-tela-untitled-goose-game\/","name":"Llavero de tela Untitled goose game, hecho a mano | Pick\u00b7Chick by Mec","isPartOf":{"@id":"https:\/\/www.pickchickbymec.com\/#website"},"primaryImageOfPage":{"@id":"https:\/\/www.pickchickbymec.com\/producto\/llavero-de-tela-untitled-goose-game\/#primaryimage"},"image":{"@id":"https:\/\/www.pickchickbymec.com\/producto\/llavero-de-tela-untitled-goose-game\/#primaryimage"},"thumbnailUrl":"https:\/\/www.pickchickbymec.com\/wp-content\/uploads\/2025\/08\/honk1.jpg","datePublished":"2025-08-01T16:12:25+00:00","dateModified":"2025-12-29T16:22:13+00:00","description":"Llavero textil relleno inspirado en el ganso protagonista del videojuego Untitled goose game. Hecho a mano, con tela peludita por detr\u00e1s.","breadcrumb":{"@id":"https:\/\/www.pickchickbymec.com\/producto\/llavero-de-tela-untitled-goose-game\/#breadcrumb"},"inLanguage":"en-GB","potentialAction":[{"@type":"ReadAction","target":["https:\/\/www.pickchickbymec.com\/producto\/llavero-de-tela-untitled-goose-game\/"]}]},{"@type":"ImageObject","inLanguage":"en-GB","@id":"https:\/\/www.pickchickbymec.com\/producto\/llavero-de-tela-untitled-goose-game\/#primaryimage","url":"https:\/\/www.pickchickbymec.com\/wp-content\/uploads\/2025\/08\/honk1.jpg","contentUrl":"https:\/\/www.pickchickbymec.com\/wp-content\/uploads\/2025\/08\/honk1.jpg","width":1000,"height":709},{"@type":"BreadcrumbList","@id":"https:\/\/www.pickchickbymec.com\/producto\/llavero-de-tela-untitled-goose-game\/#breadcrumb","itemListElement":[{"@type":"ListItem","position":1,"name":"Portada","item":"https:\/\/www.pickchickbymec.com\/"},{"@type":"ListItem","position":2,"name":"Tienda","item":"https:\/\/www.pickchickbymec.com\/tienda\/"},{"@type":"ListItem","position":3,"name":"Llavero de tela Untitled goose game, hecho a mano"}]},{"@type":"WebSite","@id":"https:\/\/www.pickchickbymec.com\/#website","url":"https:\/\/www.pickchickbymec.com\/","name":"Pick-Chick by Mec","description":"kawaii illustrator and artisan","publisher":{"@id":"https:\/\/www.pickchickbymec.com\/#\/schema\/person\/189a1cea9c7f6704595062aabbbb38fe"},"potentialAction":[{"@type":"SearchAction","target":{"@type":"EntryPoint","urlTemplate":"https:\/\/www.pickchickbymec.com\/?s={search_term_string}"},"query-input":{"@type":"PropertyValueSpecification","valueRequired":true,"valueName":"search_term_string"}}],"inLanguage":"en-GB"},{"@type":["Person","Organization"],"@id":"https:\/\/www.pickchickbymec.com\/#\/schema\/person\/189a1cea9c7f6704595062aabbbb38fe","name":"pickchickbymec","image":{"@type":"ImageObject","inLanguage":"en-GB","@id":"https:\/\/secure.gravatar.com\/avatar\/0c13b11690ce1ad38e031b40cac436947d766b2585e3e81250e6cf60b0a3b61f?s=96&d=mm&r=g","url":"https:\/\/secure.gravatar.com\/avatar\/0c13b11690ce1ad38e031b40cac436947d766b2585e3e81250e6cf60b0a3b61f?s=96&d=mm&r=g","contentUrl":"https:\/\/secure.gravatar.com\/avatar\/0c13b11690ce1ad38e031b40cac436947d766b2585e3e81250e6cf60b0a3b61f?s=96&d=mm&r=g","caption":"pickchickbymec"},"logo":{"@id":"https:\/\/secure.gravatar.com\/avatar\/0c13b11690ce1ad38e031b40cac436947d766b2585e3e81250e6cf60b0a3b61f?s=96&d=mm&r=g"}}]}},"jetpack-related-posts":[],"jetpack_sharing_enabled":true,"_links":{"self":[{"href":"https:\/\/www.pickchickbymec.com\/en\/wp-json\/wp\/v2\/product\/8653","targetHints":{"allow":["GET"]}}],"collection":[{"href":"https:\/\/www.pickchickbymec.com\/en\/wp-json\/wp\/v2\/product"}],"about":[{"href":"https:\/\/www.pickchickbymec.com\/en\/wp-json\/wp\/v2\/types\/product"}],"replies":[{"embeddable":true,"href":"https:\/\/www.pickchickbymec.com\/en\/wp-json\/wp\/v2\/comments?post=8653"}],"wp:featuredmedia":[{"embeddable":true,"href":"https:\/\/www.pickchickbymec.com\/en\/wp-json\/wp\/v2\/media\/8654"}],"wp:attachment":[{"href":"https:\/\/www.pickchickbymec.com\/en\/wp-json\/wp\/v2\/media?parent=8653"}],"wp:term":[{"taxonomy":"product_brand","embeddable":true,"href":"https:\/\/www.pickchickbymec.com\/en\/wp-json\/wp\/v2\/product_brand?post=8653"},{"taxonomy":"product_cat","embeddable":true,"href":"https:\/\/www.pickchickbymec.com\/en\/wp-json\/wp\/v2\/product_cat?post=8653"},{"taxonomy":"product_tag","embeddable":true,"href":"https:\/\/www.pickchickbymec.com\/en\/wp-json\/wp\/v2\/product_tag?post=8653"}],"curies":[{"name":"wp","href":"https:\/\/api.w.org\/{rel}","templated":true}]}}