{"id":8726,"date":"2025-09-01T14:02:34","date_gmt":"2025-09-01T12:02:34","guid":{"rendered":"https:\/\/www.pickchickbymec.com\/?post_type=product&#038;p=8726"},"modified":"2025-12-22T13:02:14","modified_gmt":"2025-12-22T12:02:14","slug":"colgante-acrilico-para-movil-badass-birbs-pajaritos-bolsa-sorpresa","status":"publish","type":"product","link":"https:\/\/www.pickchickbymec.com\/en\/product\/colgante-acrilico-para-movil-badass-birbs-pajaritos-bolsa-sorpresa\/","title":{"rendered":"Badass Birbs acrylic pendant for mobile phone, surprise bag (Little hooligans)"},"content":{"rendered":"<p>Bolsas sorpresa que incluyen un colgante acr\u00edlico para m\u00f3vil y una tarjeta de pajaritos gamberros. Mucho se habla de las trastadas de gatos y perros, pero las aves tambi\u00e9n tienen sus momentos de liarla gorda. En estas bolsitas sorpresa encontrar\u00e1s un charm para m\u00f3vil y una tarjeta con una frase motivadora e inspiradora. Hay 8 modelos distintos, todos ellos inspirados en aves de compa\u00f1ia como el agaporni, el loro gris o el periquito, li\u00e1ndola de distintas formas y dibujados en un estilo la mar de adorable.<\/p>\n<p>Es completamente aleatorio, no se puede elegir modelo, \u00a1Es una bolsa sorpresa! As\u00ed que mucha suerte ;D<\/p>\n<p><strong>Colgante acr\u00edlico Badass Birbs (pajaritos gamberros). Especificaciones:<\/strong><\/p>\n<ul>\n<li>Medidas pieza acr\u00edlica 2,5 cm<\/li>\n<li>Acr\u00edlico de color pastel<\/li>\n<li>Impreso a una cara<\/li>\n<li>Medidas tarjeta ilustrada 7,5 x 7,5 cm<\/li>\n<li>Cada bolsita incluye 1 colgante y 1 tarjeta sorpresa<\/li>\n<li>8 modelos distintos disponibles<\/li>\n<\/ul>\n<p><span style=\"font-weight: 400;\">Este producto se env\u00eda por correo certificado con n\u00famero de seguimiento.<\/span><\/p>\n<p><span style=\"font-weight: 400;\">Echa un vistazo al resto de productos de mi tienda <a href=\"https:\/\/www.pickchickbymec.com\/en\/product-tag\/pajaros\/\">inspirados en pajaritos<\/a> y ahorra al combinar los env\u00edos pidiendo m\u00e1s de un producto. <\/span><\/p>\n<p><span style=\"font-weight: 400;\">Si quieres enterarte de todas las novedades y ver fotos del proceso de los nuevos productos s\u00edgueme en <a href=\"https:\/\/twitter.com\/pickchickbymec\">Twitter<\/a> e <a href=\"https:\/\/www.instagram.com\/pickchickbymec\/\">Instagram<\/a>.<\/span><\/p>\n<p>&nbsp;<\/p>","protected":false},"excerpt":{"rendered":"<p>Bolsa sorpresa Badass Birbs (pajaritos gamberros) que incluye:<\/p>\n<ul>\n<li>1 colgante para m\u00f3vil aleatorio (8 modelos disponibles).<\/li>\n<li>1 tarjeta coleccionable con frase motivadora.<\/li>\n<\/ul>","protected":false},"featured_media":8729,"comment_status":"open","ping_status":"closed","template":"","meta":{"_monsterinsights_skip_tracking":false,"_monsterinsights_sitenote_active":false,"_monsterinsights_sitenote_note":"","_monsterinsights_sitenote_category":0},"product_brand":[],"product_cat":[288],"product_tag":[410,552,496,497,397],"class_list":{"0":"post-8726","1":"product","2":"type-product","3":"status-publish","4":"has-post-thumbnail","6":"product_cat-accesorios","7":"product_tag-acrilico","8":"product_tag-badass-birbs","9":"product_tag-colgante-movil","10":"product_tag-lucky-bag","11":"product_tag-pajaros","12":"product_shipping_class-b-certificado-ligero","14":"first","15":"instock","16":"taxable","17":"shipping-taxable","18":"purchasable","19":"product-type-simple"},"yoast_head":"<!-- This site is optimized with the Yoast SEO plugin v27.4 - https:\/\/yoast.com\/product\/yoast-seo-wordpress\/ -->\n<title>Colgante para m\u00f3vil pajaritos gamberros bolsa sorpresa - Pick\u00b7Chick by Mec<\/title>\n<meta name=\"description\" content=\"Bolsa sorpresa con un colgante para m\u00f3vil de pajaritos y una tarjeta coleccionable. Hay 8 modelos distintos, todos inspirados en palomas.\" \/>\n<meta name=\"robots\" content=\"index, follow, max-snippet:-1, max-image-preview:large, max-video-preview:-1\" \/>\n<link rel=\"canonical\" href=\"https:\/\/www.pickchickbymec.com\/en\/product\/colgante-acrilico-para-movil-badass-birbs-pajaritos-bolsa-sorpresa\/\" \/>\n<meta property=\"og:locale\" content=\"en_GB\" \/>\n<meta property=\"og:type\" content=\"article\" \/>\n<meta property=\"og:title\" content=\"Colgante para m\u00f3vil pajaritos gamberros bolsa sorpresa - Pick\u00b7Chick by Mec\" \/>\n<meta property=\"og:description\" content=\"Bolsa sorpresa con un colgante para m\u00f3vil de pajaritos y una tarjeta coleccionable. Hay 8 modelos distintos, todos inspirados en palomas.\" \/>\n<meta property=\"og:url\" content=\"https:\/\/www.pickchickbymec.com\/en\/product\/colgante-acrilico-para-movil-badass-birbs-pajaritos-bolsa-sorpresa\/\" \/>\n<meta property=\"og:site_name\" content=\"Pick\u00b7Chick by Mec\" \/>\n<meta property=\"article:modified_time\" content=\"2025-12-22T12:02:14+00:00\" \/>\n<meta property=\"og:image\" content=\"https:\/\/www.pickchickbymec.com\/wp-content\/uploads\/2025\/09\/surprise-birbs3.jpg\" \/>\n\t<meta property=\"og:image:width\" content=\"926\" \/>\n\t<meta property=\"og:image:height\" content=\"1000\" \/>\n\t<meta property=\"og:image:type\" content=\"image\/jpeg\" \/>\n<meta name=\"twitter:card\" content=\"summary_large_image\" \/>\n<meta name=\"twitter:label1\" content=\"Estimated reading time\" \/>\n\t<meta name=\"twitter:data1\" content=\"2 minutes\" \/>\n<script type=\"application\/ld+json\" class=\"yoast-schema-graph\">{\"@context\":\"https:\\\/\\\/schema.org\",\"@graph\":[{\"@type\":\"WebPage\",\"@id\":\"https:\\\/\\\/www.pickchickbymec.com\\\/producto\\\/colgante-acrilico-para-movil-badass-birbs-pajaritos-bolsa-sorpresa\\\/\",\"url\":\"https:\\\/\\\/www.pickchickbymec.com\\\/producto\\\/colgante-acrilico-para-movil-badass-birbs-pajaritos-bolsa-sorpresa\\\/\",\"name\":\"Colgante para m\u00f3vil pajaritos gamberros bolsa sorpresa - Pick\u00b7Chick by Mec\",\"isPartOf\":{\"@id\":\"https:\\\/\\\/www.pickchickbymec.com\\\/#website\"},\"primaryImageOfPage\":{\"@id\":\"https:\\\/\\\/www.pickchickbymec.com\\\/producto\\\/colgante-acrilico-para-movil-badass-birbs-pajaritos-bolsa-sorpresa\\\/#primaryimage\"},\"image\":{\"@id\":\"https:\\\/\\\/www.pickchickbymec.com\\\/producto\\\/colgante-acrilico-para-movil-badass-birbs-pajaritos-bolsa-sorpresa\\\/#primaryimage\"},\"thumbnailUrl\":\"https:\\\/\\\/www.pickchickbymec.com\\\/wp-content\\\/uploads\\\/2025\\\/09\\\/surprise-birbs3.jpg\",\"datePublished\":\"2025-09-01T12:02:34+00:00\",\"dateModified\":\"2025-12-22T12:02:14+00:00\",\"description\":\"Bolsa sorpresa con un colgante para m\u00f3vil de pajaritos y una tarjeta coleccionable. Hay 8 modelos distintos, todos inspirados en palomas.\",\"breadcrumb\":{\"@id\":\"https:\\\/\\\/www.pickchickbymec.com\\\/producto\\\/colgante-acrilico-para-movil-badass-birbs-pajaritos-bolsa-sorpresa\\\/#breadcrumb\"},\"inLanguage\":\"en-GB\",\"potentialAction\":[{\"@type\":\"ReadAction\",\"target\":[\"https:\\\/\\\/www.pickchickbymec.com\\\/producto\\\/colgante-acrilico-para-movil-badass-birbs-pajaritos-bolsa-sorpresa\\\/\"]}]},{\"@type\":\"ImageObject\",\"inLanguage\":\"en-GB\",\"@id\":\"https:\\\/\\\/www.pickchickbymec.com\\\/producto\\\/colgante-acrilico-para-movil-badass-birbs-pajaritos-bolsa-sorpresa\\\/#primaryimage\",\"url\":\"https:\\\/\\\/www.pickchickbymec.com\\\/wp-content\\\/uploads\\\/2025\\\/09\\\/surprise-birbs3.jpg\",\"contentUrl\":\"https:\\\/\\\/www.pickchickbymec.com\\\/wp-content\\\/uploads\\\/2025\\\/09\\\/surprise-birbs3.jpg\",\"width\":926,\"height\":1000,\"caption\":\"colgante m\u00f3vil pajaritos gamberros\"},{\"@type\":\"BreadcrumbList\",\"@id\":\"https:\\\/\\\/www.pickchickbymec.com\\\/producto\\\/colgante-acrilico-para-movil-badass-birbs-pajaritos-bolsa-sorpresa\\\/#breadcrumb\",\"itemListElement\":[{\"@type\":\"ListItem\",\"position\":1,\"name\":\"Portada\",\"item\":\"https:\\\/\\\/www.pickchickbymec.com\\\/\"},{\"@type\":\"ListItem\",\"position\":2,\"name\":\"Tienda\",\"item\":\"https:\\\/\\\/www.pickchickbymec.com\\\/tienda\\\/\"},{\"@type\":\"ListItem\",\"position\":3,\"name\":\"Colgante acr\u00edlico para m\u00f3vil Badass Birbs, bolsa sorpresa (Pajaritos gamberros)\"}]},{\"@type\":\"WebSite\",\"@id\":\"https:\\\/\\\/www.pickchickbymec.com\\\/#website\",\"url\":\"https:\\\/\\\/www.pickchickbymec.com\\\/\",\"name\":\"Pick\u00b7Chick by Mec\",\"description\":\"kawaii illustrator and artisan\",\"publisher\":{\"@id\":\"https:\\\/\\\/www.pickchickbymec.com\\\/#\\\/schema\\\/person\\\/189a1cea9c7f6704595062aabbbb38fe\"},\"potentialAction\":[{\"@type\":\"SearchAction\",\"target\":{\"@type\":\"EntryPoint\",\"urlTemplate\":\"https:\\\/\\\/www.pickchickbymec.com\\\/?s={search_term_string}\"},\"query-input\":{\"@type\":\"PropertyValueSpecification\",\"valueRequired\":true,\"valueName\":\"search_term_string\"}}],\"inLanguage\":\"en-GB\"},{\"@type\":[\"Person\",\"Organization\"],\"@id\":\"https:\\\/\\\/www.pickchickbymec.com\\\/#\\\/schema\\\/person\\\/189a1cea9c7f6704595062aabbbb38fe\",\"name\":\"pickchickbymec\",\"image\":{\"@type\":\"ImageObject\",\"inLanguage\":\"en-GB\",\"@id\":\"https:\\\/\\\/secure.gravatar.com\\\/avatar\\\/0c13b11690ce1ad38e031b40cac436947d766b2585e3e81250e6cf60b0a3b61f?s=96&d=mm&r=g\",\"url\":\"https:\\\/\\\/secure.gravatar.com\\\/avatar\\\/0c13b11690ce1ad38e031b40cac436947d766b2585e3e81250e6cf60b0a3b61f?s=96&d=mm&r=g\",\"contentUrl\":\"https:\\\/\\\/secure.gravatar.com\\\/avatar\\\/0c13b11690ce1ad38e031b40cac436947d766b2585e3e81250e6cf60b0a3b61f?s=96&d=mm&r=g\",\"caption\":\"pickchickbymec\"},\"logo\":{\"@id\":\"https:\\\/\\\/secure.gravatar.com\\\/avatar\\\/0c13b11690ce1ad38e031b40cac436947d766b2585e3e81250e6cf60b0a3b61f?s=96&d=mm&r=g\"}}]}<\/script>\n<!-- \/ Yoast SEO plugin. -->","yoast_head_json":{"title":"Colgante para m\u00f3vil pajaritos gamberros bolsa sorpresa - Pick\u00b7Chick by Mec","description":"Bolsa sorpresa con un colgante para m\u00f3vil de pajaritos y una tarjeta coleccionable. Hay 8 modelos distintos, todos inspirados en palomas.","robots":{"index":"index","follow":"follow","max-snippet":"max-snippet:-1","max-image-preview":"max-image-preview:large","max-video-preview":"max-video-preview:-1"},"canonical":"https:\/\/www.pickchickbymec.com\/en\/product\/colgante-acrilico-para-movil-badass-birbs-pajaritos-bolsa-sorpresa\/","og_locale":"en_GB","og_type":"article","og_title":"Colgante para m\u00f3vil pajaritos gamberros bolsa sorpresa - Pick\u00b7Chick by Mec","og_description":"Bolsa sorpresa con un colgante para m\u00f3vil de pajaritos y una tarjeta coleccionable. Hay 8 modelos distintos, todos inspirados en palomas.","og_url":"https:\/\/www.pickchickbymec.com\/en\/product\/colgante-acrilico-para-movil-badass-birbs-pajaritos-bolsa-sorpresa\/","og_site_name":"Pick\u00b7Chick by Mec","article_modified_time":"2025-12-22T12:02:14+00:00","og_image":[{"width":926,"height":1000,"url":"https:\/\/www.pickchickbymec.com\/wp-content\/uploads\/2025\/09\/surprise-birbs3.jpg","type":"image\/jpeg"}],"twitter_card":"summary_large_image","twitter_misc":{"Estimated reading time":"2 minutes"},"schema":{"@context":"https:\/\/schema.org","@graph":[{"@type":"WebPage","@id":"https:\/\/www.pickchickbymec.com\/producto\/colgante-acrilico-para-movil-badass-birbs-pajaritos-bolsa-sorpresa\/","url":"https:\/\/www.pickchickbymec.com\/producto\/colgante-acrilico-para-movil-badass-birbs-pajaritos-bolsa-sorpresa\/","name":"Colgante para m\u00f3vil pajaritos gamberros bolsa sorpresa - Pick\u00b7Chick by Mec","isPartOf":{"@id":"https:\/\/www.pickchickbymec.com\/#website"},"primaryImageOfPage":{"@id":"https:\/\/www.pickchickbymec.com\/producto\/colgante-acrilico-para-movil-badass-birbs-pajaritos-bolsa-sorpresa\/#primaryimage"},"image":{"@id":"https:\/\/www.pickchickbymec.com\/producto\/colgante-acrilico-para-movil-badass-birbs-pajaritos-bolsa-sorpresa\/#primaryimage"},"thumbnailUrl":"https:\/\/www.pickchickbymec.com\/wp-content\/uploads\/2025\/09\/surprise-birbs3.jpg","datePublished":"2025-09-01T12:02:34+00:00","dateModified":"2025-12-22T12:02:14+00:00","description":"Bolsa sorpresa con un colgante para m\u00f3vil de pajaritos y una tarjeta coleccionable. Hay 8 modelos distintos, todos inspirados en palomas.","breadcrumb":{"@id":"https:\/\/www.pickchickbymec.com\/producto\/colgante-acrilico-para-movil-badass-birbs-pajaritos-bolsa-sorpresa\/#breadcrumb"},"inLanguage":"en-GB","potentialAction":[{"@type":"ReadAction","target":["https:\/\/www.pickchickbymec.com\/producto\/colgante-acrilico-para-movil-badass-birbs-pajaritos-bolsa-sorpresa\/"]}]},{"@type":"ImageObject","inLanguage":"en-GB","@id":"https:\/\/www.pickchickbymec.com\/producto\/colgante-acrilico-para-movil-badass-birbs-pajaritos-bolsa-sorpresa\/#primaryimage","url":"https:\/\/www.pickchickbymec.com\/wp-content\/uploads\/2025\/09\/surprise-birbs3.jpg","contentUrl":"https:\/\/www.pickchickbymec.com\/wp-content\/uploads\/2025\/09\/surprise-birbs3.jpg","width":926,"height":1000,"caption":"colgante m\u00f3vil pajaritos gamberros"},{"@type":"BreadcrumbList","@id":"https:\/\/www.pickchickbymec.com\/producto\/colgante-acrilico-para-movil-badass-birbs-pajaritos-bolsa-sorpresa\/#breadcrumb","itemListElement":[{"@type":"ListItem","position":1,"name":"Portada","item":"https:\/\/www.pickchickbymec.com\/"},{"@type":"ListItem","position":2,"name":"Tienda","item":"https:\/\/www.pickchickbymec.com\/tienda\/"},{"@type":"ListItem","position":3,"name":"Colgante acr\u00edlico para m\u00f3vil Badass Birbs, bolsa sorpresa (Pajaritos gamberros)"}]},{"@type":"WebSite","@id":"https:\/\/www.pickchickbymec.com\/#website","url":"https:\/\/www.pickchickbymec.com\/","name":"Pick-Chick by Mec","description":"kawaii illustrator and artisan","publisher":{"@id":"https:\/\/www.pickchickbymec.com\/#\/schema\/person\/189a1cea9c7f6704595062aabbbb38fe"},"potentialAction":[{"@type":"SearchAction","target":{"@type":"EntryPoint","urlTemplate":"https:\/\/www.pickchickbymec.com\/?s={search_term_string}"},"query-input":{"@type":"PropertyValueSpecification","valueRequired":true,"valueName":"search_term_string"}}],"inLanguage":"en-GB"},{"@type":["Person","Organization"],"@id":"https:\/\/www.pickchickbymec.com\/#\/schema\/person\/189a1cea9c7f6704595062aabbbb38fe","name":"pickchickbymec","image":{"@type":"ImageObject","inLanguage":"en-GB","@id":"https:\/\/secure.gravatar.com\/avatar\/0c13b11690ce1ad38e031b40cac436947d766b2585e3e81250e6cf60b0a3b61f?s=96&d=mm&r=g","url":"https:\/\/secure.gravatar.com\/avatar\/0c13b11690ce1ad38e031b40cac436947d766b2585e3e81250e6cf60b0a3b61f?s=96&d=mm&r=g","contentUrl":"https:\/\/secure.gravatar.com\/avatar\/0c13b11690ce1ad38e031b40cac436947d766b2585e3e81250e6cf60b0a3b61f?s=96&d=mm&r=g","caption":"pickchickbymec"},"logo":{"@id":"https:\/\/secure.gravatar.com\/avatar\/0c13b11690ce1ad38e031b40cac436947d766b2585e3e81250e6cf60b0a3b61f?s=96&d=mm&r=g"}}]}},"jetpack-related-posts":[],"jetpack_sharing_enabled":true,"_links":{"self":[{"href":"https:\/\/www.pickchickbymec.com\/en\/wp-json\/wp\/v2\/product\/8726","targetHints":{"allow":["GET"]}}],"collection":[{"href":"https:\/\/www.pickchickbymec.com\/en\/wp-json\/wp\/v2\/product"}],"about":[{"href":"https:\/\/www.pickchickbymec.com\/en\/wp-json\/wp\/v2\/types\/product"}],"replies":[{"embeddable":true,"href":"https:\/\/www.pickchickbymec.com\/en\/wp-json\/wp\/v2\/comments?post=8726"}],"wp:featuredmedia":[{"embeddable":true,"href":"https:\/\/www.pickchickbymec.com\/en\/wp-json\/wp\/v2\/media\/8729"}],"wp:attachment":[{"href":"https:\/\/www.pickchickbymec.com\/en\/wp-json\/wp\/v2\/media?parent=8726"}],"wp:term":[{"taxonomy":"product_brand","embeddable":true,"href":"https:\/\/www.pickchickbymec.com\/en\/wp-json\/wp\/v2\/product_brand?post=8726"},{"taxonomy":"product_cat","embeddable":true,"href":"https:\/\/www.pickchickbymec.com\/en\/wp-json\/wp\/v2\/product_cat?post=8726"},{"taxonomy":"product_tag","embeddable":true,"href":"https:\/\/www.pickchickbymec.com\/en\/wp-json\/wp\/v2\/product_tag?post=8726"}],"curies":[{"name":"wp","href":"https:\/\/api.w.org\/{rel}","templated":true}]}}