{"id":8733,"date":"2025-09-01T14:13:51","date_gmt":"2025-09-01T12:13:51","guid":{"rendered":"https:\/\/www.pickchickbymec.com\/?post_type=product&#038;p=8733"},"modified":"2025-12-29T17:21:51","modified_gmt":"2025-12-29T16:21:51","slug":"totebag-pollito-limon","status":"publish","type":"product","link":"https:\/\/www.pickchickbymec.com\/en\/product\/totebag-pollito-limon\/","title":{"rendered":"Totebag Lemon Chicken (handmade)"},"content":{"rendered":"<p>Totebag completamente cosida a mano con un estampado protagonizado por Pollito Lim\u00f3n. El estampado de este bolso est\u00e1 inspirado en uno de nuestros personajes originales m\u00e1s queridos combinado con flores del limonero. Las ilustraciones sin l\u00ednea en estilo kawaii en tonos c\u00e1lidos de Pollito Lim\u00f3n contrastadas con el fondo azul cielo de este estampado da como resultado unos productos llenos de vida y luminosidad. Son los complementos perfectos para el buen tiempo y dar un toque cuqui a tu look.\u00a0 Adem\u00e1s estas bolsas son especialmente resistentes y aguantan bastante peso, ya que llevan costura doble y remate en zigzag.<\/p>\n<p><strong>Totebag Pollito Lim\u00f3n. Especificaciones:<\/strong><\/p>\n<ul>\n<li>Parte delantera hecha con sarga impresa de buena calidad<\/li>\n<li>Parte trasera y asas hechas en loneta<\/li>\n<li>Doble costura + punto zigzag<\/li>\n<li>Medidas bolsa: 34 x 40 cm<\/li>\n<li>Largo del asa: 70 cm<\/li>\n<li>HECHA A MANO<\/li>\n<\/ul>\n<p>Este producto se env\u00eda por correo certificado con n\u00famero de seguimiento.<\/p>\n<p><span style=\"font-weight: 400;\">Echa un vistazo al resto de <a href=\"https:\/\/www.pickchickbymec.com\/en\/product-tag\/pollito-limon\/\">productos inspirados en Pollito Lim\u00f3n<\/a> que hay en mi tienda y ahorra al combinar los env\u00edos pidiendo m\u00e1s de un producto. <\/span><\/p>\n<p><span style=\"font-weight: 400;\">Si quieres enterarte de todas las novedades y ver fotos del proceso de los nuevos productos s\u00edgueme en <a href=\"https:\/\/twitter.com\/pickchickbymec\">Twitter<\/a> e <a href=\"https:\/\/www.instagram.com\/pickchickbymec\/\">Instagram<\/a>.<\/span><\/p>","protected":false},"excerpt":{"rendered":"<p>Totebag Pollito Lim\u00f3n<\/p>\n<p><strong>Medidas:<\/strong> 34 x 40 cm. Asas 70 cm largo.<\/p>","protected":false},"featured_media":8736,"comment_status":"open","ping_status":"closed","template":"","meta":{"_monsterinsights_skip_tracking":false,"_monsterinsights_sitenote_active":false,"_monsterinsights_sitenote_note":"","_monsterinsights_sitenote_category":0},"product_brand":[],"product_cat":[429],"product_tag":[482,513,304,368],"class_list":{"0":"post-8733","1":"product","2":"type-product","3":"status-publish","4":"has-post-thumbnail","6":"product_cat-textil","7":"product_tag-oc","8":"product_tag-personajes-originales","9":"product_tag-pollito-limon","10":"product_tag-totebag","11":"product_shipping_class-b-certificado-ligero","13":"first","14":"instock","15":"taxable","16":"shipping-taxable","17":"purchasable","18":"product-type-simple"},"yoast_head":"<!-- This site is optimized with the Yoast SEO plugin v27.4 - https:\/\/yoast.com\/product\/yoast-seo-wordpress\/ -->\n<title>Totebag Pollito Lim\u00f3n | Hecha a mano | Pick\u00b7Chick by Mec<\/title>\n<meta name=\"description\" content=\"Totebag con estampado inspirado en uno de nuestros personajes m\u00e1s populares, Pollito Lim\u00f3n. En tonos muy luminosos, hecha a mano y muy resistente.\" \/>\n<meta name=\"robots\" content=\"index, follow, max-snippet:-1, max-image-preview:large, max-video-preview:-1\" \/>\n<link rel=\"canonical\" href=\"https:\/\/www.pickchickbymec.com\/en\/product\/totebag-pollito-limon\/\" \/>\n<meta property=\"og:locale\" content=\"en_GB\" \/>\n<meta property=\"og:type\" content=\"article\" \/>\n<meta property=\"og:title\" content=\"Totebag Pollito Lim\u00f3n | Hecha a mano | Pick\u00b7Chick by Mec\" \/>\n<meta property=\"og:description\" content=\"Totebag con estampado inspirado en uno de nuestros personajes m\u00e1s populares, Pollito Lim\u00f3n. En tonos muy luminosos, hecha a mano y muy resistente.\" \/>\n<meta property=\"og:url\" content=\"https:\/\/www.pickchickbymec.com\/en\/product\/totebag-pollito-limon\/\" \/>\n<meta property=\"og:site_name\" content=\"Pick\u00b7Chick by Mec\" \/>\n<meta property=\"article:modified_time\" content=\"2025-12-29T16:21:51+00:00\" \/>\n<meta property=\"og:image\" content=\"https:\/\/www.pickchickbymec.com\/wp-content\/uploads\/2025\/09\/pl2.jpg\" \/>\n\t<meta property=\"og:image:width\" content=\"729\" \/>\n\t<meta property=\"og:image:height\" content=\"1000\" \/>\n\t<meta property=\"og:image:type\" content=\"image\/jpeg\" \/>\n<meta name=\"twitter:card\" content=\"summary_large_image\" \/>\n<meta name=\"twitter:label1\" content=\"Estimated reading time\" \/>\n\t<meta name=\"twitter:data1\" content=\"2 minutes\" \/>\n<script type=\"application\/ld+json\" class=\"yoast-schema-graph\">{\"@context\":\"https:\\\/\\\/schema.org\",\"@graph\":[{\"@type\":\"WebPage\",\"@id\":\"https:\\\/\\\/www.pickchickbymec.com\\\/producto\\\/totebag-pollito-limon\\\/\",\"url\":\"https:\\\/\\\/www.pickchickbymec.com\\\/producto\\\/totebag-pollito-limon\\\/\",\"name\":\"Totebag Pollito Lim\u00f3n | Hecha a mano | Pick\u00b7Chick by Mec\",\"isPartOf\":{\"@id\":\"https:\\\/\\\/www.pickchickbymec.com\\\/#website\"},\"primaryImageOfPage\":{\"@id\":\"https:\\\/\\\/www.pickchickbymec.com\\\/producto\\\/totebag-pollito-limon\\\/#primaryimage\"},\"image\":{\"@id\":\"https:\\\/\\\/www.pickchickbymec.com\\\/producto\\\/totebag-pollito-limon\\\/#primaryimage\"},\"thumbnailUrl\":\"https:\\\/\\\/www.pickchickbymec.com\\\/wp-content\\\/uploads\\\/2025\\\/09\\\/pl2.jpg\",\"datePublished\":\"2025-09-01T12:13:51+00:00\",\"dateModified\":\"2025-12-29T16:21:51+00:00\",\"description\":\"Totebag con estampado inspirado en uno de nuestros personajes m\u00e1s populares, Pollito Lim\u00f3n. En tonos muy luminosos, hecha a mano y muy resistente.\",\"breadcrumb\":{\"@id\":\"https:\\\/\\\/www.pickchickbymec.com\\\/producto\\\/totebag-pollito-limon\\\/#breadcrumb\"},\"inLanguage\":\"en-GB\",\"potentialAction\":[{\"@type\":\"ReadAction\",\"target\":[\"https:\\\/\\\/www.pickchickbymec.com\\\/producto\\\/totebag-pollito-limon\\\/\"]}]},{\"@type\":\"ImageObject\",\"inLanguage\":\"en-GB\",\"@id\":\"https:\\\/\\\/www.pickchickbymec.com\\\/producto\\\/totebag-pollito-limon\\\/#primaryimage\",\"url\":\"https:\\\/\\\/www.pickchickbymec.com\\\/wp-content\\\/uploads\\\/2025\\\/09\\\/pl2.jpg\",\"contentUrl\":\"https:\\\/\\\/www.pickchickbymec.com\\\/wp-content\\\/uploads\\\/2025\\\/09\\\/pl2.jpg\",\"width\":729,\"height\":1000,\"caption\":\"totebag pollito limon\"},{\"@type\":\"BreadcrumbList\",\"@id\":\"https:\\\/\\\/www.pickchickbymec.com\\\/producto\\\/totebag-pollito-limon\\\/#breadcrumb\",\"itemListElement\":[{\"@type\":\"ListItem\",\"position\":1,\"name\":\"Portada\",\"item\":\"https:\\\/\\\/www.pickchickbymec.com\\\/\"},{\"@type\":\"ListItem\",\"position\":2,\"name\":\"Tienda\",\"item\":\"https:\\\/\\\/www.pickchickbymec.com\\\/tienda\\\/\"},{\"@type\":\"ListItem\",\"position\":3,\"name\":\"Totebag Pollito Lim\u00f3n (hecho a mano)\"}]},{\"@type\":\"WebSite\",\"@id\":\"https:\\\/\\\/www.pickchickbymec.com\\\/#website\",\"url\":\"https:\\\/\\\/www.pickchickbymec.com\\\/\",\"name\":\"Pick\u00b7Chick by Mec\",\"description\":\"kawaii illustrator and artisan\",\"publisher\":{\"@id\":\"https:\\\/\\\/www.pickchickbymec.com\\\/#\\\/schema\\\/person\\\/189a1cea9c7f6704595062aabbbb38fe\"},\"potentialAction\":[{\"@type\":\"SearchAction\",\"target\":{\"@type\":\"EntryPoint\",\"urlTemplate\":\"https:\\\/\\\/www.pickchickbymec.com\\\/?s={search_term_string}\"},\"query-input\":{\"@type\":\"PropertyValueSpecification\",\"valueRequired\":true,\"valueName\":\"search_term_string\"}}],\"inLanguage\":\"en-GB\"},{\"@type\":[\"Person\",\"Organization\"],\"@id\":\"https:\\\/\\\/www.pickchickbymec.com\\\/#\\\/schema\\\/person\\\/189a1cea9c7f6704595062aabbbb38fe\",\"name\":\"pickchickbymec\",\"image\":{\"@type\":\"ImageObject\",\"inLanguage\":\"en-GB\",\"@id\":\"https:\\\/\\\/secure.gravatar.com\\\/avatar\\\/0c13b11690ce1ad38e031b40cac436947d766b2585e3e81250e6cf60b0a3b61f?s=96&d=mm&r=g\",\"url\":\"https:\\\/\\\/secure.gravatar.com\\\/avatar\\\/0c13b11690ce1ad38e031b40cac436947d766b2585e3e81250e6cf60b0a3b61f?s=96&d=mm&r=g\",\"contentUrl\":\"https:\\\/\\\/secure.gravatar.com\\\/avatar\\\/0c13b11690ce1ad38e031b40cac436947d766b2585e3e81250e6cf60b0a3b61f?s=96&d=mm&r=g\",\"caption\":\"pickchickbymec\"},\"logo\":{\"@id\":\"https:\\\/\\\/secure.gravatar.com\\\/avatar\\\/0c13b11690ce1ad38e031b40cac436947d766b2585e3e81250e6cf60b0a3b61f?s=96&d=mm&r=g\"}}]}<\/script>\n<!-- \/ Yoast SEO plugin. -->","yoast_head_json":{"title":"Totebag Pollito Lim\u00f3n | Hecha a mano | Pick\u00b7Chick by Mec","description":"Totebag con estampado inspirado en uno de nuestros personajes m\u00e1s populares, Pollito Lim\u00f3n. En tonos muy luminosos, hecha a mano y muy resistente.","robots":{"index":"index","follow":"follow","max-snippet":"max-snippet:-1","max-image-preview":"max-image-preview:large","max-video-preview":"max-video-preview:-1"},"canonical":"https:\/\/www.pickchickbymec.com\/en\/product\/totebag-pollito-limon\/","og_locale":"en_GB","og_type":"article","og_title":"Totebag Pollito Lim\u00f3n | Hecha a mano | Pick\u00b7Chick by Mec","og_description":"Totebag con estampado inspirado en uno de nuestros personajes m\u00e1s populares, Pollito Lim\u00f3n. En tonos muy luminosos, hecha a mano y muy resistente.","og_url":"https:\/\/www.pickchickbymec.com\/en\/product\/totebag-pollito-limon\/","og_site_name":"Pick\u00b7Chick by Mec","article_modified_time":"2025-12-29T16:21:51+00:00","og_image":[{"width":729,"height":1000,"url":"https:\/\/www.pickchickbymec.com\/wp-content\/uploads\/2025\/09\/pl2.jpg","type":"image\/jpeg"}],"twitter_card":"summary_large_image","twitter_misc":{"Estimated reading time":"2 minutes"},"schema":{"@context":"https:\/\/schema.org","@graph":[{"@type":"WebPage","@id":"https:\/\/www.pickchickbymec.com\/producto\/totebag-pollito-limon\/","url":"https:\/\/www.pickchickbymec.com\/producto\/totebag-pollito-limon\/","name":"Totebag Pollito Lim\u00f3n | Hecha a mano | Pick\u00b7Chick by Mec","isPartOf":{"@id":"https:\/\/www.pickchickbymec.com\/#website"},"primaryImageOfPage":{"@id":"https:\/\/www.pickchickbymec.com\/producto\/totebag-pollito-limon\/#primaryimage"},"image":{"@id":"https:\/\/www.pickchickbymec.com\/producto\/totebag-pollito-limon\/#primaryimage"},"thumbnailUrl":"https:\/\/www.pickchickbymec.com\/wp-content\/uploads\/2025\/09\/pl2.jpg","datePublished":"2025-09-01T12:13:51+00:00","dateModified":"2025-12-29T16:21:51+00:00","description":"Totebag con estampado inspirado en uno de nuestros personajes m\u00e1s populares, Pollito Lim\u00f3n. En tonos muy luminosos, hecha a mano y muy resistente.","breadcrumb":{"@id":"https:\/\/www.pickchickbymec.com\/producto\/totebag-pollito-limon\/#breadcrumb"},"inLanguage":"en-GB","potentialAction":[{"@type":"ReadAction","target":["https:\/\/www.pickchickbymec.com\/producto\/totebag-pollito-limon\/"]}]},{"@type":"ImageObject","inLanguage":"en-GB","@id":"https:\/\/www.pickchickbymec.com\/producto\/totebag-pollito-limon\/#primaryimage","url":"https:\/\/www.pickchickbymec.com\/wp-content\/uploads\/2025\/09\/pl2.jpg","contentUrl":"https:\/\/www.pickchickbymec.com\/wp-content\/uploads\/2025\/09\/pl2.jpg","width":729,"height":1000,"caption":"totebag pollito limon"},{"@type":"BreadcrumbList","@id":"https:\/\/www.pickchickbymec.com\/producto\/totebag-pollito-limon\/#breadcrumb","itemListElement":[{"@type":"ListItem","position":1,"name":"Portada","item":"https:\/\/www.pickchickbymec.com\/"},{"@type":"ListItem","position":2,"name":"Tienda","item":"https:\/\/www.pickchickbymec.com\/tienda\/"},{"@type":"ListItem","position":3,"name":"Totebag Pollito Lim\u00f3n (hecho a mano)"}]},{"@type":"WebSite","@id":"https:\/\/www.pickchickbymec.com\/#website","url":"https:\/\/www.pickchickbymec.com\/","name":"Pick-Chick by Mec","description":"kawaii illustrator and artisan","publisher":{"@id":"https:\/\/www.pickchickbymec.com\/#\/schema\/person\/189a1cea9c7f6704595062aabbbb38fe"},"potentialAction":[{"@type":"SearchAction","target":{"@type":"EntryPoint","urlTemplate":"https:\/\/www.pickchickbymec.com\/?s={search_term_string}"},"query-input":{"@type":"PropertyValueSpecification","valueRequired":true,"valueName":"search_term_string"}}],"inLanguage":"en-GB"},{"@type":["Person","Organization"],"@id":"https:\/\/www.pickchickbymec.com\/#\/schema\/person\/189a1cea9c7f6704595062aabbbb38fe","name":"pickchickbymec","image":{"@type":"ImageObject","inLanguage":"en-GB","@id":"https:\/\/secure.gravatar.com\/avatar\/0c13b11690ce1ad38e031b40cac436947d766b2585e3e81250e6cf60b0a3b61f?s=96&d=mm&r=g","url":"https:\/\/secure.gravatar.com\/avatar\/0c13b11690ce1ad38e031b40cac436947d766b2585e3e81250e6cf60b0a3b61f?s=96&d=mm&r=g","contentUrl":"https:\/\/secure.gravatar.com\/avatar\/0c13b11690ce1ad38e031b40cac436947d766b2585e3e81250e6cf60b0a3b61f?s=96&d=mm&r=g","caption":"pickchickbymec"},"logo":{"@id":"https:\/\/secure.gravatar.com\/avatar\/0c13b11690ce1ad38e031b40cac436947d766b2585e3e81250e6cf60b0a3b61f?s=96&d=mm&r=g"}}]}},"jetpack-related-posts":[],"jetpack_sharing_enabled":true,"_links":{"self":[{"href":"https:\/\/www.pickchickbymec.com\/en\/wp-json\/wp\/v2\/product\/8733","targetHints":{"allow":["GET"]}}],"collection":[{"href":"https:\/\/www.pickchickbymec.com\/en\/wp-json\/wp\/v2\/product"}],"about":[{"href":"https:\/\/www.pickchickbymec.com\/en\/wp-json\/wp\/v2\/types\/product"}],"replies":[{"embeddable":true,"href":"https:\/\/www.pickchickbymec.com\/en\/wp-json\/wp\/v2\/comments?post=8733"}],"wp:featuredmedia":[{"embeddable":true,"href":"https:\/\/www.pickchickbymec.com\/en\/wp-json\/wp\/v2\/media\/8736"}],"wp:attachment":[{"href":"https:\/\/www.pickchickbymec.com\/en\/wp-json\/wp\/v2\/media?parent=8733"}],"wp:term":[{"taxonomy":"product_brand","embeddable":true,"href":"https:\/\/www.pickchickbymec.com\/en\/wp-json\/wp\/v2\/product_brand?post=8733"},{"taxonomy":"product_cat","embeddable":true,"href":"https:\/\/www.pickchickbymec.com\/en\/wp-json\/wp\/v2\/product_cat?post=8733"},{"taxonomy":"product_tag","embeddable":true,"href":"https:\/\/www.pickchickbymec.com\/en\/wp-json\/wp\/v2\/product_tag?post=8733"}],"curies":[{"name":"wp","href":"https:\/\/api.w.org\/{rel}","templated":true}]}}