{"id":8734,"date":"2025-09-01T14:13:53","date_gmt":"2025-09-01T12:13:53","guid":{"rendered":"https:\/\/www.pickchickbymec.com\/?post_type=product&#038;p=8734"},"modified":"2025-12-29T17:21:44","modified_gmt":"2025-12-29T16:21:44","slug":"monedero-de-tela-pollito-limon-hecho-a-mano-copia","status":"publish","type":"product","link":"https:\/\/www.pickchickbymec.com\/en\/product\/monedero-de-tela-pollito-limon-hecho-a-mano-copia\/","title":{"rendered":"Chicken Lemon Chick fabric purse (handmade)"},"content":{"rendered":"<p>Monedero de estilo kawaii cosido completamente a mano y con un dise\u00f1o inspirado en Pollito Lim\u00f3n, uno de nuestros personajes m\u00e1s populares. Las ilustraciones sin l\u00ednea en estilo kawaii en tonos c\u00e1lidos de Pollito Lim\u00f3n contrastadas con el fondo azul cielo de este estampado da como resultado unos productos llenos de vida y luminosidad. El tama\u00f1o de estos monederos es ideal para llevar encima el suelto, apenas abultan y caben las tarjetas y bonos de transporte sin problemas. Est\u00e1 completamente cosido a mano por mi, en tela de sarga gordita, suave y resistente, e impresi\u00f3n de gran calidad, con colores brillantes y contornos bien definidos.<\/p>\n<p><strong>Monedero de tela Pollito Lim\u00f3n. Especificaciones:<\/strong><\/p>\n<ul>\n<li>Medidas: 11 x 8 cm<\/li>\n<li>Tela de sarga impresa<\/li>\n<li>Remate en punto zigzag<\/li>\n<li>Cierre de cremallera<\/li>\n<li>HECHA A MANO<\/li>\n<\/ul>\n<p>Este producto se env\u00eda por correo certificado con n\u00famero de seguimiento.<\/p>\n<p><span style=\"font-weight: 400;\">Echa un vistazo al resto de<a href=\"https:\/\/www.pickchickbymec.com\/en\/product-tag\/pollito-limon\/\"> productos inspirados en Pollito Lim\u00f3n<\/a> que hay en mi tienda y ahorra al combinar los env\u00edos pidiendo m\u00e1s de un producto. <\/span><\/p>\n<p><span style=\"font-weight: 400;\">Si quieres enterarte de todas las novedades y ver fotos del proceso de los nuevos productos s\u00edgueme en <a href=\"https:\/\/twitter.com\/pickchickbymec\">Twitter<\/a> e <a href=\"https:\/\/www.instagram.com\/pickchickbymec\/\">Instagram<\/a>.<\/span><\/p>","protected":false},"excerpt":{"rendered":"<p>Monedero de tela con cierre de cremallera cosido a mano.<\/p>\n<p>Estampado exclusivo inspirado en Pollito Lim\u00f3n.<\/p>","protected":false},"featured_media":8740,"comment_status":"open","ping_status":"closed","template":"","meta":{"_monsterinsights_skip_tracking":false,"_monsterinsights_sitenote_active":false,"_monsterinsights_sitenote_note":"","_monsterinsights_sitenote_category":0},"product_brand":[],"product_cat":[429],"product_tag":[361,482,513,304],"class_list":{"0":"post-8734","1":"product","2":"type-product","3":"status-publish","4":"has-post-thumbnail","6":"product_cat-textil","7":"product_tag-monedero","8":"product_tag-oc","9":"product_tag-personajes-originales","10":"product_tag-pollito-limon","11":"product_shipping_class-b-certificado-ligero","13":"first","14":"instock","15":"taxable","16":"shipping-taxable","17":"purchasable","18":"product-type-simple"},"yoast_head":"<!-- This site is optimized with the Yoast SEO plugin v27.4 - https:\/\/yoast.com\/product\/yoast-seo-wordpress\/ -->\n<title>Monedero hecho a mano Pollito Lim\u00f3n | Pick\u00b7Chick by Mec<\/title>\n<meta name=\"description\" content=\"Monedero hecho a mano con cierre de cremallera y con dise\u00f1o exclusivo inspirado en mi personaje Pollito Lim\u00f3n y las flores del limonero.\" \/>\n<meta name=\"robots\" content=\"index, follow, max-snippet:-1, max-image-preview:large, max-video-preview:-1\" \/>\n<link rel=\"canonical\" href=\"https:\/\/www.pickchickbymec.com\/en\/product\/monedero-de-tela-pollito-limon-hecho-a-mano-copia\/\" \/>\n<meta property=\"og:locale\" content=\"en_GB\" \/>\n<meta property=\"og:type\" content=\"article\" \/>\n<meta property=\"og:title\" content=\"Monedero hecho a mano Pollito Lim\u00f3n | Pick\u00b7Chick by Mec\" \/>\n<meta property=\"og:description\" content=\"Monedero hecho a mano con cierre de cremallera y con dise\u00f1o exclusivo inspirado en mi personaje Pollito Lim\u00f3n y las flores del limonero.\" \/>\n<meta property=\"og:url\" content=\"https:\/\/www.pickchickbymec.com\/en\/product\/monedero-de-tela-pollito-limon-hecho-a-mano-copia\/\" \/>\n<meta property=\"og:site_name\" content=\"Pick\u00b7Chick by Mec\" \/>\n<meta property=\"article:modified_time\" content=\"2025-12-29T16:21:44+00:00\" \/>\n<meta property=\"og:image\" content=\"https:\/\/www.pickchickbymec.com\/wp-content\/uploads\/2025\/09\/pl1.jpg\" \/>\n\t<meta property=\"og:image:width\" content=\"1000\" \/>\n\t<meta property=\"og:image:height\" content=\"749\" \/>\n\t<meta property=\"og:image:type\" content=\"image\/jpeg\" \/>\n<meta name=\"twitter:card\" content=\"summary_large_image\" \/>\n<meta name=\"twitter:label1\" content=\"Estimated reading time\" \/>\n\t<meta name=\"twitter:data1\" content=\"2 minutes\" \/>\n<script type=\"application\/ld+json\" class=\"yoast-schema-graph\">{\"@context\":\"https:\\\/\\\/schema.org\",\"@graph\":[{\"@type\":\"WebPage\",\"@id\":\"https:\\\/\\\/www.pickchickbymec.com\\\/producto\\\/monedero-de-tela-pollito-limon-hecho-a-mano-copia\\\/\",\"url\":\"https:\\\/\\\/www.pickchickbymec.com\\\/producto\\\/monedero-de-tela-pollito-limon-hecho-a-mano-copia\\\/\",\"name\":\"Monedero hecho a mano Pollito Lim\u00f3n | Pick\u00b7Chick by Mec\",\"isPartOf\":{\"@id\":\"https:\\\/\\\/www.pickchickbymec.com\\\/#website\"},\"primaryImageOfPage\":{\"@id\":\"https:\\\/\\\/www.pickchickbymec.com\\\/producto\\\/monedero-de-tela-pollito-limon-hecho-a-mano-copia\\\/#primaryimage\"},\"image\":{\"@id\":\"https:\\\/\\\/www.pickchickbymec.com\\\/producto\\\/monedero-de-tela-pollito-limon-hecho-a-mano-copia\\\/#primaryimage\"},\"thumbnailUrl\":\"https:\\\/\\\/www.pickchickbymec.com\\\/wp-content\\\/uploads\\\/2025\\\/09\\\/pl1.jpg\",\"datePublished\":\"2025-09-01T12:13:53+00:00\",\"dateModified\":\"2025-12-29T16:21:44+00:00\",\"description\":\"Monedero hecho a mano con cierre de cremallera y con dise\u00f1o exclusivo inspirado en mi personaje Pollito Lim\u00f3n y las flores del limonero.\",\"breadcrumb\":{\"@id\":\"https:\\\/\\\/www.pickchickbymec.com\\\/producto\\\/monedero-de-tela-pollito-limon-hecho-a-mano-copia\\\/#breadcrumb\"},\"inLanguage\":\"en-GB\",\"potentialAction\":[{\"@type\":\"ReadAction\",\"target\":[\"https:\\\/\\\/www.pickchickbymec.com\\\/producto\\\/monedero-de-tela-pollito-limon-hecho-a-mano-copia\\\/\"]}]},{\"@type\":\"ImageObject\",\"inLanguage\":\"en-GB\",\"@id\":\"https:\\\/\\\/www.pickchickbymec.com\\\/producto\\\/monedero-de-tela-pollito-limon-hecho-a-mano-copia\\\/#primaryimage\",\"url\":\"https:\\\/\\\/www.pickchickbymec.com\\\/wp-content\\\/uploads\\\/2025\\\/09\\\/pl1.jpg\",\"contentUrl\":\"https:\\\/\\\/www.pickchickbymec.com\\\/wp-content\\\/uploads\\\/2025\\\/09\\\/pl1.jpg\",\"width\":1000,\"height\":749,\"caption\":\"monedero pollito limon hecho a mano\"},{\"@type\":\"BreadcrumbList\",\"@id\":\"https:\\\/\\\/www.pickchickbymec.com\\\/producto\\\/monedero-de-tela-pollito-limon-hecho-a-mano-copia\\\/#breadcrumb\",\"itemListElement\":[{\"@type\":\"ListItem\",\"position\":1,\"name\":\"Portada\",\"item\":\"https:\\\/\\\/www.pickchickbymec.com\\\/\"},{\"@type\":\"ListItem\",\"position\":2,\"name\":\"Tienda\",\"item\":\"https:\\\/\\\/www.pickchickbymec.com\\\/tienda\\\/\"},{\"@type\":\"ListItem\",\"position\":3,\"name\":\"Monedero de tela Pollito Lim\u00f3n (hecho a mano)\"}]},{\"@type\":\"WebSite\",\"@id\":\"https:\\\/\\\/www.pickchickbymec.com\\\/#website\",\"url\":\"https:\\\/\\\/www.pickchickbymec.com\\\/\",\"name\":\"Pick\u00b7Chick by Mec\",\"description\":\"kawaii illustrator and artisan\",\"publisher\":{\"@id\":\"https:\\\/\\\/www.pickchickbymec.com\\\/#\\\/schema\\\/person\\\/189a1cea9c7f6704595062aabbbb38fe\"},\"potentialAction\":[{\"@type\":\"SearchAction\",\"target\":{\"@type\":\"EntryPoint\",\"urlTemplate\":\"https:\\\/\\\/www.pickchickbymec.com\\\/?s={search_term_string}\"},\"query-input\":{\"@type\":\"PropertyValueSpecification\",\"valueRequired\":true,\"valueName\":\"search_term_string\"}}],\"inLanguage\":\"en-GB\"},{\"@type\":[\"Person\",\"Organization\"],\"@id\":\"https:\\\/\\\/www.pickchickbymec.com\\\/#\\\/schema\\\/person\\\/189a1cea9c7f6704595062aabbbb38fe\",\"name\":\"pickchickbymec\",\"image\":{\"@type\":\"ImageObject\",\"inLanguage\":\"en-GB\",\"@id\":\"https:\\\/\\\/secure.gravatar.com\\\/avatar\\\/0c13b11690ce1ad38e031b40cac436947d766b2585e3e81250e6cf60b0a3b61f?s=96&d=mm&r=g\",\"url\":\"https:\\\/\\\/secure.gravatar.com\\\/avatar\\\/0c13b11690ce1ad38e031b40cac436947d766b2585e3e81250e6cf60b0a3b61f?s=96&d=mm&r=g\",\"contentUrl\":\"https:\\\/\\\/secure.gravatar.com\\\/avatar\\\/0c13b11690ce1ad38e031b40cac436947d766b2585e3e81250e6cf60b0a3b61f?s=96&d=mm&r=g\",\"caption\":\"pickchickbymec\"},\"logo\":{\"@id\":\"https:\\\/\\\/secure.gravatar.com\\\/avatar\\\/0c13b11690ce1ad38e031b40cac436947d766b2585e3e81250e6cf60b0a3b61f?s=96&d=mm&r=g\"}}]}<\/script>\n<!-- \/ Yoast SEO plugin. -->","yoast_head_json":{"title":"Monedero hecho a mano Pollito Lim\u00f3n | Pick\u00b7Chick by Mec","description":"Monedero hecho a mano con cierre de cremallera y con dise\u00f1o exclusivo inspirado en mi personaje Pollito Lim\u00f3n y las flores del limonero.","robots":{"index":"index","follow":"follow","max-snippet":"max-snippet:-1","max-image-preview":"max-image-preview:large","max-video-preview":"max-video-preview:-1"},"canonical":"https:\/\/www.pickchickbymec.com\/en\/product\/monedero-de-tela-pollito-limon-hecho-a-mano-copia\/","og_locale":"en_GB","og_type":"article","og_title":"Monedero hecho a mano Pollito Lim\u00f3n | Pick\u00b7Chick by Mec","og_description":"Monedero hecho a mano con cierre de cremallera y con dise\u00f1o exclusivo inspirado en mi personaje Pollito Lim\u00f3n y las flores del limonero.","og_url":"https:\/\/www.pickchickbymec.com\/en\/product\/monedero-de-tela-pollito-limon-hecho-a-mano-copia\/","og_site_name":"Pick\u00b7Chick by Mec","article_modified_time":"2025-12-29T16:21:44+00:00","og_image":[{"width":1000,"height":749,"url":"https:\/\/www.pickchickbymec.com\/wp-content\/uploads\/2025\/09\/pl1.jpg","type":"image\/jpeg"}],"twitter_card":"summary_large_image","twitter_misc":{"Estimated reading time":"2 minutes"},"schema":{"@context":"https:\/\/schema.org","@graph":[{"@type":"WebPage","@id":"https:\/\/www.pickchickbymec.com\/producto\/monedero-de-tela-pollito-limon-hecho-a-mano-copia\/","url":"https:\/\/www.pickchickbymec.com\/producto\/monedero-de-tela-pollito-limon-hecho-a-mano-copia\/","name":"Monedero hecho a mano Pollito Lim\u00f3n | Pick\u00b7Chick by Mec","isPartOf":{"@id":"https:\/\/www.pickchickbymec.com\/#website"},"primaryImageOfPage":{"@id":"https:\/\/www.pickchickbymec.com\/producto\/monedero-de-tela-pollito-limon-hecho-a-mano-copia\/#primaryimage"},"image":{"@id":"https:\/\/www.pickchickbymec.com\/producto\/monedero-de-tela-pollito-limon-hecho-a-mano-copia\/#primaryimage"},"thumbnailUrl":"https:\/\/www.pickchickbymec.com\/wp-content\/uploads\/2025\/09\/pl1.jpg","datePublished":"2025-09-01T12:13:53+00:00","dateModified":"2025-12-29T16:21:44+00:00","description":"Monedero hecho a mano con cierre de cremallera y con dise\u00f1o exclusivo inspirado en mi personaje Pollito Lim\u00f3n y las flores del limonero.","breadcrumb":{"@id":"https:\/\/www.pickchickbymec.com\/producto\/monedero-de-tela-pollito-limon-hecho-a-mano-copia\/#breadcrumb"},"inLanguage":"en-GB","potentialAction":[{"@type":"ReadAction","target":["https:\/\/www.pickchickbymec.com\/producto\/monedero-de-tela-pollito-limon-hecho-a-mano-copia\/"]}]},{"@type":"ImageObject","inLanguage":"en-GB","@id":"https:\/\/www.pickchickbymec.com\/producto\/monedero-de-tela-pollito-limon-hecho-a-mano-copia\/#primaryimage","url":"https:\/\/www.pickchickbymec.com\/wp-content\/uploads\/2025\/09\/pl1.jpg","contentUrl":"https:\/\/www.pickchickbymec.com\/wp-content\/uploads\/2025\/09\/pl1.jpg","width":1000,"height":749,"caption":"monedero pollito limon hecho a mano"},{"@type":"BreadcrumbList","@id":"https:\/\/www.pickchickbymec.com\/producto\/monedero-de-tela-pollito-limon-hecho-a-mano-copia\/#breadcrumb","itemListElement":[{"@type":"ListItem","position":1,"name":"Portada","item":"https:\/\/www.pickchickbymec.com\/"},{"@type":"ListItem","position":2,"name":"Tienda","item":"https:\/\/www.pickchickbymec.com\/tienda\/"},{"@type":"ListItem","position":3,"name":"Monedero de tela Pollito Lim\u00f3n (hecho a mano)"}]},{"@type":"WebSite","@id":"https:\/\/www.pickchickbymec.com\/#website","url":"https:\/\/www.pickchickbymec.com\/","name":"Pick-Chick by Mec","description":"kawaii illustrator and artisan","publisher":{"@id":"https:\/\/www.pickchickbymec.com\/#\/schema\/person\/189a1cea9c7f6704595062aabbbb38fe"},"potentialAction":[{"@type":"SearchAction","target":{"@type":"EntryPoint","urlTemplate":"https:\/\/www.pickchickbymec.com\/?s={search_term_string}"},"query-input":{"@type":"PropertyValueSpecification","valueRequired":true,"valueName":"search_term_string"}}],"inLanguage":"en-GB"},{"@type":["Person","Organization"],"@id":"https:\/\/www.pickchickbymec.com\/#\/schema\/person\/189a1cea9c7f6704595062aabbbb38fe","name":"pickchickbymec","image":{"@type":"ImageObject","inLanguage":"en-GB","@id":"https:\/\/secure.gravatar.com\/avatar\/0c13b11690ce1ad38e031b40cac436947d766b2585e3e81250e6cf60b0a3b61f?s=96&d=mm&r=g","url":"https:\/\/secure.gravatar.com\/avatar\/0c13b11690ce1ad38e031b40cac436947d766b2585e3e81250e6cf60b0a3b61f?s=96&d=mm&r=g","contentUrl":"https:\/\/secure.gravatar.com\/avatar\/0c13b11690ce1ad38e031b40cac436947d766b2585e3e81250e6cf60b0a3b61f?s=96&d=mm&r=g","caption":"pickchickbymec"},"logo":{"@id":"https:\/\/secure.gravatar.com\/avatar\/0c13b11690ce1ad38e031b40cac436947d766b2585e3e81250e6cf60b0a3b61f?s=96&d=mm&r=g"}}]}},"jetpack-related-posts":[],"jetpack_sharing_enabled":true,"_links":{"self":[{"href":"https:\/\/www.pickchickbymec.com\/en\/wp-json\/wp\/v2\/product\/8734","targetHints":{"allow":["GET"]}}],"collection":[{"href":"https:\/\/www.pickchickbymec.com\/en\/wp-json\/wp\/v2\/product"}],"about":[{"href":"https:\/\/www.pickchickbymec.com\/en\/wp-json\/wp\/v2\/types\/product"}],"replies":[{"embeddable":true,"href":"https:\/\/www.pickchickbymec.com\/en\/wp-json\/wp\/v2\/comments?post=8734"}],"wp:featuredmedia":[{"embeddable":true,"href":"https:\/\/www.pickchickbymec.com\/en\/wp-json\/wp\/v2\/media\/8740"}],"wp:attachment":[{"href":"https:\/\/www.pickchickbymec.com\/en\/wp-json\/wp\/v2\/media?parent=8734"}],"wp:term":[{"taxonomy":"product_brand","embeddable":true,"href":"https:\/\/www.pickchickbymec.com\/en\/wp-json\/wp\/v2\/product_brand?post=8734"},{"taxonomy":"product_cat","embeddable":true,"href":"https:\/\/www.pickchickbymec.com\/en\/wp-json\/wp\/v2\/product_cat?post=8734"},{"taxonomy":"product_tag","embeddable":true,"href":"https:\/\/www.pickchickbymec.com\/en\/wp-json\/wp\/v2\/product_tag?post=8734"}],"curies":[{"name":"wp","href":"https:\/\/api.w.org\/{rel}","templated":true}]}}