{"id":8778,"date":"2025-09-01T16:28:24","date_gmt":"2025-09-01T14:28:24","guid":{"rendered":"https:\/\/www.pickchickbymec.com\/?post_type=product&#038;p=8778"},"modified":"2025-12-29T17:21:19","modified_gmt":"2025-12-29T16:21:19","slug":"monedero-con-forma-gato-alien","status":"publish","type":"product","link":"https:\/\/www.pickchickbymec.com\/en\/product\/monedero-con-forma-gato-alien\/","title":{"rendered":"Alien Cat Coin Purse"},"content":{"rendered":"<p>Monedero cosido completamente a mano y con dise\u00f1o inspirado en un gato alien pilotando su platillo volante. Estos monederitos en tono pastel son s\u00faper adorables, y reflejan a la perfecci\u00f3n el car\u00e1cter estramb\u00f3tico que tienen algunos michis. La c\u00fapula es de pl\u00e1stico fino transparente y el gatito tiene un dise\u00f1o distinto por delante y detr\u00e1s. Lo chulo de este tipo de monederos es que puedes llevarlos colgados y lucirlos fuera del bolso o mochila gracias a su mosquet\u00f3n (el cual tambi\u00e9n facilita ponerlos y quitarlos de los sitios de forma f\u00e1cil y r\u00e1pida). No hace falta que guardes en ellos dinero, puedes usarlos para medicinas, el bono de transporte o cualquier cosa peque\u00f1a que necesites llevar especialmente a mano en cualquier momento. La parte de monedero funcional es la del platillo, que es igual por ambas caras, pero por detr\u00e1s lleva una etiqueta de madera con nuestro logo. De la cremallera cuelga una estrellita plateada. Hay tres modelos diferentes.<\/p>\n<p><strong>Monedero de tela Gato alien. Especificaciones:<\/strong><\/p>\n<ul>\n<li>Medidas: 13 x 7 cm de alto el platillo (14 cm de alto con la c\u00fapula)<\/li>\n<li>Tela de sarga impresa<\/li>\n<li>Remate interior en punto zigzag<\/li>\n<li>Cierre de cremallera<\/li>\n<li>Mosquet\u00f3n de pl\u00e1stico azul<\/li>\n<li>Distinto dise\u00f1o del gato por delante y por detr\u00e1s<\/li>\n<li>HECHA A MANO<\/li>\n<li>Hay 3 modelos distintos, se venden por separado.<\/li>\n<\/ul>\n<p>Este producto se env\u00eda por correo certificado con n\u00famero de seguimiento.<\/p>\n<p><span style=\"font-weight: 400;\">Echa un vistazo al<a href=\"https:\/\/www.pickchickbymec.com\/en\/tienda\/\"> resto de productos<\/a> que hay en mi tienda y ahorra al combinar los env\u00edos pidiendo m\u00e1s de un producto. <\/span><\/p>\n<p><span style=\"font-weight: 400;\">Si quieres enterarte de todas las novedades y ver fotos del proceso de los nuevos productos s\u00edgueme en <a href=\"https:\/\/twitter.com\/pickchickbymec\">Twitter<\/a> e <a href=\"https:\/\/www.instagram.com\/pickchickbymec\/\">Instagram<\/a>.<\/span><\/p>","protected":false},"excerpt":{"rendered":"<p>Monedero de tela con forma de gato alien<\/p>","protected":false},"featured_media":8782,"comment_status":"open","ping_status":"closed","template":"","meta":{"_monsterinsights_skip_tracking":false,"_monsterinsights_sitenote_active":false,"_monsterinsights_sitenote_note":"","_monsterinsights_sitenote_category":0},"product_brand":[],"product_cat":[429],"product_tag":[322,305,361,482],"class_list":{"0":"post-8778","1":"product","2":"type-product","3":"status-publish","4":"has-post-thumbnail","6":"product_cat-textil","7":"product_tag-alien-fat-cats","8":"product_tag-fat-cat","9":"product_tag-monedero","10":"product_tag-oc","11":"product_shipping_class-b-certificado-ligero","13":"first","14":"instock","15":"taxable","16":"shipping-taxable","17":"purchasable","18":"product-type-variable"},"yoast_head":"<!-- This site is optimized with the Yoast SEO plugin v27.4 - https:\/\/yoast.com\/product\/yoast-seo-wordpress\/ -->\n<title>Monedero gato alien hecho a mano | Pick\u00b7Chick by Mec<\/title>\n<meta name=\"description\" content=\"Monedero de con forma de gato alien subido en su platillo volante. En estilo kawaii, se puede llevar colgado de la mochila gracias a su mosquet\u00f3n.\" \/>\n<meta name=\"robots\" content=\"index, follow, max-snippet:-1, max-image-preview:large, max-video-preview:-1\" \/>\n<link rel=\"canonical\" href=\"https:\/\/www.pickchickbymec.com\/en\/product\/monedero-con-forma-gato-alien\/\" \/>\n<meta property=\"og:locale\" content=\"en_GB\" \/>\n<meta property=\"og:type\" content=\"article\" \/>\n<meta property=\"og:title\" content=\"Monedero gato alien hecho a mano | Pick\u00b7Chick by Mec\" \/>\n<meta property=\"og:description\" content=\"Monedero de con forma de gato alien subido en su platillo volante. En estilo kawaii, se puede llevar colgado de la mochila gracias a su mosquet\u00f3n.\" \/>\n<meta property=\"og:url\" content=\"https:\/\/www.pickchickbymec.com\/en\/product\/monedero-con-forma-gato-alien\/\" \/>\n<meta property=\"og:site_name\" content=\"Pick\u00b7Chick by Mec\" \/>\n<meta property=\"article:modified_time\" content=\"2025-12-29T16:21:19+00:00\" \/>\n<meta property=\"og:image\" content=\"https:\/\/www.pickchickbymec.com\/wp-content\/uploads\/2025\/09\/alien4.jpg\" \/>\n\t<meta property=\"og:image:width\" content=\"1000\" \/>\n\t<meta property=\"og:image:height\" content=\"970\" \/>\n\t<meta property=\"og:image:type\" content=\"image\/jpeg\" \/>\n<meta name=\"twitter:card\" content=\"summary_large_image\" \/>\n<meta name=\"twitter:label1\" content=\"Estimated reading time\" \/>\n\t<meta name=\"twitter:data1\" content=\"2 minutes\" \/>\n<script type=\"application\/ld+json\" class=\"yoast-schema-graph\">{\"@context\":\"https:\\\/\\\/schema.org\",\"@graph\":[{\"@type\":\"WebPage\",\"@id\":\"https:\\\/\\\/www.pickchickbymec.com\\\/producto\\\/monedero-con-forma-gato-alien\\\/\",\"url\":\"https:\\\/\\\/www.pickchickbymec.com\\\/producto\\\/monedero-con-forma-gato-alien\\\/\",\"name\":\"Monedero gato alien hecho a mano | Pick\u00b7Chick by Mec\",\"isPartOf\":{\"@id\":\"https:\\\/\\\/www.pickchickbymec.com\\\/#website\"},\"primaryImageOfPage\":{\"@id\":\"https:\\\/\\\/www.pickchickbymec.com\\\/producto\\\/monedero-con-forma-gato-alien\\\/#primaryimage\"},\"image\":{\"@id\":\"https:\\\/\\\/www.pickchickbymec.com\\\/producto\\\/monedero-con-forma-gato-alien\\\/#primaryimage\"},\"thumbnailUrl\":\"https:\\\/\\\/www.pickchickbymec.com\\\/wp-content\\\/uploads\\\/2025\\\/09\\\/alien4.jpg\",\"datePublished\":\"2025-09-01T14:28:24+00:00\",\"dateModified\":\"2025-12-29T16:21:19+00:00\",\"description\":\"Monedero de con forma de gato alien subido en su platillo volante. En estilo kawaii, se puede llevar colgado de la mochila gracias a su mosquet\u00f3n.\",\"breadcrumb\":{\"@id\":\"https:\\\/\\\/www.pickchickbymec.com\\\/producto\\\/monedero-con-forma-gato-alien\\\/#breadcrumb\"},\"inLanguage\":\"en-GB\",\"potentialAction\":[{\"@type\":\"ReadAction\",\"target\":[\"https:\\\/\\\/www.pickchickbymec.com\\\/producto\\\/monedero-con-forma-gato-alien\\\/\"]}]},{\"@type\":\"ImageObject\",\"inLanguage\":\"en-GB\",\"@id\":\"https:\\\/\\\/www.pickchickbymec.com\\\/producto\\\/monedero-con-forma-gato-alien\\\/#primaryimage\",\"url\":\"https:\\\/\\\/www.pickchickbymec.com\\\/wp-content\\\/uploads\\\/2025\\\/09\\\/alien4.jpg\",\"contentUrl\":\"https:\\\/\\\/www.pickchickbymec.com\\\/wp-content\\\/uploads\\\/2025\\\/09\\\/alien4.jpg\",\"width\":1000,\"height\":970,\"caption\":\"monedero gato alien hecho a mano kawaii\"},{\"@type\":\"BreadcrumbList\",\"@id\":\"https:\\\/\\\/www.pickchickbymec.com\\\/producto\\\/monedero-con-forma-gato-alien\\\/#breadcrumb\",\"itemListElement\":[{\"@type\":\"ListItem\",\"position\":1,\"name\":\"Portada\",\"item\":\"https:\\\/\\\/www.pickchickbymec.com\\\/\"},{\"@type\":\"ListItem\",\"position\":2,\"name\":\"Tienda\",\"item\":\"https:\\\/\\\/www.pickchickbymec.com\\\/tienda\\\/\"},{\"@type\":\"ListItem\",\"position\":3,\"name\":\"Monedero con forma Gato alien\"}]},{\"@type\":\"WebSite\",\"@id\":\"https:\\\/\\\/www.pickchickbymec.com\\\/#website\",\"url\":\"https:\\\/\\\/www.pickchickbymec.com\\\/\",\"name\":\"Pick\u00b7Chick by Mec\",\"description\":\"kawaii illustrator and artisan\",\"publisher\":{\"@id\":\"https:\\\/\\\/www.pickchickbymec.com\\\/#\\\/schema\\\/person\\\/189a1cea9c7f6704595062aabbbb38fe\"},\"potentialAction\":[{\"@type\":\"SearchAction\",\"target\":{\"@type\":\"EntryPoint\",\"urlTemplate\":\"https:\\\/\\\/www.pickchickbymec.com\\\/?s={search_term_string}\"},\"query-input\":{\"@type\":\"PropertyValueSpecification\",\"valueRequired\":true,\"valueName\":\"search_term_string\"}}],\"inLanguage\":\"en-GB\"},{\"@type\":[\"Person\",\"Organization\"],\"@id\":\"https:\\\/\\\/www.pickchickbymec.com\\\/#\\\/schema\\\/person\\\/189a1cea9c7f6704595062aabbbb38fe\",\"name\":\"pickchickbymec\",\"image\":{\"@type\":\"ImageObject\",\"inLanguage\":\"en-GB\",\"@id\":\"https:\\\/\\\/secure.gravatar.com\\\/avatar\\\/0c13b11690ce1ad38e031b40cac436947d766b2585e3e81250e6cf60b0a3b61f?s=96&d=mm&r=g\",\"url\":\"https:\\\/\\\/secure.gravatar.com\\\/avatar\\\/0c13b11690ce1ad38e031b40cac436947d766b2585e3e81250e6cf60b0a3b61f?s=96&d=mm&r=g\",\"contentUrl\":\"https:\\\/\\\/secure.gravatar.com\\\/avatar\\\/0c13b11690ce1ad38e031b40cac436947d766b2585e3e81250e6cf60b0a3b61f?s=96&d=mm&r=g\",\"caption\":\"pickchickbymec\"},\"logo\":{\"@id\":\"https:\\\/\\\/secure.gravatar.com\\\/avatar\\\/0c13b11690ce1ad38e031b40cac436947d766b2585e3e81250e6cf60b0a3b61f?s=96&d=mm&r=g\"}}]}<\/script>\n<!-- \/ Yoast SEO plugin. -->","yoast_head_json":{"title":"Monedero gato alien hecho a mano | Pick\u00b7Chick by Mec","description":"Monedero de con forma de gato alien subido en su platillo volante. En estilo kawaii, se puede llevar colgado de la mochila gracias a su mosquet\u00f3n.","robots":{"index":"index","follow":"follow","max-snippet":"max-snippet:-1","max-image-preview":"max-image-preview:large","max-video-preview":"max-video-preview:-1"},"canonical":"https:\/\/www.pickchickbymec.com\/en\/product\/monedero-con-forma-gato-alien\/","og_locale":"en_GB","og_type":"article","og_title":"Monedero gato alien hecho a mano | Pick\u00b7Chick by Mec","og_description":"Monedero de con forma de gato alien subido en su platillo volante. En estilo kawaii, se puede llevar colgado de la mochila gracias a su mosquet\u00f3n.","og_url":"https:\/\/www.pickchickbymec.com\/en\/product\/monedero-con-forma-gato-alien\/","og_site_name":"Pick\u00b7Chick by Mec","article_modified_time":"2025-12-29T16:21:19+00:00","og_image":[{"width":1000,"height":970,"url":"https:\/\/www.pickchickbymec.com\/wp-content\/uploads\/2025\/09\/alien4.jpg","type":"image\/jpeg"}],"twitter_card":"summary_large_image","twitter_misc":{"Estimated reading time":"2 minutes"},"schema":{"@context":"https:\/\/schema.org","@graph":[{"@type":"WebPage","@id":"https:\/\/www.pickchickbymec.com\/producto\/monedero-con-forma-gato-alien\/","url":"https:\/\/www.pickchickbymec.com\/producto\/monedero-con-forma-gato-alien\/","name":"Monedero gato alien hecho a mano | Pick\u00b7Chick by Mec","isPartOf":{"@id":"https:\/\/www.pickchickbymec.com\/#website"},"primaryImageOfPage":{"@id":"https:\/\/www.pickchickbymec.com\/producto\/monedero-con-forma-gato-alien\/#primaryimage"},"image":{"@id":"https:\/\/www.pickchickbymec.com\/producto\/monedero-con-forma-gato-alien\/#primaryimage"},"thumbnailUrl":"https:\/\/www.pickchickbymec.com\/wp-content\/uploads\/2025\/09\/alien4.jpg","datePublished":"2025-09-01T14:28:24+00:00","dateModified":"2025-12-29T16:21:19+00:00","description":"Monedero de con forma de gato alien subido en su platillo volante. En estilo kawaii, se puede llevar colgado de la mochila gracias a su mosquet\u00f3n.","breadcrumb":{"@id":"https:\/\/www.pickchickbymec.com\/producto\/monedero-con-forma-gato-alien\/#breadcrumb"},"inLanguage":"en-GB","potentialAction":[{"@type":"ReadAction","target":["https:\/\/www.pickchickbymec.com\/producto\/monedero-con-forma-gato-alien\/"]}]},{"@type":"ImageObject","inLanguage":"en-GB","@id":"https:\/\/www.pickchickbymec.com\/producto\/monedero-con-forma-gato-alien\/#primaryimage","url":"https:\/\/www.pickchickbymec.com\/wp-content\/uploads\/2025\/09\/alien4.jpg","contentUrl":"https:\/\/www.pickchickbymec.com\/wp-content\/uploads\/2025\/09\/alien4.jpg","width":1000,"height":970,"caption":"monedero gato alien hecho a mano kawaii"},{"@type":"BreadcrumbList","@id":"https:\/\/www.pickchickbymec.com\/producto\/monedero-con-forma-gato-alien\/#breadcrumb","itemListElement":[{"@type":"ListItem","position":1,"name":"Portada","item":"https:\/\/www.pickchickbymec.com\/"},{"@type":"ListItem","position":2,"name":"Tienda","item":"https:\/\/www.pickchickbymec.com\/tienda\/"},{"@type":"ListItem","position":3,"name":"Monedero con forma Gato alien"}]},{"@type":"WebSite","@id":"https:\/\/www.pickchickbymec.com\/#website","url":"https:\/\/www.pickchickbymec.com\/","name":"Pick-Chick by Mec","description":"kawaii illustrator and artisan","publisher":{"@id":"https:\/\/www.pickchickbymec.com\/#\/schema\/person\/189a1cea9c7f6704595062aabbbb38fe"},"potentialAction":[{"@type":"SearchAction","target":{"@type":"EntryPoint","urlTemplate":"https:\/\/www.pickchickbymec.com\/?s={search_term_string}"},"query-input":{"@type":"PropertyValueSpecification","valueRequired":true,"valueName":"search_term_string"}}],"inLanguage":"en-GB"},{"@type":["Person","Organization"],"@id":"https:\/\/www.pickchickbymec.com\/#\/schema\/person\/189a1cea9c7f6704595062aabbbb38fe","name":"pickchickbymec","image":{"@type":"ImageObject","inLanguage":"en-GB","@id":"https:\/\/secure.gravatar.com\/avatar\/0c13b11690ce1ad38e031b40cac436947d766b2585e3e81250e6cf60b0a3b61f?s=96&d=mm&r=g","url":"https:\/\/secure.gravatar.com\/avatar\/0c13b11690ce1ad38e031b40cac436947d766b2585e3e81250e6cf60b0a3b61f?s=96&d=mm&r=g","contentUrl":"https:\/\/secure.gravatar.com\/avatar\/0c13b11690ce1ad38e031b40cac436947d766b2585e3e81250e6cf60b0a3b61f?s=96&d=mm&r=g","caption":"pickchickbymec"},"logo":{"@id":"https:\/\/secure.gravatar.com\/avatar\/0c13b11690ce1ad38e031b40cac436947d766b2585e3e81250e6cf60b0a3b61f?s=96&d=mm&r=g"}}]}},"jetpack-related-posts":[],"jetpack_sharing_enabled":true,"_links":{"self":[{"href":"https:\/\/www.pickchickbymec.com\/en\/wp-json\/wp\/v2\/product\/8778","targetHints":{"allow":["GET"]}}],"collection":[{"href":"https:\/\/www.pickchickbymec.com\/en\/wp-json\/wp\/v2\/product"}],"about":[{"href":"https:\/\/www.pickchickbymec.com\/en\/wp-json\/wp\/v2\/types\/product"}],"replies":[{"embeddable":true,"href":"https:\/\/www.pickchickbymec.com\/en\/wp-json\/wp\/v2\/comments?post=8778"}],"wp:featuredmedia":[{"embeddable":true,"href":"https:\/\/www.pickchickbymec.com\/en\/wp-json\/wp\/v2\/media\/8782"}],"wp:attachment":[{"href":"https:\/\/www.pickchickbymec.com\/en\/wp-json\/wp\/v2\/media?parent=8778"}],"wp:term":[{"taxonomy":"product_brand","embeddable":true,"href":"https:\/\/www.pickchickbymec.com\/en\/wp-json\/wp\/v2\/product_brand?post=8778"},{"taxonomy":"product_cat","embeddable":true,"href":"https:\/\/www.pickchickbymec.com\/en\/wp-json\/wp\/v2\/product_cat?post=8778"},{"taxonomy":"product_tag","embeddable":true,"href":"https:\/\/www.pickchickbymec.com\/en\/wp-json\/wp\/v2\/product_tag?post=8778"}],"curies":[{"name":"wp","href":"https:\/\/api.w.org\/{rel}","templated":true}]}}