{"id":8966,"date":"2026-01-12T17:15:17","date_gmt":"2026-01-12T16:15:17","guid":{"rendered":"https:\/\/www.pickchickbymec.com\/?post_type=product&#038;p=8966"},"modified":"2026-01-12T17:26:58","modified_gmt":"2026-01-12T16:26:58","slug":"fanzine-cries-in-freelance-comic","status":"publish","type":"product","link":"https:\/\/www.pickchickbymec.com\/en\/product\/fanzine-cries-in-freelance-comic\/","title":{"rendered":"Fanzine Cries in freelance (c\u00f3mic autoeditado)"},"content":{"rendered":"<p><em>Cries in freelance<\/em> es un fanzine recopilatorio de las tiras c\u00f3micas que subo cada viernes a mis redes, y que narran el d\u00eda a d\u00eda de ser ilustradora freelance. A trav\u00e9s de un estilo sencillo pero muy expresivo podr\u00e1s descubrir lo bonito (y tambi\u00e9n lo no tan bonito) que esconde la pintoresca profesi\u00f3n de artista. Mucho drama, pero siempre con humor, podr\u00edamos considerar este fanzine como una segunda parte de mi anterior publicaci\u00f3n <a href=\"https:\/\/www.pickchickbymec.com\/en\/product\/fanzine-estoy-blandita-comic-autoeditado\/\"><em>Estoy Blandita<\/em><\/a>. Si te gustan las obras que tratan temas de salud mental con cierto toque de humor o si eres artista este c\u00f3mic te har\u00e1 pasar un muy buen rato.<\/p>\n<p><strong>Fanzine Estoy Blandita. Caracter\u00edsticas:<\/strong><\/p>\n<ul>\n<li>Encuaderaci\u00f3n con grapas<\/li>\n<li>Fomato din A5 (15 x 21 cm aprox.)<\/li>\n<li>Impreso a color<\/li>\n<li>Interior de 28 p\u00e1ginas.<\/li>\n<li>Puedes pedir que te lo dedique indic\u00e1ndolo con una nota al hacer el pedido.<\/li>\n<\/ul>\n<p>Este producto se env\u00eda por correo certificado con n\u00famero de seguimiento.<\/p>\n<p>Echa un vistazo a otros productos de<a href=\"https:\/\/www.pickchickbymec.com\/en\/tienda\/\"> mi tienda<\/a> y ahorra en los gastos de env\u00edo al pedir varios art\u00edculos a la vez.<\/p>\n<p>Puedes seguirme por <a href=\"https:\/\/bsky.app\/profile\/pickchickbymec.bsky.social\">Bluesky<\/a> e <a href=\"https:\/\/www.instagram.com\/pickchickbymec\">Instagram<\/a> para enterarte de todas las novedades, o seguir estas y otras tiras c\u00f3micas cada semana.<\/p>\n<p>&nbsp;<\/p>","protected":false},"excerpt":{"rendered":"<p>Fanzine Cries in freelance.<\/p>\n<p>28 p\u00e1ginas, formato din A5.<\/p>","protected":false},"featured_media":8967,"comment_status":"open","ping_status":"closed","template":"","meta":{"_monsterinsights_skip_tracking":false,"_monsterinsights_sitenote_active":false,"_monsterinsights_sitenote_note":"","_monsterinsights_sitenote_category":0},"product_brand":[],"product_cat":[302],"product_tag":[375,374,482],"class_list":{"0":"post-8966","1":"product","2":"type-product","3":"status-publish","4":"has-post-thumbnail","6":"product_cat-fanzine","7":"product_tag-comic","8":"product_tag-fanzine","9":"product_tag-oc","10":"product_shipping_class-documentos","12":"first","13":"instock","14":"taxable","15":"shipping-taxable","16":"purchasable","17":"product-type-simple"},"yoast_head":"<!-- This site is optimized with the Yoast SEO plugin v27.4 - https:\/\/yoast.com\/product\/yoast-seo-wordpress\/ -->\n<title>Fanzine Cries in freelance - c\u00f3mic autoeditado | Pick\u00b7Chick by Mec<\/title>\n<meta name=\"description\" content=\"Cries in freelance es un fanzine recopilatorio de las tiras c\u00f3micas que publico cada viernes en mis redes sociales, sobre la vida como artista freelance.\" \/>\n<meta name=\"robots\" content=\"index, follow, max-snippet:-1, max-image-preview:large, max-video-preview:-1\" \/>\n<link rel=\"canonical\" href=\"https:\/\/www.pickchickbymec.com\/en\/product\/fanzine-cries-in-freelance-comic\/\" \/>\n<meta property=\"og:locale\" content=\"en_GB\" \/>\n<meta property=\"og:type\" content=\"article\" \/>\n<meta property=\"og:title\" content=\"Fanzine Cries in freelance - c\u00f3mic autoeditado | Pick\u00b7Chick by Mec\" \/>\n<meta property=\"og:description\" content=\"Cries in freelance es un fanzine recopilatorio de las tiras c\u00f3micas que publico cada viernes en mis redes sociales, sobre la vida como artista freelance.\" \/>\n<meta property=\"og:url\" content=\"https:\/\/www.pickchickbymec.com\/en\/product\/fanzine-cries-in-freelance-comic\/\" \/>\n<meta property=\"og:site_name\" content=\"Pick\u00b7Chick by Mec\" \/>\n<meta property=\"article:modified_time\" content=\"2026-01-12T16:26:58+00:00\" \/>\n<meta property=\"og:image\" content=\"https:\/\/www.pickchickbymec.com\/wp-content\/uploads\/2026\/01\/cries-in4.jpg\" \/>\n\t<meta property=\"og:image:width\" content=\"941\" \/>\n\t<meta property=\"og:image:height\" content=\"1000\" \/>\n\t<meta property=\"og:image:type\" content=\"image\/jpeg\" \/>\n<meta name=\"twitter:card\" content=\"summary_large_image\" \/>\n<meta name=\"twitter:label1\" content=\"Estimated reading time\" \/>\n\t<meta name=\"twitter:data1\" content=\"2 minutes\" \/>\n<script type=\"application\/ld+json\" class=\"yoast-schema-graph\">{\"@context\":\"https:\\\/\\\/schema.org\",\"@graph\":[{\"@type\":\"WebPage\",\"@id\":\"https:\\\/\\\/www.pickchickbymec.com\\\/producto\\\/fanzine-cries-in-freelance-comic\\\/\",\"url\":\"https:\\\/\\\/www.pickchickbymec.com\\\/producto\\\/fanzine-cries-in-freelance-comic\\\/\",\"name\":\"Fanzine Cries in freelance - c\u00f3mic autoeditado | Pick\u00b7Chick by Mec\",\"isPartOf\":{\"@id\":\"https:\\\/\\\/www.pickchickbymec.com\\\/#website\"},\"primaryImageOfPage\":{\"@id\":\"https:\\\/\\\/www.pickchickbymec.com\\\/producto\\\/fanzine-cries-in-freelance-comic\\\/#primaryimage\"},\"image\":{\"@id\":\"https:\\\/\\\/www.pickchickbymec.com\\\/producto\\\/fanzine-cries-in-freelance-comic\\\/#primaryimage\"},\"thumbnailUrl\":\"https:\\\/\\\/www.pickchickbymec.com\\\/wp-content\\\/uploads\\\/2026\\\/01\\\/cries-in4.jpg\",\"datePublished\":\"2026-01-12T16:15:17+00:00\",\"dateModified\":\"2026-01-12T16:26:58+00:00\",\"description\":\"Cries in freelance es un fanzine recopilatorio de las tiras c\u00f3micas que publico cada viernes en mis redes sociales, sobre la vida como artista freelance.\",\"breadcrumb\":{\"@id\":\"https:\\\/\\\/www.pickchickbymec.com\\\/producto\\\/fanzine-cries-in-freelance-comic\\\/#breadcrumb\"},\"inLanguage\":\"en-GB\",\"potentialAction\":[{\"@type\":\"ReadAction\",\"target\":[\"https:\\\/\\\/www.pickchickbymec.com\\\/producto\\\/fanzine-cries-in-freelance-comic\\\/\"]}]},{\"@type\":\"ImageObject\",\"inLanguage\":\"en-GB\",\"@id\":\"https:\\\/\\\/www.pickchickbymec.com\\\/producto\\\/fanzine-cries-in-freelance-comic\\\/#primaryimage\",\"url\":\"https:\\\/\\\/www.pickchickbymec.com\\\/wp-content\\\/uploads\\\/2026\\\/01\\\/cries-in4.jpg\",\"contentUrl\":\"https:\\\/\\\/www.pickchickbymec.com\\\/wp-content\\\/uploads\\\/2026\\\/01\\\/cries-in4.jpg\",\"width\":941,\"height\":1000,\"caption\":\"Fanzine c\u00f3mic autoeditado humor cries in freelance\"},{\"@type\":\"BreadcrumbList\",\"@id\":\"https:\\\/\\\/www.pickchickbymec.com\\\/producto\\\/fanzine-cries-in-freelance-comic\\\/#breadcrumb\",\"itemListElement\":[{\"@type\":\"ListItem\",\"position\":1,\"name\":\"Portada\",\"item\":\"https:\\\/\\\/www.pickchickbymec.com\\\/\"},{\"@type\":\"ListItem\",\"position\":2,\"name\":\"Tienda\",\"item\":\"https:\\\/\\\/www.pickchickbymec.com\\\/tienda\\\/\"},{\"@type\":\"ListItem\",\"position\":3,\"name\":\"Fanzine Cries in freelance (c\u00f3mic autoeditado)\"}]},{\"@type\":\"WebSite\",\"@id\":\"https:\\\/\\\/www.pickchickbymec.com\\\/#website\",\"url\":\"https:\\\/\\\/www.pickchickbymec.com\\\/\",\"name\":\"Pick\u00b7Chick by Mec\",\"description\":\"kawaii illustrator and artisan\",\"publisher\":{\"@id\":\"https:\\\/\\\/www.pickchickbymec.com\\\/#\\\/schema\\\/person\\\/189a1cea9c7f6704595062aabbbb38fe\"},\"potentialAction\":[{\"@type\":\"SearchAction\",\"target\":{\"@type\":\"EntryPoint\",\"urlTemplate\":\"https:\\\/\\\/www.pickchickbymec.com\\\/?s={search_term_string}\"},\"query-input\":{\"@type\":\"PropertyValueSpecification\",\"valueRequired\":true,\"valueName\":\"search_term_string\"}}],\"inLanguage\":\"en-GB\"},{\"@type\":[\"Person\",\"Organization\"],\"@id\":\"https:\\\/\\\/www.pickchickbymec.com\\\/#\\\/schema\\\/person\\\/189a1cea9c7f6704595062aabbbb38fe\",\"name\":\"pickchickbymec\",\"image\":{\"@type\":\"ImageObject\",\"inLanguage\":\"en-GB\",\"@id\":\"https:\\\/\\\/secure.gravatar.com\\\/avatar\\\/0c13b11690ce1ad38e031b40cac436947d766b2585e3e81250e6cf60b0a3b61f?s=96&d=mm&r=g\",\"url\":\"https:\\\/\\\/secure.gravatar.com\\\/avatar\\\/0c13b11690ce1ad38e031b40cac436947d766b2585e3e81250e6cf60b0a3b61f?s=96&d=mm&r=g\",\"contentUrl\":\"https:\\\/\\\/secure.gravatar.com\\\/avatar\\\/0c13b11690ce1ad38e031b40cac436947d766b2585e3e81250e6cf60b0a3b61f?s=96&d=mm&r=g\",\"caption\":\"pickchickbymec\"},\"logo\":{\"@id\":\"https:\\\/\\\/secure.gravatar.com\\\/avatar\\\/0c13b11690ce1ad38e031b40cac436947d766b2585e3e81250e6cf60b0a3b61f?s=96&d=mm&r=g\"}}]}<\/script>\n<!-- \/ Yoast SEO plugin. -->","yoast_head_json":{"title":"Fanzine Cries in freelance - c\u00f3mic autoeditado | Pick\u00b7Chick by Mec","description":"Cries in freelance es un fanzine recopilatorio de las tiras c\u00f3micas que publico cada viernes en mis redes sociales, sobre la vida como artista freelance.","robots":{"index":"index","follow":"follow","max-snippet":"max-snippet:-1","max-image-preview":"max-image-preview:large","max-video-preview":"max-video-preview:-1"},"canonical":"https:\/\/www.pickchickbymec.com\/en\/product\/fanzine-cries-in-freelance-comic\/","og_locale":"en_GB","og_type":"article","og_title":"Fanzine Cries in freelance - c\u00f3mic autoeditado | Pick\u00b7Chick by Mec","og_description":"Cries in freelance es un fanzine recopilatorio de las tiras c\u00f3micas que publico cada viernes en mis redes sociales, sobre la vida como artista freelance.","og_url":"https:\/\/www.pickchickbymec.com\/en\/product\/fanzine-cries-in-freelance-comic\/","og_site_name":"Pick\u00b7Chick by Mec","article_modified_time":"2026-01-12T16:26:58+00:00","og_image":[{"width":941,"height":1000,"url":"https:\/\/www.pickchickbymec.com\/wp-content\/uploads\/2026\/01\/cries-in4.jpg","type":"image\/jpeg"}],"twitter_card":"summary_large_image","twitter_misc":{"Estimated reading time":"2 minutes"},"schema":{"@context":"https:\/\/schema.org","@graph":[{"@type":"WebPage","@id":"https:\/\/www.pickchickbymec.com\/producto\/fanzine-cries-in-freelance-comic\/","url":"https:\/\/www.pickchickbymec.com\/producto\/fanzine-cries-in-freelance-comic\/","name":"Fanzine Cries in freelance - c\u00f3mic autoeditado | Pick\u00b7Chick by Mec","isPartOf":{"@id":"https:\/\/www.pickchickbymec.com\/#website"},"primaryImageOfPage":{"@id":"https:\/\/www.pickchickbymec.com\/producto\/fanzine-cries-in-freelance-comic\/#primaryimage"},"image":{"@id":"https:\/\/www.pickchickbymec.com\/producto\/fanzine-cries-in-freelance-comic\/#primaryimage"},"thumbnailUrl":"https:\/\/www.pickchickbymec.com\/wp-content\/uploads\/2026\/01\/cries-in4.jpg","datePublished":"2026-01-12T16:15:17+00:00","dateModified":"2026-01-12T16:26:58+00:00","description":"Cries in freelance es un fanzine recopilatorio de las tiras c\u00f3micas que publico cada viernes en mis redes sociales, sobre la vida como artista freelance.","breadcrumb":{"@id":"https:\/\/www.pickchickbymec.com\/producto\/fanzine-cries-in-freelance-comic\/#breadcrumb"},"inLanguage":"en-GB","potentialAction":[{"@type":"ReadAction","target":["https:\/\/www.pickchickbymec.com\/producto\/fanzine-cries-in-freelance-comic\/"]}]},{"@type":"ImageObject","inLanguage":"en-GB","@id":"https:\/\/www.pickchickbymec.com\/producto\/fanzine-cries-in-freelance-comic\/#primaryimage","url":"https:\/\/www.pickchickbymec.com\/wp-content\/uploads\/2026\/01\/cries-in4.jpg","contentUrl":"https:\/\/www.pickchickbymec.com\/wp-content\/uploads\/2026\/01\/cries-in4.jpg","width":941,"height":1000,"caption":"Fanzine c\u00f3mic autoeditado humor cries in freelance"},{"@type":"BreadcrumbList","@id":"https:\/\/www.pickchickbymec.com\/producto\/fanzine-cries-in-freelance-comic\/#breadcrumb","itemListElement":[{"@type":"ListItem","position":1,"name":"Portada","item":"https:\/\/www.pickchickbymec.com\/"},{"@type":"ListItem","position":2,"name":"Tienda","item":"https:\/\/www.pickchickbymec.com\/tienda\/"},{"@type":"ListItem","position":3,"name":"Fanzine Cries in freelance (c\u00f3mic autoeditado)"}]},{"@type":"WebSite","@id":"https:\/\/www.pickchickbymec.com\/#website","url":"https:\/\/www.pickchickbymec.com\/","name":"Pick-Chick by Mec","description":"kawaii illustrator and artisan","publisher":{"@id":"https:\/\/www.pickchickbymec.com\/#\/schema\/person\/189a1cea9c7f6704595062aabbbb38fe"},"potentialAction":[{"@type":"SearchAction","target":{"@type":"EntryPoint","urlTemplate":"https:\/\/www.pickchickbymec.com\/?s={search_term_string}"},"query-input":{"@type":"PropertyValueSpecification","valueRequired":true,"valueName":"search_term_string"}}],"inLanguage":"en-GB"},{"@type":["Person","Organization"],"@id":"https:\/\/www.pickchickbymec.com\/#\/schema\/person\/189a1cea9c7f6704595062aabbbb38fe","name":"pickchickbymec","image":{"@type":"ImageObject","inLanguage":"en-GB","@id":"https:\/\/secure.gravatar.com\/avatar\/0c13b11690ce1ad38e031b40cac436947d766b2585e3e81250e6cf60b0a3b61f?s=96&d=mm&r=g","url":"https:\/\/secure.gravatar.com\/avatar\/0c13b11690ce1ad38e031b40cac436947d766b2585e3e81250e6cf60b0a3b61f?s=96&d=mm&r=g","contentUrl":"https:\/\/secure.gravatar.com\/avatar\/0c13b11690ce1ad38e031b40cac436947d766b2585e3e81250e6cf60b0a3b61f?s=96&d=mm&r=g","caption":"pickchickbymec"},"logo":{"@id":"https:\/\/secure.gravatar.com\/avatar\/0c13b11690ce1ad38e031b40cac436947d766b2585e3e81250e6cf60b0a3b61f?s=96&d=mm&r=g"}}]}},"jetpack-related-posts":[],"jetpack_sharing_enabled":true,"_links":{"self":[{"href":"https:\/\/www.pickchickbymec.com\/en\/wp-json\/wp\/v2\/product\/8966","targetHints":{"allow":["GET"]}}],"collection":[{"href":"https:\/\/www.pickchickbymec.com\/en\/wp-json\/wp\/v2\/product"}],"about":[{"href":"https:\/\/www.pickchickbymec.com\/en\/wp-json\/wp\/v2\/types\/product"}],"replies":[{"embeddable":true,"href":"https:\/\/www.pickchickbymec.com\/en\/wp-json\/wp\/v2\/comments?post=8966"}],"wp:featuredmedia":[{"embeddable":true,"href":"https:\/\/www.pickchickbymec.com\/en\/wp-json\/wp\/v2\/media\/8967"}],"wp:attachment":[{"href":"https:\/\/www.pickchickbymec.com\/en\/wp-json\/wp\/v2\/media?parent=8966"}],"wp:term":[{"taxonomy":"product_brand","embeddable":true,"href":"https:\/\/www.pickchickbymec.com\/en\/wp-json\/wp\/v2\/product_brand?post=8966"},{"taxonomy":"product_cat","embeddable":true,"href":"https:\/\/www.pickchickbymec.com\/en\/wp-json\/wp\/v2\/product_cat?post=8966"},{"taxonomy":"product_tag","embeddable":true,"href":"https:\/\/www.pickchickbymec.com\/en\/wp-json\/wp\/v2\/product_tag?post=8966"}],"curies":[{"name":"wp","href":"https:\/\/api.w.org\/{rel}","templated":true}]}}