{"id":8982,"date":"2026-01-12T17:41:56","date_gmt":"2026-01-12T16:41:56","guid":{"rendered":"https:\/\/www.pickchickbymec.com\/?post_type=product&#038;p=8982"},"modified":"2026-01-12T17:53:23","modified_gmt":"2026-01-12T16:53:23","slug":"marcapaginas-pollito-limon","status":"publish","type":"product","link":"https:\/\/www.pickchickbymec.com\/en\/product\/marcapaginas-pollito-limon\/","title":{"rendered":"Marcap\u00e1ginas Pollito Lim\u00f3n"},"content":{"rendered":"<p><span style=\"font-weight: 400;\">Deja que te acompa\u00f1emos en tus ratitos de lectura con este marcap\u00e1ginas inspirado en Pollito Lim\u00f3n, uno de nuestros personajes m\u00e1s queridos. Por un lado tenemos el dise\u00f1o principal de Pollito Lim\u00f3n rodeado de flores de limonero, y por el otro un alegre estampado que incluye a nuestro pajarito c\u00edtrico en distintas poses entre flores y p\u00e9talos. El marcap\u00e1ginas va adornado con una cinta de organza amarilla.<\/span><\/p>\n<p><strong>Marcap\u00e1ginas Pollito Lim\u00f3n. Especificaciones:<\/strong><\/p>\n<ul>\n<li><span style=\"font-weight: 400;\">Realizado en papel de 350gr.<\/span><\/li>\n<li><span style=\"font-weight: 400;\">Laminado antiara\u00f1azos para darle resistencia y darle un tacto m\u00e1s agradable<\/span><\/li>\n<li><span style=\"font-weight: 400;\">Acabado con una cinta decorativa<\/span><\/li>\n<li>Dise\u00f1o distinto por cada cara<\/li>\n<li>Medidas: 14 x 5 cm<\/li>\n<\/ul>\n<p><span style=\"font-weight: 400;\">Este producto se env\u00eda por correo certificado con n\u00famero de seguimiento.\u00a0<\/span><\/p>\n<p><span style=\"font-weight: 400;\">Echa un vistazo al resto de <a href=\"https:\/\/www.pickchickbymec.com\/en\/product-tag\/pollito-limon\/\">art\u00edculos inspirados en Pollito Lim\u00f3n<\/a>\u00a0que hay en mi tienda y combina varios productos en tu compra para ahorrar en los gastos de env\u00edo.<\/span><\/p>\n<p>Si quieres enterarte de todas las novedades y ver fotos del proceso de los nuevos productos s\u00edgueme en<a href=\"https:\/\/bsky.app\/profile\/pickchickbymec.bsky.social\"> Bluesky <\/a>e <a href=\"https:\/\/www.instagram.com\/pickchickbymec\/\">Instagram<\/a>.<\/p>","protected":false},"excerpt":{"rendered":"<p>Marcap\u00e1ginas Pollito Lim\u00f3n.<\/p>\n<p>Tama\u00f1o: 14 x 5 cm<\/p>","protected":false},"featured_media":8984,"comment_status":"open","ping_status":"closed","template":"","meta":{"_monsterinsights_skip_tracking":false,"_monsterinsights_sitenote_active":false,"_monsterinsights_sitenote_note":"","_monsterinsights_sitenote_category":0},"product_brand":[],"product_cat":[366],"product_tag":[395,482,304],"class_list":{"0":"post-8982","1":"product","2":"type-product","3":"status-publish","4":"has-post-thumbnail","6":"product_cat-papeleria","7":"product_tag-marcapaginas","8":"product_tag-oc","9":"product_tag-pollito-limon","10":"product_shipping_class-documentos","12":"first","13":"instock","14":"taxable","15":"shipping-taxable","16":"purchasable","17":"product-type-simple"},"yoast_head":"<!-- This site is optimized with the Yoast SEO plugin v27.4 - https:\/\/yoast.com\/product\/yoast-seo-wordpress\/ -->\n<title>Marcap\u00e1ginas Pollito Lim\u00f3n | Pick\u00b7Chick by Mec<\/title>\n<meta name=\"description\" content=\"Marcap\u00e1ginas con dise\u00f1o inspirado en nuestro popular personaje Pollito Lim\u00f3n. Dise\u00f1o muy veraniego y alegre, distinto por ambas caras y laminado.\" \/>\n<meta name=\"robots\" content=\"index, follow, max-snippet:-1, max-image-preview:large, max-video-preview:-1\" \/>\n<link rel=\"canonical\" href=\"https:\/\/www.pickchickbymec.com\/en\/product\/marcapaginas-pollito-limon\/\" \/>\n<meta property=\"og:locale\" content=\"en_GB\" \/>\n<meta property=\"og:type\" content=\"article\" \/>\n<meta property=\"og:title\" content=\"Marcap\u00e1ginas Pollito Lim\u00f3n | Pick\u00b7Chick by Mec\" \/>\n<meta property=\"og:description\" content=\"Marcap\u00e1ginas con dise\u00f1o inspirado en nuestro popular personaje Pollito Lim\u00f3n. Dise\u00f1o muy veraniego y alegre, distinto por ambas caras y laminado.\" \/>\n<meta property=\"og:url\" content=\"https:\/\/www.pickchickbymec.com\/en\/product\/marcapaginas-pollito-limon\/\" \/>\n<meta property=\"og:site_name\" content=\"Pick\u00b7Chick by Mec\" \/>\n<meta property=\"article:modified_time\" content=\"2026-01-12T16:53:23+00:00\" \/>\n<meta property=\"og:image\" content=\"https:\/\/www.pickchickbymec.com\/wp-content\/uploads\/2026\/01\/pollitolimon2.jpg\" \/>\n\t<meta property=\"og:image:width\" content=\"1000\" \/>\n\t<meta property=\"og:image:height\" content=\"757\" \/>\n\t<meta property=\"og:image:type\" content=\"image\/jpeg\" \/>\n<meta name=\"twitter:card\" content=\"summary_large_image\" \/>\n<meta name=\"twitter:label1\" content=\"Estimated reading time\" \/>\n\t<meta name=\"twitter:data1\" content=\"1 minute\" \/>\n<script type=\"application\/ld+json\" class=\"yoast-schema-graph\">{\"@context\":\"https:\\\/\\\/schema.org\",\"@graph\":[{\"@type\":\"WebPage\",\"@id\":\"https:\\\/\\\/www.pickchickbymec.com\\\/producto\\\/marcapaginas-pollito-limon\\\/\",\"url\":\"https:\\\/\\\/www.pickchickbymec.com\\\/producto\\\/marcapaginas-pollito-limon\\\/\",\"name\":\"Marcap\u00e1ginas Pollito Lim\u00f3n | Pick\u00b7Chick by Mec\",\"isPartOf\":{\"@id\":\"https:\\\/\\\/www.pickchickbymec.com\\\/#website\"},\"primaryImageOfPage\":{\"@id\":\"https:\\\/\\\/www.pickchickbymec.com\\\/producto\\\/marcapaginas-pollito-limon\\\/#primaryimage\"},\"image\":{\"@id\":\"https:\\\/\\\/www.pickchickbymec.com\\\/producto\\\/marcapaginas-pollito-limon\\\/#primaryimage\"},\"thumbnailUrl\":\"https:\\\/\\\/www.pickchickbymec.com\\\/wp-content\\\/uploads\\\/2026\\\/01\\\/pollitolimon2.jpg\",\"datePublished\":\"2026-01-12T16:41:56+00:00\",\"dateModified\":\"2026-01-12T16:53:23+00:00\",\"description\":\"Marcap\u00e1ginas con dise\u00f1o inspirado en nuestro popular personaje Pollito Lim\u00f3n. Dise\u00f1o muy veraniego y alegre, distinto por ambas caras y laminado.\",\"breadcrumb\":{\"@id\":\"https:\\\/\\\/www.pickchickbymec.com\\\/producto\\\/marcapaginas-pollito-limon\\\/#breadcrumb\"},\"inLanguage\":\"en-GB\",\"potentialAction\":[{\"@type\":\"ReadAction\",\"target\":[\"https:\\\/\\\/www.pickchickbymec.com\\\/producto\\\/marcapaginas-pollito-limon\\\/\"]}]},{\"@type\":\"ImageObject\",\"inLanguage\":\"en-GB\",\"@id\":\"https:\\\/\\\/www.pickchickbymec.com\\\/producto\\\/marcapaginas-pollito-limon\\\/#primaryimage\",\"url\":\"https:\\\/\\\/www.pickchickbymec.com\\\/wp-content\\\/uploads\\\/2026\\\/01\\\/pollitolimon2.jpg\",\"contentUrl\":\"https:\\\/\\\/www.pickchickbymec.com\\\/wp-content\\\/uploads\\\/2026\\\/01\\\/pollitolimon2.jpg\",\"width\":1000,\"height\":757,\"caption\":\"Marcap\u00e1ginas kawaii hecho a mano con estampado de Pollito Lim\u00f3n\"},{\"@type\":\"BreadcrumbList\",\"@id\":\"https:\\\/\\\/www.pickchickbymec.com\\\/producto\\\/marcapaginas-pollito-limon\\\/#breadcrumb\",\"itemListElement\":[{\"@type\":\"ListItem\",\"position\":1,\"name\":\"Portada\",\"item\":\"https:\\\/\\\/www.pickchickbymec.com\\\/\"},{\"@type\":\"ListItem\",\"position\":2,\"name\":\"Tienda\",\"item\":\"https:\\\/\\\/www.pickchickbymec.com\\\/tienda\\\/\"},{\"@type\":\"ListItem\",\"position\":3,\"name\":\"Marcap\u00e1ginas Pollito Lim\u00f3n\"}]},{\"@type\":\"WebSite\",\"@id\":\"https:\\\/\\\/www.pickchickbymec.com\\\/#website\",\"url\":\"https:\\\/\\\/www.pickchickbymec.com\\\/\",\"name\":\"Pick\u00b7Chick by Mec\",\"description\":\"kawaii illustrator and artisan\",\"publisher\":{\"@id\":\"https:\\\/\\\/www.pickchickbymec.com\\\/#\\\/schema\\\/person\\\/189a1cea9c7f6704595062aabbbb38fe\"},\"potentialAction\":[{\"@type\":\"SearchAction\",\"target\":{\"@type\":\"EntryPoint\",\"urlTemplate\":\"https:\\\/\\\/www.pickchickbymec.com\\\/?s={search_term_string}\"},\"query-input\":{\"@type\":\"PropertyValueSpecification\",\"valueRequired\":true,\"valueName\":\"search_term_string\"}}],\"inLanguage\":\"en-GB\"},{\"@type\":[\"Person\",\"Organization\"],\"@id\":\"https:\\\/\\\/www.pickchickbymec.com\\\/#\\\/schema\\\/person\\\/189a1cea9c7f6704595062aabbbb38fe\",\"name\":\"pickchickbymec\",\"image\":{\"@type\":\"ImageObject\",\"inLanguage\":\"en-GB\",\"@id\":\"https:\\\/\\\/secure.gravatar.com\\\/avatar\\\/0c13b11690ce1ad38e031b40cac436947d766b2585e3e81250e6cf60b0a3b61f?s=96&d=mm&r=g\",\"url\":\"https:\\\/\\\/secure.gravatar.com\\\/avatar\\\/0c13b11690ce1ad38e031b40cac436947d766b2585e3e81250e6cf60b0a3b61f?s=96&d=mm&r=g\",\"contentUrl\":\"https:\\\/\\\/secure.gravatar.com\\\/avatar\\\/0c13b11690ce1ad38e031b40cac436947d766b2585e3e81250e6cf60b0a3b61f?s=96&d=mm&r=g\",\"caption\":\"pickchickbymec\"},\"logo\":{\"@id\":\"https:\\\/\\\/secure.gravatar.com\\\/avatar\\\/0c13b11690ce1ad38e031b40cac436947d766b2585e3e81250e6cf60b0a3b61f?s=96&d=mm&r=g\"}}]}<\/script>\n<!-- \/ Yoast SEO plugin. -->","yoast_head_json":{"title":"Marcap\u00e1ginas Pollito Lim\u00f3n | Pick\u00b7Chick by Mec","description":"Marcap\u00e1ginas con dise\u00f1o inspirado en nuestro popular personaje Pollito Lim\u00f3n. Dise\u00f1o muy veraniego y alegre, distinto por ambas caras y laminado.","robots":{"index":"index","follow":"follow","max-snippet":"max-snippet:-1","max-image-preview":"max-image-preview:large","max-video-preview":"max-video-preview:-1"},"canonical":"https:\/\/www.pickchickbymec.com\/en\/product\/marcapaginas-pollito-limon\/","og_locale":"en_GB","og_type":"article","og_title":"Marcap\u00e1ginas Pollito Lim\u00f3n | Pick\u00b7Chick by Mec","og_description":"Marcap\u00e1ginas con dise\u00f1o inspirado en nuestro popular personaje Pollito Lim\u00f3n. Dise\u00f1o muy veraniego y alegre, distinto por ambas caras y laminado.","og_url":"https:\/\/www.pickchickbymec.com\/en\/product\/marcapaginas-pollito-limon\/","og_site_name":"Pick\u00b7Chick by Mec","article_modified_time":"2026-01-12T16:53:23+00:00","og_image":[{"width":1000,"height":757,"url":"https:\/\/www.pickchickbymec.com\/wp-content\/uploads\/2026\/01\/pollitolimon2.jpg","type":"image\/jpeg"}],"twitter_card":"summary_large_image","twitter_misc":{"Estimated reading time":"1 minute"},"schema":{"@context":"https:\/\/schema.org","@graph":[{"@type":"WebPage","@id":"https:\/\/www.pickchickbymec.com\/producto\/marcapaginas-pollito-limon\/","url":"https:\/\/www.pickchickbymec.com\/producto\/marcapaginas-pollito-limon\/","name":"Marcap\u00e1ginas Pollito Lim\u00f3n | Pick\u00b7Chick by Mec","isPartOf":{"@id":"https:\/\/www.pickchickbymec.com\/#website"},"primaryImageOfPage":{"@id":"https:\/\/www.pickchickbymec.com\/producto\/marcapaginas-pollito-limon\/#primaryimage"},"image":{"@id":"https:\/\/www.pickchickbymec.com\/producto\/marcapaginas-pollito-limon\/#primaryimage"},"thumbnailUrl":"https:\/\/www.pickchickbymec.com\/wp-content\/uploads\/2026\/01\/pollitolimon2.jpg","datePublished":"2026-01-12T16:41:56+00:00","dateModified":"2026-01-12T16:53:23+00:00","description":"Marcap\u00e1ginas con dise\u00f1o inspirado en nuestro popular personaje Pollito Lim\u00f3n. Dise\u00f1o muy veraniego y alegre, distinto por ambas caras y laminado.","breadcrumb":{"@id":"https:\/\/www.pickchickbymec.com\/producto\/marcapaginas-pollito-limon\/#breadcrumb"},"inLanguage":"en-GB","potentialAction":[{"@type":"ReadAction","target":["https:\/\/www.pickchickbymec.com\/producto\/marcapaginas-pollito-limon\/"]}]},{"@type":"ImageObject","inLanguage":"en-GB","@id":"https:\/\/www.pickchickbymec.com\/producto\/marcapaginas-pollito-limon\/#primaryimage","url":"https:\/\/www.pickchickbymec.com\/wp-content\/uploads\/2026\/01\/pollitolimon2.jpg","contentUrl":"https:\/\/www.pickchickbymec.com\/wp-content\/uploads\/2026\/01\/pollitolimon2.jpg","width":1000,"height":757,"caption":"Marcap\u00e1ginas kawaii hecho a mano con estampado de Pollito Lim\u00f3n"},{"@type":"BreadcrumbList","@id":"https:\/\/www.pickchickbymec.com\/producto\/marcapaginas-pollito-limon\/#breadcrumb","itemListElement":[{"@type":"ListItem","position":1,"name":"Portada","item":"https:\/\/www.pickchickbymec.com\/"},{"@type":"ListItem","position":2,"name":"Tienda","item":"https:\/\/www.pickchickbymec.com\/tienda\/"},{"@type":"ListItem","position":3,"name":"Marcap\u00e1ginas Pollito Lim\u00f3n"}]},{"@type":"WebSite","@id":"https:\/\/www.pickchickbymec.com\/#website","url":"https:\/\/www.pickchickbymec.com\/","name":"Pick-Chick by Mec","description":"kawaii illustrator and artisan","publisher":{"@id":"https:\/\/www.pickchickbymec.com\/#\/schema\/person\/189a1cea9c7f6704595062aabbbb38fe"},"potentialAction":[{"@type":"SearchAction","target":{"@type":"EntryPoint","urlTemplate":"https:\/\/www.pickchickbymec.com\/?s={search_term_string}"},"query-input":{"@type":"PropertyValueSpecification","valueRequired":true,"valueName":"search_term_string"}}],"inLanguage":"en-GB"},{"@type":["Person","Organization"],"@id":"https:\/\/www.pickchickbymec.com\/#\/schema\/person\/189a1cea9c7f6704595062aabbbb38fe","name":"pickchickbymec","image":{"@type":"ImageObject","inLanguage":"en-GB","@id":"https:\/\/secure.gravatar.com\/avatar\/0c13b11690ce1ad38e031b40cac436947d766b2585e3e81250e6cf60b0a3b61f?s=96&d=mm&r=g","url":"https:\/\/secure.gravatar.com\/avatar\/0c13b11690ce1ad38e031b40cac436947d766b2585e3e81250e6cf60b0a3b61f?s=96&d=mm&r=g","contentUrl":"https:\/\/secure.gravatar.com\/avatar\/0c13b11690ce1ad38e031b40cac436947d766b2585e3e81250e6cf60b0a3b61f?s=96&d=mm&r=g","caption":"pickchickbymec"},"logo":{"@id":"https:\/\/secure.gravatar.com\/avatar\/0c13b11690ce1ad38e031b40cac436947d766b2585e3e81250e6cf60b0a3b61f?s=96&d=mm&r=g"}}]}},"jetpack-related-posts":[],"jetpack_sharing_enabled":true,"_links":{"self":[{"href":"https:\/\/www.pickchickbymec.com\/en\/wp-json\/wp\/v2\/product\/8982","targetHints":{"allow":["GET"]}}],"collection":[{"href":"https:\/\/www.pickchickbymec.com\/en\/wp-json\/wp\/v2\/product"}],"about":[{"href":"https:\/\/www.pickchickbymec.com\/en\/wp-json\/wp\/v2\/types\/product"}],"replies":[{"embeddable":true,"href":"https:\/\/www.pickchickbymec.com\/en\/wp-json\/wp\/v2\/comments?post=8982"}],"wp:featuredmedia":[{"embeddable":true,"href":"https:\/\/www.pickchickbymec.com\/en\/wp-json\/wp\/v2\/media\/8984"}],"wp:attachment":[{"href":"https:\/\/www.pickchickbymec.com\/en\/wp-json\/wp\/v2\/media?parent=8982"}],"wp:term":[{"taxonomy":"product_brand","embeddable":true,"href":"https:\/\/www.pickchickbymec.com\/en\/wp-json\/wp\/v2\/product_brand?post=8982"},{"taxonomy":"product_cat","embeddable":true,"href":"https:\/\/www.pickchickbymec.com\/en\/wp-json\/wp\/v2\/product_cat?post=8982"},{"taxonomy":"product_tag","embeddable":true,"href":"https:\/\/www.pickchickbymec.com\/en\/wp-json\/wp\/v2\/product_tag?post=8982"}],"curies":[{"name":"wp","href":"https:\/\/api.w.org\/{rel}","templated":true}]}}